{"id":1296,"date":"2017-08-15T13:38:45","date_gmt":"2017-08-15T13:38:45","guid":{"rendered":"http:\/\/mcg.prearechin.ro\/?page_id=1296"},"modified":"2018-10-12T07:52:22","modified_gmt":"2018-10-12T07:52:22","slug":"despre-noi","status":"publish","type":"page","link":"https:\/\/www.mcgregorlegal.eu\/ro\/despre-noi\/","title":{"rendered":"Despre noi"},"content":{"rendered":"<span><span><a href=\"https:\/\/www.mcgregorlegal.eu\/ro\/\">Home<\/a><\/span><\/span>\n<h2>\n\t\t\u0423\u0441\u043b\u0443\u0433\u0438<br \/>\n\t<\/h2>\n<h1>\n\t\tSERVICII<br \/>\n\t<\/h1>\n<p>McGregor &amp; Partners este o firm\u0103 de avocatur\u0103 de tip boutique, specializat\u0103 pe tranzac\u021bii comerciale, format\u0103 din cinci parteneri care activeaz\u0103 \u00een partea de centru-sud\/ centru-est a Europei, av\u00e2nd birouri \u00een Bucure\u0219ti, Rom\u00e2nia \u0219i Sofia, Bulgaria.<\/p>\n<p>Firma este administrat\u0103 de avoca\u021bi experimenta\u021bi din Rom\u00e2nia si Bulgaria, condu\u0219i de un avocat din Marea Britanie cu \u0219aisprezece ani de experien\u021b\u0103 c\u00e2\u0219tiga\u021bi tr\u0103ind \u0219i activ\u00e2nd \u00een zon\u0103.<\/p>\n<p>Cultura noastr\u0103 de afaceri \u0219i standardele serviciilor reflect\u0103 originea noastr\u0103 ca birou-filial\u0103 a unei firme din Londra, primul nostru birou fiind deschis ca birou regional al firmei de avocatur\u0103 Sinclair Roche &amp; Temperley \u00een 1992.<\/p>\n<p>Partenerul nostru coordonator, Neil McGregor a fost primul avocat expat rezident \u00een cadrul acestui birou regional, care a devenit mai t\u00e2rziu parte a Stephenson Harwood \u00een urma unei fuziuni care a avut loc la Londra.<\/p>\n<p>In anul 2004 am devenit o firm\u0103 pe deplin independent\u0103 cu doi parteneri. Biroul nostru din Sofia a fost deschis \u00een anul 2006 sub administrarea celui de al treilea partener.<\/p>\n<p>Echipa noastr\u0103 este compus\u0103 acum din cinci parteneri, \u0219aisprezece avoca\u021bi \u0219i personal administrativ, inclusiv traduc\u0103tori autoriza\u021bi. McGregor &amp; Partners de\u021bine o polit\u0103 de asigurare profesional\u0103 important\u0103 iar solvabilitatea \u0219i eficien\u021ba acesteia este certificat\u0103 conform\u00a0 standardelor EN ISO 9001:2008.<\/p>\n","protected":false},"excerpt":{"rendered":"<p>\u0423\u0441\u043b\u0443\u0433\u0438 SERVICII McGregor &amp; Partners este o firm\u0103 de avocatur\u0103 de tip boutique, specializat\u0103 pe tranzac\u021bii comerciale, format\u0103 din cinci parteneri care activeaz\u0103 \u00een partea de centru-sud\/ centru-est a Europei, av\u00e2nd birouri \u00een Bucure\u0219ti, Rom\u00e2nia \u0219i Sofia, Bulgaria. Firma este administrat\u0103 de avoca\u021bi experimenta\u021bi din Rom\u00e2nia si Bulgaria, condu\u0219i de un avocat din Marea Britanie [&hellip;]<\/p>\n","protected":false},"author":1,"featured_media":0,"parent":0,"menu_order":0,"comment_status":"closed","ping_status":"closed","template":"","meta":{"_genesis_hide_title":false,"_genesis_hide_breadcrumbs":false,"_genesis_hide_singular_image":false,"_genesis_hide_footer_widgets":false,"_genesis_custom_body_class":"","_genesis_custom_post_class":"","_genesis_layout":"","footnotes":""},"coauthors":[],"class_list":{"0":"post-1296","1":"page","2":"type-page","3":"status-publish","5":"entry"},"yoast_head":"<!-- This site is optimized with the Yoast SEO plugin v24.2 - https:\/\/yoast.com\/wordpress\/plugins\/seo\/ -->\n<title>Despre noi - McGregor &amp; Partners Bucharest<\/title>\n<meta name=\"robots\" content=\"index, follow, max-snippet:-1, max-image-preview:large, max-video-preview:-1\" \/>\n<link rel=\"canonical\" href=\"https:\/\/www.mcgregorlegal.eu\/ro\/despre-noi\/\" \/>\n<meta property=\"og:locale\" content=\"ro_RO\" \/>\n<meta property=\"og:type\" content=\"article\" \/>\n<meta property=\"og:title\" content=\"Despre noi - McGregor &amp; Partners Bucharest\" \/>\n<meta property=\"og:description\" content=\"\u0423\u0441\u043b\u0443\u0433\u0438 SERVICII McGregor &amp; Partners este o firm\u0103 de avocatur\u0103 de tip boutique, specializat\u0103 pe tranzac\u021bii comerciale, format\u0103 din cinci parteneri care activeaz\u0103 \u00een partea de centru-sud\/ centru-est a Europei, av\u00e2nd birouri \u00een Bucure\u0219ti, Rom\u00e2nia \u0219i Sofia, Bulgaria. Firma este administrat\u0103 de avoca\u021bi experimenta\u021bi din Rom\u00e2nia si Bulgaria, condu\u0219i de un avocat din Marea Britanie [&hellip;]\" \/>\n<meta property=\"og:url\" content=\"https:\/\/www.mcgregorlegal.eu\/ro\/despre-noi\/\" \/>\n<meta property=\"og:site_name\" content=\"McGregor &amp; Partners Bucharest\" \/>\n<meta property=\"article:modified_time\" content=\"2018-10-12T07:52:22+00:00\" \/>\n<meta name=\"twitter:card\" content=\"summary_large_image\" \/>\n<meta name=\"twitter:label1\" content=\"Timp estimat pentru citire\" \/>\n\t<meta name=\"twitter:data1\" content=\"1 minut\" \/>\n\t<meta name=\"twitter:label2\" content=\"Written by\" \/>\n\t<meta name=\"twitter:data2\" content=\"felix\" \/>\n<script type=\"application\/ld+json\" class=\"yoast-schema-graph\">{\"@context\":\"https:\/\/schema.org\",\"@graph\":[{\"@type\":\"WebPage\",\"@id\":\"https:\/\/www.mcgregorlegal.eu\/ro\/despre-noi\/\",\"url\":\"https:\/\/www.mcgregorlegal.eu\/ro\/despre-noi\/\",\"name\":\"Despre noi - McGregor &amp; Partners Bucharest\",\"isPartOf\":{\"@id\":\"https:\/\/www.mcgregorlegal.eu\/ro\/#website\"},\"datePublished\":\"2017-08-15T13:38:45+00:00\",\"dateModified\":\"2018-10-12T07:52:22+00:00\",\"breadcrumb\":{\"@id\":\"https:\/\/www.mcgregorlegal.eu\/ro\/despre-noi\/#breadcrumb\"},\"inLanguage\":\"ro-RO\",\"potentialAction\":[{\"@type\":\"ReadAction\",\"target\":[\"https:\/\/www.mcgregorlegal.eu\/ro\/despre-noi\/\"]}]},{\"@type\":\"BreadcrumbList\",\"@id\":\"https:\/\/www.mcgregorlegal.eu\/ro\/despre-noi\/#breadcrumb\",\"itemListElement\":[{\"@type\":\"ListItem\",\"position\":1,\"name\":\"Home\",\"item\":\"https:\/\/www.mcgregorlegal.eu\/ro\/\"},{\"@type\":\"ListItem\",\"position\":2,\"name\":\"Despre noi\"}]},{\"@type\":\"WebSite\",\"@id\":\"https:\/\/www.mcgregorlegal.eu\/ro\/#website\",\"url\":\"https:\/\/www.mcgregorlegal.eu\/ro\/\",\"name\":\"McGregor &amp; Partners Bucharest\",\"description\":\"o firm\u0103 de avocatur\u0103 de tip boutique, specializat\u0103 pe tranzac\u021bii comerciale\",\"potentialAction\":[{\"@type\":\"SearchAction\",\"target\":{\"@type\":\"EntryPoint\",\"urlTemplate\":\"https:\/\/www.mcgregorlegal.eu\/ro\/?s={search_term_string}\"},\"query-input\":{\"@type\":\"PropertyValueSpecification\",\"valueRequired\":true,\"valueName\":\"search_term_string\"}}],\"inLanguage\":\"ro-RO\"}]}<\/script>\n<!-- \/ Yoast SEO plugin. -->","yoast_head_json":{"title":"Despre noi - McGregor &amp; Partners Bucharest","robots":{"index":"index","follow":"follow","max-snippet":"max-snippet:-1","max-image-preview":"max-image-preview:large","max-video-preview":"max-video-preview:-1"},"canonical":"https:\/\/www.mcgregorlegal.eu\/ro\/despre-noi\/","og_locale":"ro_RO","og_type":"article","og_title":"Despre noi - McGregor &amp; Partners Bucharest","og_description":"\u0423\u0441\u043b\u0443\u0433\u0438 SERVICII McGregor &amp; Partners este o firm\u0103 de avocatur\u0103 de tip boutique, specializat\u0103 pe tranzac\u021bii comerciale, format\u0103 din cinci parteneri care activeaz\u0103 \u00een partea de centru-sud\/ centru-est a Europei, av\u00e2nd birouri \u00een Bucure\u0219ti, Rom\u00e2nia \u0219i Sofia, Bulgaria. Firma este administrat\u0103 de avoca\u021bi experimenta\u021bi din Rom\u00e2nia si Bulgaria, condu\u0219i de un avocat din Marea Britanie [&hellip;]","og_url":"https:\/\/www.mcgregorlegal.eu\/ro\/despre-noi\/","og_site_name":"McGregor &amp; Partners Bucharest","article_modified_time":"2018-10-12T07:52:22+00:00","twitter_card":"summary_large_image","twitter_misc":{"Timp estimat pentru citire":"1 minut","Written by":"felix"},"schema":{"@context":"https:\/\/schema.org","@graph":[{"@type":"WebPage","@id":"https:\/\/www.mcgregorlegal.eu\/ro\/despre-noi\/","url":"https:\/\/www.mcgregorlegal.eu\/ro\/despre-noi\/","name":"Despre noi - McGregor &amp; Partners Bucharest","isPartOf":{"@id":"https:\/\/www.mcgregorlegal.eu\/ro\/#website"},"datePublished":"2017-08-15T13:38:45+00:00","dateModified":"2018-10-12T07:52:22+00:00","breadcrumb":{"@id":"https:\/\/www.mcgregorlegal.eu\/ro\/despre-noi\/#breadcrumb"},"inLanguage":"ro-RO","potentialAction":[{"@type":"ReadAction","target":["https:\/\/www.mcgregorlegal.eu\/ro\/despre-noi\/"]}]},{"@type":"BreadcrumbList","@id":"https:\/\/www.mcgregorlegal.eu\/ro\/despre-noi\/#breadcrumb","itemListElement":[{"@type":"ListItem","position":1,"name":"Home","item":"https:\/\/www.mcgregorlegal.eu\/ro\/"},{"@type":"ListItem","position":2,"name":"Despre noi"}]},{"@type":"WebSite","@id":"https:\/\/www.mcgregorlegal.eu\/ro\/#website","url":"https:\/\/www.mcgregorlegal.eu\/ro\/","name":"McGregor &amp; Partners Bucharest","description":"o firm\u0103 de avocatur\u0103 de tip boutique, specializat\u0103 pe tranzac\u021bii comerciale","potentialAction":[{"@type":"SearchAction","target":{"@type":"EntryPoint","urlTemplate":"https:\/\/www.mcgregorlegal.eu\/ro\/?s={search_term_string}"},"query-input":{"@type":"PropertyValueSpecification","valueRequired":true,"valueName":"search_term_string"}}],"inLanguage":"ro-RO"}]}},"_links":{"self":[{"href":"https:\/\/www.mcgregorlegal.eu\/ro\/wp-json\/wp\/v2\/pages\/1296","targetHints":{"allow":["GET"]}}],"collection":[{"href":"https:\/\/www.mcgregorlegal.eu\/ro\/wp-json\/wp\/v2\/pages"}],"about":[{"href":"https:\/\/www.mcgregorlegal.eu\/ro\/wp-json\/wp\/v2\/types\/page"}],"author":[{"embeddable":true,"href":"https:\/\/www.mcgregorlegal.eu\/ro\/wp-json\/wp\/v2\/users\/1"}],"replies":[{"embeddable":true,"href":"https:\/\/www.mcgregorlegal.eu\/ro\/wp-json\/wp\/v2\/comments?post=1296"}],"version-history":[{"count":1,"href":"https:\/\/www.mcgregorlegal.eu\/ro\/wp-json\/wp\/v2\/pages\/1296\/revisions"}],"predecessor-version":[{"id":2259,"href":"https:\/\/www.mcgregorlegal.eu\/ro\/wp-json\/wp\/v2\/pages\/1296\/revisions\/2259"}],"wp:attachment":[{"href":"https:\/\/www.mcgregorlegal.eu\/ro\/wp-json\/wp\/v2\/media?parent=1296"}],"wp:term":[{"taxonomy":"author","embeddable":true,"href":"https:\/\/www.mcgregorlegal.eu\/ro\/wp-json\/wp\/v2\/coauthors?post=1296"}],"curies":[{"name":"wp","href":"https:\/\/api.w.org\/{rel}","templated":true}]}}