{"id":1300,"date":"2017-08-15T13:39:14","date_gmt":"2017-08-15T13:39:14","guid":{"rendered":"http:\/\/mcg.prearechin.ro\/?page_id=1300"},"modified":"2018-10-12T07:39:26","modified_gmt":"2018-10-12T07:39:26","slug":"clienti","status":"publish","type":"page","link":"https:\/\/www.mcgregorlegal.eu\/ro\/clienti\/","title":{"rendered":"Clien\u021bii no\u0219tri"},"content":{"rendered":"<span><span><a href=\"https:\/\/www.mcgregorlegal.eu\/ro\/\">Home<\/a><\/span><\/span>\n<h2>\n\t\t\u0423\u0441\u043b\u0443\u0433\u0438<br \/>\n\t<\/h2>\n<p>Clien\u021bii no\u0219tri provin din multe \u021b\u0103ri \u0219i sectoare, dar \u00een principal sunt implica\u021bi \u00een domeniul afacerilor \u0219i al investi\u021biilor.<\/p>\n<p>Suntem cunoscu\u021bi \u00een mod special pentru consultan\u021ba acordat\u0103 clien\u021bilor no\u0219tri \u00een domeniul energiei, transporturilor navale, comercial \u0219i transporturi diverse. Cu toate acestea, baza noastr\u0103 de clien\u021bi s-a extins pentru a atinge multe alte sectoare, \u00een special capitaluri privat \u0219i dezvoltare de propriet\u0103\u021bi comerciale.<\/p>\n<p>\u00cen general nu ne identific\u0103m clien\u021bii dup\u0103 nume, de\u0219i vom face publice anumite tranzac\u021bii sau litigii pentru care clientul nostru ne d\u0103 acordul s\u0103 le facem publice. Detaliile acestor tranzac\u021bii sau litigii pot fi g\u0103site \u00een sec\u021biunea de nout\u0103\u021bi referitoare la activitatea noastr\u0103 din cadrul prezentului site.<\/p>\n<p>Mul\u021bi dintre clien\u021bii no\u0219tri fdin afara \u021b\u0103rii sunt alte firme de avocatur\u0103 pentru care noi ac\u021bion\u0103m \u00een calitate de agen\u021bi locali. Acestea includ diferite firme din Londra \u0219i alte firme de avocatur\u0103 interna\u021bionale, pe l\u00e2ng\u0103 cele situate \u00een Scandinavia, Germania, Fran\u021ba, Olanda, Belgia, Spania, Italia \u0219i \u00een alte zone din UE.<\/p>\n<p>Societ\u0103\u021bile multina\u021bionale, fie c\u0103 au sau nu birouri locale, reprezin\u021b\u0103 o parte important\u0103 a bazei noastre de clien\u021bi.<\/p>\n<p>Clien\u021bii no\u0219tri includ societ\u0103\u021bi active \u00een domenii cum ar fi fabricarea berii \u0219i a b\u0103uturilor, FMCG, alimentar, tehnologia informa\u021biei, produse farmaceutice, transport \u0219i m\u0103rfuri.<\/p>\n<p>Clien\u021bii no\u0219tri din domeniul bancar comercial includ b\u0103nci din Marea Britanie, Germania, Scandinavia, Luxemburg \u0219i Fran\u021ba. De asemenea ac\u021bion\u0103m \u00een numele unor b\u0103nci de investi\u021bii.<\/p>\n<h1>\n\t\tSERVICII<br \/>\n\t<\/h1>\n","protected":false},"excerpt":{"rendered":"<p>\u0423\u0441\u043b\u0443\u0433\u0438 Clien\u021bii no\u0219tri provin din multe \u021b\u0103ri \u0219i sectoare, dar \u00een principal sunt implica\u021bi \u00een domeniul afacerilor \u0219i al investi\u021biilor. Suntem cunoscu\u021bi \u00een mod special pentru consultan\u021ba acordat\u0103 clien\u021bilor no\u0219tri \u00een domeniul energiei, transporturilor navale, comercial \u0219i transporturi diverse. Cu toate acestea, baza noastr\u0103 de clien\u021bi s-a extins pentru a atinge multe alte sectoare, \u00een [&hellip;]<\/p>\n","protected":false},"author":1,"featured_media":0,"parent":0,"menu_order":0,"comment_status":"closed","ping_status":"closed","template":"","meta":{"_genesis_hide_title":false,"_genesis_hide_breadcrumbs":false,"_genesis_hide_singular_image":false,"_genesis_hide_footer_widgets":false,"_genesis_custom_body_class":"","_genesis_custom_post_class":"","_genesis_layout":"","footnotes":""},"coauthors":[],"class_list":{"0":"post-1300","1":"page","2":"type-page","3":"status-publish","5":"entry"},"yoast_head":"<!-- This site is optimized with the Yoast SEO plugin v24.2 - https:\/\/yoast.com\/wordpress\/plugins\/seo\/ -->\n<title>Clien\u021bii no\u0219tri - McGregor &amp; Partners Bucharest<\/title>\n<meta name=\"robots\" content=\"index, follow, max-snippet:-1, max-image-preview:large, max-video-preview:-1\" \/>\n<link rel=\"canonical\" href=\"https:\/\/www.mcgregorlegal.eu\/ro\/clienti\/\" \/>\n<meta property=\"og:locale\" content=\"ro_RO\" \/>\n<meta property=\"og:type\" content=\"article\" \/>\n<meta property=\"og:title\" content=\"Clien\u021bii no\u0219tri - McGregor &amp; Partners Bucharest\" \/>\n<meta property=\"og:description\" content=\"\u0423\u0441\u043b\u0443\u0433\u0438 Clien\u021bii no\u0219tri provin din multe \u021b\u0103ri \u0219i sectoare, dar \u00een principal sunt implica\u021bi \u00een domeniul afacerilor \u0219i al investi\u021biilor. Suntem cunoscu\u021bi \u00een mod special pentru consultan\u021ba acordat\u0103 clien\u021bilor no\u0219tri \u00een domeniul energiei, transporturilor navale, comercial \u0219i transporturi diverse. Cu toate acestea, baza noastr\u0103 de clien\u021bi s-a extins pentru a atinge multe alte sectoare, \u00een [&hellip;]\" \/>\n<meta property=\"og:url\" content=\"https:\/\/www.mcgregorlegal.eu\/ro\/clienti\/\" \/>\n<meta property=\"og:site_name\" content=\"McGregor &amp; Partners Bucharest\" \/>\n<meta property=\"article:modified_time\" content=\"2018-10-12T07:39:26+00:00\" \/>\n<meta name=\"twitter:card\" content=\"summary_large_image\" \/>\n<meta name=\"twitter:label1\" content=\"Timp estimat pentru citire\" \/>\n\t<meta name=\"twitter:data1\" content=\"1 minut\" \/>\n\t<meta name=\"twitter:label2\" content=\"Written by\" \/>\n\t<meta name=\"twitter:data2\" content=\"felix\" \/>\n<script type=\"application\/ld+json\" class=\"yoast-schema-graph\">{\"@context\":\"https:\/\/schema.org\",\"@graph\":[{\"@type\":\"WebPage\",\"@id\":\"https:\/\/www.mcgregorlegal.eu\/ro\/clienti\/\",\"url\":\"https:\/\/www.mcgregorlegal.eu\/ro\/clienti\/\",\"name\":\"Clien\u021bii no\u0219tri - McGregor &amp; Partners Bucharest\",\"isPartOf\":{\"@id\":\"https:\/\/www.mcgregorlegal.eu\/ro\/#website\"},\"datePublished\":\"2017-08-15T13:39:14+00:00\",\"dateModified\":\"2018-10-12T07:39:26+00:00\",\"breadcrumb\":{\"@id\":\"https:\/\/www.mcgregorlegal.eu\/ro\/clienti\/#breadcrumb\"},\"inLanguage\":\"ro-RO\",\"potentialAction\":[{\"@type\":\"ReadAction\",\"target\":[\"https:\/\/www.mcgregorlegal.eu\/ro\/clienti\/\"]}]},{\"@type\":\"BreadcrumbList\",\"@id\":\"https:\/\/www.mcgregorlegal.eu\/ro\/clienti\/#breadcrumb\",\"itemListElement\":[{\"@type\":\"ListItem\",\"position\":1,\"name\":\"Home\",\"item\":\"https:\/\/www.mcgregorlegal.eu\/ro\/\"},{\"@type\":\"ListItem\",\"position\":2,\"name\":\"Clien\u021bii no\u0219tri\"}]},{\"@type\":\"WebSite\",\"@id\":\"https:\/\/www.mcgregorlegal.eu\/ro\/#website\",\"url\":\"https:\/\/www.mcgregorlegal.eu\/ro\/\",\"name\":\"McGregor &amp; Partners Bucharest\",\"description\":\"o firm\u0103 de avocatur\u0103 de tip boutique, specializat\u0103 pe tranzac\u021bii comerciale\",\"potentialAction\":[{\"@type\":\"SearchAction\",\"target\":{\"@type\":\"EntryPoint\",\"urlTemplate\":\"https:\/\/www.mcgregorlegal.eu\/ro\/?s={search_term_string}\"},\"query-input\":{\"@type\":\"PropertyValueSpecification\",\"valueRequired\":true,\"valueName\":\"search_term_string\"}}],\"inLanguage\":\"ro-RO\"}]}<\/script>\n<!-- \/ Yoast SEO plugin. -->","yoast_head_json":{"title":"Clien\u021bii no\u0219tri - McGregor &amp; Partners Bucharest","robots":{"index":"index","follow":"follow","max-snippet":"max-snippet:-1","max-image-preview":"max-image-preview:large","max-video-preview":"max-video-preview:-1"},"canonical":"https:\/\/www.mcgregorlegal.eu\/ro\/clienti\/","og_locale":"ro_RO","og_type":"article","og_title":"Clien\u021bii no\u0219tri - McGregor &amp; Partners Bucharest","og_description":"\u0423\u0441\u043b\u0443\u0433\u0438 Clien\u021bii no\u0219tri provin din multe \u021b\u0103ri \u0219i sectoare, dar \u00een principal sunt implica\u021bi \u00een domeniul afacerilor \u0219i al investi\u021biilor. Suntem cunoscu\u021bi \u00een mod special pentru consultan\u021ba acordat\u0103 clien\u021bilor no\u0219tri \u00een domeniul energiei, transporturilor navale, comercial \u0219i transporturi diverse. Cu toate acestea, baza noastr\u0103 de clien\u021bi s-a extins pentru a atinge multe alte sectoare, \u00een [&hellip;]","og_url":"https:\/\/www.mcgregorlegal.eu\/ro\/clienti\/","og_site_name":"McGregor &amp; Partners Bucharest","article_modified_time":"2018-10-12T07:39:26+00:00","twitter_card":"summary_large_image","twitter_misc":{"Timp estimat pentru citire":"1 minut","Written by":"felix"},"schema":{"@context":"https:\/\/schema.org","@graph":[{"@type":"WebPage","@id":"https:\/\/www.mcgregorlegal.eu\/ro\/clienti\/","url":"https:\/\/www.mcgregorlegal.eu\/ro\/clienti\/","name":"Clien\u021bii no\u0219tri - McGregor &amp; Partners Bucharest","isPartOf":{"@id":"https:\/\/www.mcgregorlegal.eu\/ro\/#website"},"datePublished":"2017-08-15T13:39:14+00:00","dateModified":"2018-10-12T07:39:26+00:00","breadcrumb":{"@id":"https:\/\/www.mcgregorlegal.eu\/ro\/clienti\/#breadcrumb"},"inLanguage":"ro-RO","potentialAction":[{"@type":"ReadAction","target":["https:\/\/www.mcgregorlegal.eu\/ro\/clienti\/"]}]},{"@type":"BreadcrumbList","@id":"https:\/\/www.mcgregorlegal.eu\/ro\/clienti\/#breadcrumb","itemListElement":[{"@type":"ListItem","position":1,"name":"Home","item":"https:\/\/www.mcgregorlegal.eu\/ro\/"},{"@type":"ListItem","position":2,"name":"Clien\u021bii no\u0219tri"}]},{"@type":"WebSite","@id":"https:\/\/www.mcgregorlegal.eu\/ro\/#website","url":"https:\/\/www.mcgregorlegal.eu\/ro\/","name":"McGregor &amp; Partners Bucharest","description":"o firm\u0103 de avocatur\u0103 de tip boutique, specializat\u0103 pe tranzac\u021bii comerciale","potentialAction":[{"@type":"SearchAction","target":{"@type":"EntryPoint","urlTemplate":"https:\/\/www.mcgregorlegal.eu\/ro\/?s={search_term_string}"},"query-input":{"@type":"PropertyValueSpecification","valueRequired":true,"valueName":"search_term_string"}}],"inLanguage":"ro-RO"}]}},"_links":{"self":[{"href":"https:\/\/www.mcgregorlegal.eu\/ro\/wp-json\/wp\/v2\/pages\/1300","targetHints":{"allow":["GET"]}}],"collection":[{"href":"https:\/\/www.mcgregorlegal.eu\/ro\/wp-json\/wp\/v2\/pages"}],"about":[{"href":"https:\/\/www.mcgregorlegal.eu\/ro\/wp-json\/wp\/v2\/types\/page"}],"author":[{"embeddable":true,"href":"https:\/\/www.mcgregorlegal.eu\/ro\/wp-json\/wp\/v2\/users\/1"}],"replies":[{"embeddable":true,"href":"https:\/\/www.mcgregorlegal.eu\/ro\/wp-json\/wp\/v2\/comments?post=1300"}],"version-history":[{"count":5,"href":"https:\/\/www.mcgregorlegal.eu\/ro\/wp-json\/wp\/v2\/pages\/1300\/revisions"}],"predecessor-version":[{"id":2304,"href":"https:\/\/www.mcgregorlegal.eu\/ro\/wp-json\/wp\/v2\/pages\/1300\/revisions\/2304"}],"wp:attachment":[{"href":"https:\/\/www.mcgregorlegal.eu\/ro\/wp-json\/wp\/v2\/media?parent=1300"}],"wp:term":[{"taxonomy":"author","embeddable":true,"href":"https:\/\/www.mcgregorlegal.eu\/ro\/wp-json\/wp\/v2\/coauthors?post=1300"}],"curies":[{"name":"wp","href":"https:\/\/api.w.org\/{rel}","templated":true}]}}