{"id":1303,"date":"2017-08-15T13:45:42","date_gmt":"2017-08-15T13:45:42","guid":{"rendered":"http:\/\/mcg.prearechin.ro\/?page_id=1303"},"modified":"2022-03-17T18:20:46","modified_gmt":"2022-03-17T18:20:46","slug":"contact","status":"publish","type":"page","link":"https:\/\/www.mcgregorlegal.eu\/ro\/contact\/","title":{"rendered":"Contact"},"content":{"rendered":"\n\n\t<span><span><a href=\"https:\/\/www.mcgregorlegal.eu\/ro\/\">Home<\/a><\/span><\/span>\n<h2>\n\t\t\u0423\u0441\u043b\u0443\u0433\u0438\n\t<\/h2>\n<h3>\n\t\tFormular de contact online\n\t<\/h3>\n\t<form  id=\"cred_form_2925_1_1\" class=\"cred-form cred-keep-original\" action=\"\/ro\/wp-json\/wp\/v2\/pages\/1303?_tt=1776174651\" data-form=\"{&quot;form_id&quot;:&quot;cred_form_2925_1_1&quot;,&quot;use_ajax&quot;:&quot;0&quot;,&quot;wpv_page&quot;:1}\" data-conditionals=\"[]\" method=\"post\">\r\n<div class=\"container-fluid\">\r\n  <div class=\"row\">\r\n    <div class=\"form-group col-md-8\">\r\n      <label>Numele t\u0103u (obligatoriu)<\/label>\r\n      <div class=\"js-wpt-field-items js-wpt-repetitive wpt-repetitive\" data-initial-conditional=\"\" data-item_name=\"textfield-post_title\">\r\n<input type=\"text\" id=\"cred_form_2925_1_1_post_title\" name=\"post_title\" value=\"\" class=\"form-control wpt-form-textfield form-textfield textfield\" output=\"bootstrap\" preset_value=\"\" urlparam=\"\" value_escape=\"\" make_readonly=\"\" placeholder=\"\" select_text=\"\" data-wpt-validate=\"{&quot;required&quot;:{&quot;args&quot;:{&quot;1&quot;:true},&quot;message&quot;:&quot;This field is required&quot;}}\" data-wpt-field-title=\"Formular de contact Title\" data-parsley-required=\"true\" data-parsley-required-message=\"This field is required\" data-parsley-credfilesize=\"1536000\" data-wpt-type=\"textfield\" data-wpt-id=\"cred_form_2925_1_1_cred_form_2925_1_1_post_title\" data-wpt-name=\"post_title\" \/>\r\n<\/div>\r\n    <\/div>\r\n  <\/div>\r\n  <div class=\"row\">\r\n    <div class=\"form-group col-md-8\">\r\n      <label>Emailul t\u0103u (obligatoriu)<\/label>\r\n      <div class=\"js-wpt-field-items js-wpt-repetitive wpt-repetitive\" data-initial-conditional=\"\" data-item_name=\"email-wpcf-email\">\r\n<input type=\"text\" id=\"cred_form_2925_1_1_email\" name=\"wpcf-email\" value=\"\" class=\"form-control wpt-form-textfield form-textfield textfield\" output=\"bootstrap\" preset_value=\"\" urlparam=\"\" preview=\"\" previewsize=\"\" select_label=\"\" edit_label=\"\" value_escape=\"\" make_readonly=\"\" placeholder=\"\" select_text=\"\" data-wpt-validate=\"{&quot;required&quot;:{&quot;args&quot;:{&quot;1&quot;:true},&quot;message&quot;:&quot;Acest c\u00e2mp este obligatoriu.&quot;},&quot;email&quot;:{&quot;args&quot;:{&quot;1&quot;:true},&quot;message&quot;:&quot;Te rog s\u0103 introduci o adres\u0103 de email valid\u0103.&quot;}}\" data-wpt-field-title=\"Emailul t\u0103u\" data-parsley-required=\"true\" data-parsley-required-message=\"Acest c\u00e2mp este obligatoriu.\" data-parsley-credfilesize=\"1536000\" data-parsley-type=\"email\" data-parsley-error-message=\"Te rog s\u0103 introduci o adres\u0103 de email valid\u0103.\" data-wpt-type=\"textfield\" data-wpt-id=\"cred_form_2925_1_1_cred_form_2925_1_1_email\" data-wpt-name=\"wpcf-email\" \/>\r\n<\/div>\r\n    <\/div>\r\n  <\/div>\r\n  <div class=\"row\">\r\n    <div class=\"form-group col-md-8\">\r\n      <label>Subiect<\/label>\r\n      <div class=\"js-wpt-field-items js-wpt-repetitive wpt-repetitive\" data-initial-conditional=\"\" data-item_name=\"textfield-wpcf-subiect\">\r\n<input type=\"text\" id=\"cred_form_2925_1_1_subiect\" name=\"wpcf-subiect\" value=\"\" class=\"form-control wpt-form-textfield form-textfield textfield\" output=\"bootstrap\" preset_value=\"\" urlparam=\"\" preview=\"\" previewsize=\"\" select_label=\"\" edit_label=\"\" value_escape=\"\" make_readonly=\"\" placeholder=\"\" select_text=\"\" data-wpt-type=\"textfield\" data-wpt-id=\"cred_form_2925_1_1_cred_form_2925_1_1_subiect\" data-wpt-name=\"wpcf-subiect\" \/>\r\n<\/div>\r\n    <\/div>\r\n  <\/div>\r\n  <div class=\"row\">\r\n    <div class=\"form-group col-md-8\">\r\n      <label>Mesajul t\u0103u<\/label>\r\n      <div class=\"js-wpt-field-items js-wpt-repetitive wpt-repetitive\" data-initial-conditional=\"\" data-item_name=\"textarea-wpcf-mesaj\">\r\n<textarea id=\"cred_form_2925_1_1_mesaj\" name=\"wpcf-mesaj\" class=\"form-control wpt-form-textarea form-textarea textarea\" output=\"bootstrap\" preset_value=\"\" urlparam=\"\" preview=\"\" previewsize=\"\" select_label=\"\" edit_label=\"\" value_escape=\"\" make_readonly=\"\" placeholder=\"\" select_text=\"\" rows=\"5\" cols=\"1\" data-wpt-type=\"textarea\" data-wpt-id=\"cred_form_2925_1_1_cred_form_2925_1_1_mesaj\" data-wpt-name=\"wpcf-mesaj\"><\/textarea>\r\n\r\n<\/div>\r\n    <\/div>\r\n  <\/div>\r\n  <div class=\"row\">\r\n    <div class=\"col-md-12\">\r\n      <div class=\"js-wpt-field-items js-wpt-repetitive wpt-repetitive\" data-initial-conditional=\"\" data-item_name=\"recaptcha-recaptcha\"><div id=\"recaptcha_cred_form_2925_1_1_recaptcha\" class=\"g-recaptcha\" data-sitekey=\"6LeU-dseAAAAAME-DonN0HH2VLQvHLxQSMsfcrig\"><\/div><div class=\"recaptcha_error\" style=\"color:#aa0000;display:none;\">Please validate reCAPTCHA<\/div>\r\n\r\n<input type=\"text\" id=\"cred_form_2925_1_1__recaptcha\" name=\"_recaptcha\" value=\"\" style=\"display:none;\" class=\"wpt-form-textfield form-textfield textfield\" data-wpt-type=\"textfield\" data-wpt-id=\"cred_form_2925_1_1_cred_form_2925_1_1__recaptcha\" data-wpt-name=\"_recaptcha\" \/>\r\n<\/div>\r\n    <\/div>\r\n  <\/div>\r\n  <div class=\"row\">\r\n    <div class=\"col-md-12 pt-2\">\r\n      <input type=\"submit\" id=\"cred_form_2925_1_1_form_submit_1\" name=\"form_submit_1\" value=\"Trimite\" class=\"btn btn-primary btn-lg wpt-form-submit form-submit submit\" \/>\r\n    <\/div>\r\n  <\/div>\r\n  <div class=\"row\">\r\n    <div class=\"col-md-12\">\r\n      <div id=\"wpt-form-message-2925\"\n\t\t\t              data-message-single=\"The post was not saved because of the following problem:\"\n\t\t\t              data-message-plural=\"The post was not saved because of the following %NN problems:\"\n\t\t\t              style=\"display:none;\" class=\"wpt-top-form-error wpt-form-error wpt-form-error-wrapper alert alert-danger alert alert-warning\"><\/div>\r\n    <\/div>\r\n  <\/div>\r\n<\/div>\r\n<input type=\"hidden\" id=\"cred_form_2925_1_1__cred_cred_prefix_post_id\" name=\"_cred_cred_prefix_post_id\" value=\"5374\" class=\"wpt-form-hidden form-hidden\" data-wpt-id=\"cred_form_2925_1_1_cred_form_2925_1_1__cred_cred_prefix_post_id\" data-wpt-name=\"_cred_cred_prefix_post_id\" \/><input type=\"hidden\" id=\"cred_form_2925_1_1__cred_cred_prefix_cred_container_id\" name=\"_cred_cred_prefix_cred_container_id\" value=\"1303\" class=\"wpt-form-hidden form-hidden\" data-wpt-id=\"cred_form_2925_1_1_cred_form_2925_1_1__cred_cred_prefix_cred_container_id\" data-wpt-name=\"_cred_cred_prefix_cred_container_id\" \/><input type=\"hidden\" id=\"cred_form_2925_1_1__cred_cred_prefix_form_id\" name=\"_cred_cred_prefix_form_id\" value=\"2925\" class=\"wpt-form-hidden form-hidden\" data-wpt-id=\"cred_form_2925_1_1_cred_form_2925_1_1__cred_cred_prefix_form_id\" data-wpt-name=\"_cred_cred_prefix_form_id\" \/><input type=\"hidden\" id=\"cred_form_2925_1_1__cred_cred_prefix_form_count\" name=\"_cred_cred_prefix_form_count\" value=\"1\" class=\"wpt-form-hidden form-hidden\" data-wpt-id=\"cred_form_2925_1_1_cred_form_2925_1_1__cred_cred_prefix_form_count\" data-wpt-name=\"_cred_cred_prefix_form_count\" \/><\/form>\n\t<h2>McGregor &amp; Partners &#8211; Bucharest<\/h2>\n<strong>Adresa:<\/strong> Strada Teheran 21-23, parter, sc. A, ap. 1, cod postal 011931, sector 1, Bucuresti<br \/>\n<strong>Email:<\/strong> <a href=\"mailto:bucharest@mcgregorlegal.eu\"> bucharest@mcgregorlegal.eu<\/a><br \/>\n<strong>Telefon:<\/strong> <a href=\"tel:+4021 3122425\"> 0213122425<\/a>\n\t<p><iframe src=\"https:\/\/www.google.com\/maps\/embed?pb=!1m18!1m12!1m3!1d2847.437025540323!2d26.09031441607914!3d44.465213979101776!2m3!1f0!2f0!3f0!3m2!1i1024!2i768!4f13.1!3m3!1m2!1s0x40b2020eb6818d0b%3A0x525c21c7bcd3adb9!2sStrada%20Teheran%2021-23%2C%20Bucure%C8%99ti!5e0!3m2!1sro!2sro!4v1647539706104!5m2!1sro!2sro\" width=\"600\" height=\"450\" allowfullscreen=\"\" loading=\"lazy\"><\/iframe><\/p>\n\n","protected":false},"excerpt":{"rendered":"<p>\u0423\u0441\u043b\u0443\u0433\u0438 Formular de contact online McGregor &amp; Partners &#8211; Bucharest Adresa: Strada Teheran 21-23, parter, sc. A, ap. 1, cod postal 011931, sector 1, Bucuresti Email: bucharest@mcgregorlegal.eu Telefon: 0213122425<\/p>\n","protected":false},"author":1,"featured_media":0,"parent":0,"menu_order":0,"comment_status":"closed","ping_status":"closed","template":"","meta":{"_genesis_hide_title":false,"_genesis_hide_breadcrumbs":false,"_genesis_hide_singular_image":false,"_genesis_hide_footer_widgets":false,"_genesis_custom_body_class":"","_genesis_custom_post_class":"","_genesis_layout":"","footnotes":""},"coauthors":[],"class_list":{"0":"post-1303","1":"page","2":"type-page","3":"status-publish","5":"entry"},"yoast_head":"<!-- This site is optimized with the Yoast SEO plugin v24.2 - https:\/\/yoast.com\/wordpress\/plugins\/seo\/ -->\n<title>Contact - McGregor &amp; Partners Bucharest<\/title>\n<meta name=\"robots\" content=\"index, follow, max-snippet:-1, max-image-preview:large, max-video-preview:-1\" \/>\n<link rel=\"canonical\" href=\"https:\/\/www.mcgregorlegal.eu\/ro\/contact\/\" \/>\n<meta property=\"og:locale\" content=\"ro_RO\" \/>\n<meta property=\"og:type\" content=\"article\" \/>\n<meta property=\"og:title\" content=\"Contact - McGregor &amp; Partners Bucharest\" \/>\n<meta property=\"og:description\" content=\"\u0423\u0441\u043b\u0443\u0433\u0438 Formular de contact online McGregor &amp; Partners &#8211; Bucharest Adresa: Strada Teheran 21-23, parter, sc. A, ap. 1, cod postal 011931, sector 1, Bucuresti Email: bucharest@mcgregorlegal.eu Telefon: 0213122425\" \/>\n<meta property=\"og:url\" content=\"https:\/\/www.mcgregorlegal.eu\/ro\/contact\/\" \/>\n<meta property=\"og:site_name\" content=\"McGregor &amp; Partners Bucharest\" \/>\n<meta property=\"article:modified_time\" content=\"2022-03-17T18:20:46+00:00\" \/>\n<meta name=\"twitter:card\" content=\"summary_large_image\" \/>\n<meta name=\"twitter:label1\" content=\"Written by\" \/>\n\t<meta name=\"twitter:data1\" content=\"felix\" \/>\n<script type=\"application\/ld+json\" class=\"yoast-schema-graph\">{\"@context\":\"https:\/\/schema.org\",\"@graph\":[{\"@type\":\"WebPage\",\"@id\":\"https:\/\/www.mcgregorlegal.eu\/ro\/contact\/\",\"url\":\"https:\/\/www.mcgregorlegal.eu\/ro\/contact\/\",\"name\":\"Contact - McGregor &amp; Partners Bucharest\",\"isPartOf\":{\"@id\":\"https:\/\/www.mcgregorlegal.eu\/ro\/#website\"},\"datePublished\":\"2017-08-15T13:45:42+00:00\",\"dateModified\":\"2022-03-17T18:20:46+00:00\",\"breadcrumb\":{\"@id\":\"https:\/\/www.mcgregorlegal.eu\/ro\/contact\/#breadcrumb\"},\"inLanguage\":\"ro-RO\",\"potentialAction\":[{\"@type\":\"ReadAction\",\"target\":[\"https:\/\/www.mcgregorlegal.eu\/ro\/contact\/\"]}]},{\"@type\":\"BreadcrumbList\",\"@id\":\"https:\/\/www.mcgregorlegal.eu\/ro\/contact\/#breadcrumb\",\"itemListElement\":[{\"@type\":\"ListItem\",\"position\":1,\"name\":\"Home\",\"item\":\"https:\/\/www.mcgregorlegal.eu\/ro\/\"},{\"@type\":\"ListItem\",\"position\":2,\"name\":\"Contact\"}]},{\"@type\":\"WebSite\",\"@id\":\"https:\/\/www.mcgregorlegal.eu\/ro\/#website\",\"url\":\"https:\/\/www.mcgregorlegal.eu\/ro\/\",\"name\":\"McGregor &amp; Partners Bucharest\",\"description\":\"o firm\u0103 de avocatur\u0103 de tip boutique, specializat\u0103 pe tranzac\u021bii comerciale\",\"potentialAction\":[{\"@type\":\"SearchAction\",\"target\":{\"@type\":\"EntryPoint\",\"urlTemplate\":\"https:\/\/www.mcgregorlegal.eu\/ro\/?s={search_term_string}\"},\"query-input\":{\"@type\":\"PropertyValueSpecification\",\"valueRequired\":true,\"valueName\":\"search_term_string\"}}],\"inLanguage\":\"ro-RO\"}]}<\/script>\n<!-- \/ Yoast SEO plugin. -->","yoast_head_json":{"title":"Contact - McGregor &amp; Partners Bucharest","robots":{"index":"index","follow":"follow","max-snippet":"max-snippet:-1","max-image-preview":"max-image-preview:large","max-video-preview":"max-video-preview:-1"},"canonical":"https:\/\/www.mcgregorlegal.eu\/ro\/contact\/","og_locale":"ro_RO","og_type":"article","og_title":"Contact - McGregor &amp; Partners Bucharest","og_description":"\u0423\u0441\u043b\u0443\u0433\u0438 Formular de contact online McGregor &amp; Partners &#8211; Bucharest Adresa: Strada Teheran 21-23, parter, sc. A, ap. 1, cod postal 011931, sector 1, Bucuresti Email: bucharest@mcgregorlegal.eu Telefon: 0213122425","og_url":"https:\/\/www.mcgregorlegal.eu\/ro\/contact\/","og_site_name":"McGregor &amp; Partners Bucharest","article_modified_time":"2022-03-17T18:20:46+00:00","twitter_card":"summary_large_image","twitter_misc":{"Written by":"felix"},"schema":{"@context":"https:\/\/schema.org","@graph":[{"@type":"WebPage","@id":"https:\/\/www.mcgregorlegal.eu\/ro\/contact\/","url":"https:\/\/www.mcgregorlegal.eu\/ro\/contact\/","name":"Contact - McGregor &amp; Partners Bucharest","isPartOf":{"@id":"https:\/\/www.mcgregorlegal.eu\/ro\/#website"},"datePublished":"2017-08-15T13:45:42+00:00","dateModified":"2022-03-17T18:20:46+00:00","breadcrumb":{"@id":"https:\/\/www.mcgregorlegal.eu\/ro\/contact\/#breadcrumb"},"inLanguage":"ro-RO","potentialAction":[{"@type":"ReadAction","target":["https:\/\/www.mcgregorlegal.eu\/ro\/contact\/"]}]},{"@type":"BreadcrumbList","@id":"https:\/\/www.mcgregorlegal.eu\/ro\/contact\/#breadcrumb","itemListElement":[{"@type":"ListItem","position":1,"name":"Home","item":"https:\/\/www.mcgregorlegal.eu\/ro\/"},{"@type":"ListItem","position":2,"name":"Contact"}]},{"@type":"WebSite","@id":"https:\/\/www.mcgregorlegal.eu\/ro\/#website","url":"https:\/\/www.mcgregorlegal.eu\/ro\/","name":"McGregor &amp; Partners Bucharest","description":"o firm\u0103 de avocatur\u0103 de tip boutique, specializat\u0103 pe tranzac\u021bii comerciale","potentialAction":[{"@type":"SearchAction","target":{"@type":"EntryPoint","urlTemplate":"https:\/\/www.mcgregorlegal.eu\/ro\/?s={search_term_string}"},"query-input":{"@type":"PropertyValueSpecification","valueRequired":true,"valueName":"search_term_string"}}],"inLanguage":"ro-RO"}]}},"_links":{"self":[{"href":"https:\/\/www.mcgregorlegal.eu\/ro\/wp-json\/wp\/v2\/pages\/1303","targetHints":{"allow":["GET"]}}],"collection":[{"href":"https:\/\/www.mcgregorlegal.eu\/ro\/wp-json\/wp\/v2\/pages"}],"about":[{"href":"https:\/\/www.mcgregorlegal.eu\/ro\/wp-json\/wp\/v2\/types\/page"}],"author":[{"embeddable":true,"href":"https:\/\/www.mcgregorlegal.eu\/ro\/wp-json\/wp\/v2\/users\/1"}],"replies":[{"embeddable":true,"href":"https:\/\/www.mcgregorlegal.eu\/ro\/wp-json\/wp\/v2\/comments?post=1303"}],"version-history":[{"count":0,"href":"https:\/\/www.mcgregorlegal.eu\/ro\/wp-json\/wp\/v2\/pages\/1303\/revisions"}],"wp:attachment":[{"href":"https:\/\/www.mcgregorlegal.eu\/ro\/wp-json\/wp\/v2\/media?parent=1303"}],"wp:term":[{"taxonomy":"author","embeddable":true,"href":"https:\/\/www.mcgregorlegal.eu\/ro\/wp-json\/wp\/v2\/coauthors?post=1303"}],"curies":[{"name":"wp","href":"https:\/\/api.w.org\/{rel}","templated":true}]}}