{"id":1346,"date":"2017-08-20T15:58:50","date_gmt":"2017-08-20T15:58:50","guid":{"rendered":"http:\/\/mcg.prearechin.ro\/?page_id=1346"},"modified":"2018-10-19T10:08:52","modified_gmt":"2018-10-19T10:08:52","slug":"servicii","status":"publish","type":"page","link":"https:\/\/www.mcgregorlegal.eu\/ro\/servicii\/","title":{"rendered":"Servicii"},"content":{"rendered":"<span><span><a href=\"https:\/\/www.mcgregorlegal.eu\/ro\/\">Home<\/a><\/span><\/span>\n<h2>\n\t\t\u0423\u0441\u043b\u0443\u0433\u0438<br \/>\n\t<\/h2>\n<p>\t<a href=\"\/ro\/servicii\/banci-garantii-si-finante\" target=\"_self\"><\/a><\/p>\n<h2>B\u0103nci, garan\u0163ii \u015fi finan\u0163e<\/h2>\n<p>citeste mai multe<\/p>\n<p>\t<a href=\" \/ro\/servicii\/domeniul-concurentei-si-al-altor-probleme-de-reglementare\" target=\"_self\"><\/a><\/p>\n<h2>Competi\u0163ie \u015fi alte probleme legate de reglementare<\/h2>\n<p>citeste mai multe<\/p>\n<p>\t<a href=\"\/ro\/servicii\/domeniul-legislatiei-muncii-si-alte-probleme-legate-de-reglementare\/\" target=\"_self\"><\/a><\/p>\n<h2>Domeniul legisla\u0163iei muncii \u015fi al altor probleme de reglementare<\/h2>\n<p>citeste mai multe<\/p>\n<p>\t<a href=\"\/ro\/servicii\/energie-si-resurse-naturale\" target=\"_self\"><\/a><\/p>\n<h2>Energie \u015fi resurse naturale<\/h2>\n<p>citeste mai multe<\/p>\n<p>\t<a href=\"\/ro\/servicii\/proprietatea-intelectuala-si-mass-media\" target=\"_self\"><\/a><\/p>\n<h2>Proprietatea intelectual\u0103 \u015fi mass media<\/h2>\n<p>citeste mai multe<\/p>\n<p>\t<a href=\"\/ro\/servicii\/lichidare-si-restructurare\" target=\"_self\"><\/a><\/p>\n<h2>Lichidare \u015fi restructurare<\/h2>\n<p>citeste mai multe<\/p>\n<p>\t<a href=\"\/ro\/servicii\/litigii-si-solutionarea-disputelor\" target=\"_self\"><\/a><\/p>\n<h2>Litigii \u015fi solu\u0163ionarea disputelor<\/h2>\n<p>citeste mai multe<\/p>\n<p>\t<a href=\"\/ro\/servicii\/fuziuni-achizitii-si-cedari-inclusiv-privatizari\" target=\"_self\"><\/a><\/p>\n<h2>Fuziuni, achizi\u0163ii \u015fi ced\u0103ri, inclusiv privatiz\u0103ri<\/h2>\n<p>citeste mai multe<\/p>\n<p>\t<a href=\"\/ro\/servicii\/drept-public-si-probleme-diplomatice\" target=\"_self\"><\/a><\/p>\n<h2>Drept public \u015fi probleme diplomatice<\/h2>\n<p>citeste mai multe<\/p>\n<p>\t<a href=\"\/ro\/servicii\/tranzactii-imobiliare-si-constructii\" target=\"_self\"><\/a><\/p>\n<h2>Tranzac\u0163ii imobiliare \u015fi construc\u0163ii<\/h2>\n<p>citeste mai multe<\/p>\n<p>\t<a href=\" \/ro\/servicii\/probleme-de-reglementare-si-de-investigare\" target=\"_self\"><\/a><\/p>\n<h2>Probleme de reglementare \u015fi de investigare<\/h2>\n<p>citeste mai multe<\/p>\n<p>\t<a href=\"\/ro\/servicii\/probleme-legate-de-transport-probleme-maritime-si-de-aviatie\" target=\"_self\"><\/a><\/p>\n<h2>Probleme legate de transport, probleme maritime \u015fi de avia\u0163ie<\/h2>\n<p>citeste mai multe<\/p>\n","protected":false},"excerpt":{"rendered":"<p>\u0423\u0441\u043b\u0443\u0433\u0438 B\u0103nci, garan\u0163ii \u015fi finan\u0163e citeste mai multe Competi\u0163ie \u015fi alte probleme legate de reglementare citeste mai multe Domeniul legisla\u0163iei muncii \u015fi al altor probleme de reglementare citeste mai multe Energie \u015fi resurse naturale citeste mai multe Proprietatea intelectual\u0103 \u015fi mass media citeste mai multe Lichidare \u015fi restructurare citeste mai multe Litigii \u015fi solu\u0163ionarea disputelor [&hellip;]<\/p>\n","protected":false},"author":1,"featured_media":0,"parent":0,"menu_order":0,"comment_status":"closed","ping_status":"closed","template":"","meta":{"_genesis_hide_title":false,"_genesis_hide_breadcrumbs":false,"_genesis_hide_singular_image":false,"_genesis_hide_footer_widgets":false,"_genesis_custom_body_class":"","_genesis_custom_post_class":"","_genesis_layout":"","footnotes":""},"coauthors":[],"class_list":{"0":"post-1346","1":"page","2":"type-page","3":"status-publish","5":"entry"},"yoast_head":"<!-- This site is optimized with the Yoast SEO plugin v24.2 - https:\/\/yoast.com\/wordpress\/plugins\/seo\/ -->\n<title>Servicii - McGregor &amp; Partners Bucharest<\/title>\n<meta name=\"robots\" content=\"index, follow, max-snippet:-1, max-image-preview:large, max-video-preview:-1\" \/>\n<link rel=\"canonical\" href=\"https:\/\/www.mcgregorlegal.eu\/ro\/servicii\/\" \/>\n<meta property=\"og:locale\" content=\"ro_RO\" \/>\n<meta property=\"og:type\" content=\"article\" \/>\n<meta property=\"og:title\" content=\"Servicii - McGregor &amp; Partners Bucharest\" \/>\n<meta property=\"og:description\" content=\"\u0423\u0441\u043b\u0443\u0433\u0438 B\u0103nci, garan\u0163ii \u015fi finan\u0163e citeste mai multe Competi\u0163ie \u015fi alte probleme legate de reglementare citeste mai multe Domeniul legisla\u0163iei muncii \u015fi al altor probleme de reglementare citeste mai multe Energie \u015fi resurse naturale citeste mai multe Proprietatea intelectual\u0103 \u015fi mass media citeste mai multe Lichidare \u015fi restructurare citeste mai multe Litigii \u015fi solu\u0163ionarea disputelor [&hellip;]\" \/>\n<meta property=\"og:url\" content=\"https:\/\/www.mcgregorlegal.eu\/ro\/servicii\/\" \/>\n<meta property=\"og:site_name\" content=\"McGregor &amp; Partners Bucharest\" \/>\n<meta property=\"article:modified_time\" content=\"2018-10-19T10:08:52+00:00\" \/>\n<meta name=\"twitter:card\" content=\"summary_large_image\" \/>\n<meta name=\"twitter:label1\" content=\"Timp estimat pentru citire\" \/>\n\t<meta name=\"twitter:data1\" content=\"1 minut\" \/>\n\t<meta name=\"twitter:label2\" content=\"Written by\" \/>\n\t<meta name=\"twitter:data2\" content=\"felix\" \/>\n<script type=\"application\/ld+json\" class=\"yoast-schema-graph\">{\"@context\":\"https:\/\/schema.org\",\"@graph\":[{\"@type\":\"WebPage\",\"@id\":\"https:\/\/www.mcgregorlegal.eu\/ro\/servicii\/\",\"url\":\"https:\/\/www.mcgregorlegal.eu\/ro\/servicii\/\",\"name\":\"Servicii - McGregor &amp; Partners Bucharest\",\"isPartOf\":{\"@id\":\"https:\/\/www.mcgregorlegal.eu\/ro\/#website\"},\"datePublished\":\"2017-08-20T15:58:50+00:00\",\"dateModified\":\"2018-10-19T10:08:52+00:00\",\"breadcrumb\":{\"@id\":\"https:\/\/www.mcgregorlegal.eu\/ro\/servicii\/#breadcrumb\"},\"inLanguage\":\"ro-RO\",\"potentialAction\":[{\"@type\":\"ReadAction\",\"target\":[\"https:\/\/www.mcgregorlegal.eu\/ro\/servicii\/\"]}]},{\"@type\":\"BreadcrumbList\",\"@id\":\"https:\/\/www.mcgregorlegal.eu\/ro\/servicii\/#breadcrumb\",\"itemListElement\":[{\"@type\":\"ListItem\",\"position\":1,\"name\":\"Home\",\"item\":\"https:\/\/www.mcgregorlegal.eu\/ro\/\"},{\"@type\":\"ListItem\",\"position\":2,\"name\":\"Servicii\"}]},{\"@type\":\"WebSite\",\"@id\":\"https:\/\/www.mcgregorlegal.eu\/ro\/#website\",\"url\":\"https:\/\/www.mcgregorlegal.eu\/ro\/\",\"name\":\"McGregor &amp; Partners Bucharest\",\"description\":\"o firm\u0103 de avocatur\u0103 de tip boutique, specializat\u0103 pe tranzac\u021bii comerciale\",\"potentialAction\":[{\"@type\":\"SearchAction\",\"target\":{\"@type\":\"EntryPoint\",\"urlTemplate\":\"https:\/\/www.mcgregorlegal.eu\/ro\/?s={search_term_string}\"},\"query-input\":{\"@type\":\"PropertyValueSpecification\",\"valueRequired\":true,\"valueName\":\"search_term_string\"}}],\"inLanguage\":\"ro-RO\"}]}<\/script>\n<!-- \/ Yoast SEO plugin. -->","yoast_head_json":{"title":"Servicii - McGregor &amp; Partners Bucharest","robots":{"index":"index","follow":"follow","max-snippet":"max-snippet:-1","max-image-preview":"max-image-preview:large","max-video-preview":"max-video-preview:-1"},"canonical":"https:\/\/www.mcgregorlegal.eu\/ro\/servicii\/","og_locale":"ro_RO","og_type":"article","og_title":"Servicii - McGregor &amp; Partners Bucharest","og_description":"\u0423\u0441\u043b\u0443\u0433\u0438 B\u0103nci, garan\u0163ii \u015fi finan\u0163e citeste mai multe Competi\u0163ie \u015fi alte probleme legate de reglementare citeste mai multe Domeniul legisla\u0163iei muncii \u015fi al altor probleme de reglementare citeste mai multe Energie \u015fi resurse naturale citeste mai multe Proprietatea intelectual\u0103 \u015fi mass media citeste mai multe Lichidare \u015fi restructurare citeste mai multe Litigii \u015fi solu\u0163ionarea disputelor [&hellip;]","og_url":"https:\/\/www.mcgregorlegal.eu\/ro\/servicii\/","og_site_name":"McGregor &amp; Partners Bucharest","article_modified_time":"2018-10-19T10:08:52+00:00","twitter_card":"summary_large_image","twitter_misc":{"Timp estimat pentru citire":"1 minut","Written by":"felix"},"schema":{"@context":"https:\/\/schema.org","@graph":[{"@type":"WebPage","@id":"https:\/\/www.mcgregorlegal.eu\/ro\/servicii\/","url":"https:\/\/www.mcgregorlegal.eu\/ro\/servicii\/","name":"Servicii - McGregor &amp; Partners Bucharest","isPartOf":{"@id":"https:\/\/www.mcgregorlegal.eu\/ro\/#website"},"datePublished":"2017-08-20T15:58:50+00:00","dateModified":"2018-10-19T10:08:52+00:00","breadcrumb":{"@id":"https:\/\/www.mcgregorlegal.eu\/ro\/servicii\/#breadcrumb"},"inLanguage":"ro-RO","potentialAction":[{"@type":"ReadAction","target":["https:\/\/www.mcgregorlegal.eu\/ro\/servicii\/"]}]},{"@type":"BreadcrumbList","@id":"https:\/\/www.mcgregorlegal.eu\/ro\/servicii\/#breadcrumb","itemListElement":[{"@type":"ListItem","position":1,"name":"Home","item":"https:\/\/www.mcgregorlegal.eu\/ro\/"},{"@type":"ListItem","position":2,"name":"Servicii"}]},{"@type":"WebSite","@id":"https:\/\/www.mcgregorlegal.eu\/ro\/#website","url":"https:\/\/www.mcgregorlegal.eu\/ro\/","name":"McGregor &amp; Partners Bucharest","description":"o firm\u0103 de avocatur\u0103 de tip boutique, specializat\u0103 pe tranzac\u021bii comerciale","potentialAction":[{"@type":"SearchAction","target":{"@type":"EntryPoint","urlTemplate":"https:\/\/www.mcgregorlegal.eu\/ro\/?s={search_term_string}"},"query-input":{"@type":"PropertyValueSpecification","valueRequired":true,"valueName":"search_term_string"}}],"inLanguage":"ro-RO"}]}},"_links":{"self":[{"href":"https:\/\/www.mcgregorlegal.eu\/ro\/wp-json\/wp\/v2\/pages\/1346","targetHints":{"allow":["GET"]}}],"collection":[{"href":"https:\/\/www.mcgregorlegal.eu\/ro\/wp-json\/wp\/v2\/pages"}],"about":[{"href":"https:\/\/www.mcgregorlegal.eu\/ro\/wp-json\/wp\/v2\/types\/page"}],"author":[{"embeddable":true,"href":"https:\/\/www.mcgregorlegal.eu\/ro\/wp-json\/wp\/v2\/users\/1"}],"replies":[{"embeddable":true,"href":"https:\/\/www.mcgregorlegal.eu\/ro\/wp-json\/wp\/v2\/comments?post=1346"}],"version-history":[{"count":5,"href":"https:\/\/www.mcgregorlegal.eu\/ro\/wp-json\/wp\/v2\/pages\/1346\/revisions"}],"predecessor-version":[{"id":2588,"href":"https:\/\/www.mcgregorlegal.eu\/ro\/wp-json\/wp\/v2\/pages\/1346\/revisions\/2588"}],"wp:attachment":[{"href":"https:\/\/www.mcgregorlegal.eu\/ro\/wp-json\/wp\/v2\/media?parent=1346"}],"wp:term":[{"taxonomy":"author","embeddable":true,"href":"https:\/\/www.mcgregorlegal.eu\/ro\/wp-json\/wp\/v2\/coauthors?post=1346"}],"curies":[{"name":"wp","href":"https:\/\/api.w.org\/{rel}","templated":true}]}}