{"id":1349,"date":"2017-08-20T15:55:41","date_gmt":"2017-08-20T15:55:41","guid":{"rendered":"http:\/\/mcg.prearechin.ro\/?page_id=1349"},"modified":"2018-10-19T09:12:34","modified_gmt":"2018-10-19T09:12:34","slug":"banci-garantii-si-finante","status":"publish","type":"page","link":"https:\/\/www.mcgregorlegal.eu\/ro\/servicii\/banci-garantii-si-finante\/","title":{"rendered":"Domeniul bancar, valori mobiliare \u015fi finan\u021be"},"content":{"rendered":"<p>V\u0103 putem asista \u00een leg\u0103tur\u0103 cu:<\/p>\n<ul>\n<li>Negocierea \u015fi redactarea actelor de \u00eemprumut, inclusiv titlurile de valoare convertibile<\/li>\n<li>Crearea titlurilor de proprietate legate de bunurile mobiliare \u015fi imobilare, incluz\u00e2nd negocierea \u015fi redactarea actelor de garan\u0163ie, ca de asemenea \u015fi \u00eenregistrarea titlurilor de proprietate create \u00een felul acesta<\/li>\n<li>Active financiare<\/li>\n<li>Negocierea \u00eemprumuturilor<\/li>\n<li>Tranzac\u0163ii financiare<\/li>\n<li>Proiecte financiare, inclusiv garan\u0163ii rambursabile<\/li>\n<li>Opera\u0163iuni de leasing \u015fi \u00eenchiriere<\/li>\n<li>\u00cencorporarea, \u00eenregistrarea \u015fi oper\u0103ri bancare, inclusiv schimbarea controlului<\/li>\n<li>Tranzac\u0163ii inter-bancare<\/li>\n<li>Consiliere legat\u0103 de reforma legisla\u0163iei cu privire la garantarea \u00eemprumutului<\/li>\n<\/ul>\n","protected":false},"excerpt":{"rendered":"<p>V\u0103 putem asista \u00een leg\u0103tur\u0103 cu: Negocierea \u015fi redactarea actelor de \u00eemprumut, inclusiv titlurile de valoare convertibile Crearea titlurilor de proprietate legate de bunurile mobiliare \u015fi imobilare, incluz\u00e2nd negocierea \u015fi redactarea actelor de garan\u0163ie, ca de asemenea \u015fi \u00eenregistrarea titlurilor de proprietate create \u00een felul acesta Active financiare Negocierea \u00eemprumuturilor Tranzac\u0163ii financiare Proiecte financiare, inclusiv [&hellip;]<\/p>\n","protected":false},"author":1,"featured_media":0,"parent":1346,"menu_order":0,"comment_status":"closed","ping_status":"closed","template":"","meta":{"_genesis_hide_title":false,"_genesis_hide_breadcrumbs":false,"_genesis_hide_singular_image":false,"_genesis_hide_footer_widgets":false,"_genesis_custom_body_class":"","_genesis_custom_post_class":"","_genesis_layout":"","footnotes":""},"coauthors":[],"class_list":{"0":"post-1349","1":"page","2":"type-page","3":"status-publish","5":"entry"},"yoast_head":"<!-- This site is optimized with the Yoast SEO plugin v24.2 - https:\/\/yoast.com\/wordpress\/plugins\/seo\/ -->\n<title>Domeniul bancar, valori mobiliare \u015fi finan\u021be - McGregor &amp; Partners Bucharest<\/title>\n<meta name=\"robots\" content=\"index, follow, max-snippet:-1, max-image-preview:large, max-video-preview:-1\" \/>\n<link rel=\"canonical\" href=\"https:\/\/www.mcgregorlegal.eu\/ro\/servicii\/banci-garantii-si-finante\/\" \/>\n<meta property=\"og:locale\" content=\"ro_RO\" \/>\n<meta property=\"og:type\" content=\"article\" \/>\n<meta property=\"og:title\" content=\"Domeniul bancar, valori mobiliare \u015fi finan\u021be - McGregor &amp; Partners Bucharest\" \/>\n<meta property=\"og:description\" content=\"V\u0103 putem asista \u00een leg\u0103tur\u0103 cu: Negocierea \u015fi redactarea actelor de \u00eemprumut, inclusiv titlurile de valoare convertibile Crearea titlurilor de proprietate legate de bunurile mobiliare \u015fi imobilare, incluz\u00e2nd negocierea \u015fi redactarea actelor de garan\u0163ie, ca de asemenea \u015fi \u00eenregistrarea titlurilor de proprietate create \u00een felul acesta Active financiare Negocierea \u00eemprumuturilor Tranzac\u0163ii financiare Proiecte financiare, inclusiv [&hellip;]\" \/>\n<meta property=\"og:url\" content=\"https:\/\/www.mcgregorlegal.eu\/ro\/servicii\/banci-garantii-si-finante\/\" \/>\n<meta property=\"og:site_name\" content=\"McGregor &amp; Partners Bucharest\" \/>\n<meta property=\"article:modified_time\" content=\"2018-10-19T09:12:34+00:00\" \/>\n<meta name=\"twitter:card\" content=\"summary_large_image\" \/>\n<meta name=\"twitter:label1\" content=\"Written by\" \/>\n\t<meta name=\"twitter:data1\" content=\"felix\" \/>\n<script type=\"application\/ld+json\" class=\"yoast-schema-graph\">{\"@context\":\"https:\/\/schema.org\",\"@graph\":[{\"@type\":\"WebPage\",\"@id\":\"https:\/\/www.mcgregorlegal.eu\/ro\/servicii\/banci-garantii-si-finante\/\",\"url\":\"https:\/\/www.mcgregorlegal.eu\/ro\/servicii\/banci-garantii-si-finante\/\",\"name\":\"Domeniul bancar, valori mobiliare \u015fi finan\u021be - McGregor &amp; Partners Bucharest\",\"isPartOf\":{\"@id\":\"https:\/\/www.mcgregorlegal.eu\/ro\/#website\"},\"datePublished\":\"2017-08-20T15:55:41+00:00\",\"dateModified\":\"2018-10-19T09:12:34+00:00\",\"breadcrumb\":{\"@id\":\"https:\/\/www.mcgregorlegal.eu\/ro\/servicii\/banci-garantii-si-finante\/#breadcrumb\"},\"inLanguage\":\"ro-RO\",\"potentialAction\":[{\"@type\":\"ReadAction\",\"target\":[\"https:\/\/www.mcgregorlegal.eu\/ro\/servicii\/banci-garantii-si-finante\/\"]}]},{\"@type\":\"BreadcrumbList\",\"@id\":\"https:\/\/www.mcgregorlegal.eu\/ro\/servicii\/banci-garantii-si-finante\/#breadcrumb\",\"itemListElement\":[{\"@type\":\"ListItem\",\"position\":1,\"name\":\"Home\",\"item\":\"https:\/\/www.mcgregorlegal.eu\/ro\/\"},{\"@type\":\"ListItem\",\"position\":2,\"name\":\"Servicii\",\"item\":\"https:\/\/www.mcgregorlegal.eu\/ro\/servicii\/\"},{\"@type\":\"ListItem\",\"position\":3,\"name\":\"Domeniul bancar, valori mobiliare \u015fi finan\u021be\"}]},{\"@type\":\"WebSite\",\"@id\":\"https:\/\/www.mcgregorlegal.eu\/ro\/#website\",\"url\":\"https:\/\/www.mcgregorlegal.eu\/ro\/\",\"name\":\"McGregor &amp; Partners Bucharest\",\"description\":\"o firm\u0103 de avocatur\u0103 de tip boutique, specializat\u0103 pe tranzac\u021bii comerciale\",\"potentialAction\":[{\"@type\":\"SearchAction\",\"target\":{\"@type\":\"EntryPoint\",\"urlTemplate\":\"https:\/\/www.mcgregorlegal.eu\/ro\/?s={search_term_string}\"},\"query-input\":{\"@type\":\"PropertyValueSpecification\",\"valueRequired\":true,\"valueName\":\"search_term_string\"}}],\"inLanguage\":\"ro-RO\"}]}<\/script>\n<!-- \/ Yoast SEO plugin. -->","yoast_head_json":{"title":"Domeniul bancar, valori mobiliare \u015fi finan\u021be - McGregor &amp; Partners Bucharest","robots":{"index":"index","follow":"follow","max-snippet":"max-snippet:-1","max-image-preview":"max-image-preview:large","max-video-preview":"max-video-preview:-1"},"canonical":"https:\/\/www.mcgregorlegal.eu\/ro\/servicii\/banci-garantii-si-finante\/","og_locale":"ro_RO","og_type":"article","og_title":"Domeniul bancar, valori mobiliare \u015fi finan\u021be - McGregor &amp; Partners Bucharest","og_description":"V\u0103 putem asista \u00een leg\u0103tur\u0103 cu: Negocierea \u015fi redactarea actelor de \u00eemprumut, inclusiv titlurile de valoare convertibile Crearea titlurilor de proprietate legate de bunurile mobiliare \u015fi imobilare, incluz\u00e2nd negocierea \u015fi redactarea actelor de garan\u0163ie, ca de asemenea \u015fi \u00eenregistrarea titlurilor de proprietate create \u00een felul acesta Active financiare Negocierea \u00eemprumuturilor Tranzac\u0163ii financiare Proiecte financiare, inclusiv [&hellip;]","og_url":"https:\/\/www.mcgregorlegal.eu\/ro\/servicii\/banci-garantii-si-finante\/","og_site_name":"McGregor &amp; Partners Bucharest","article_modified_time":"2018-10-19T09:12:34+00:00","twitter_card":"summary_large_image","twitter_misc":{"Written by":"felix"},"schema":{"@context":"https:\/\/schema.org","@graph":[{"@type":"WebPage","@id":"https:\/\/www.mcgregorlegal.eu\/ro\/servicii\/banci-garantii-si-finante\/","url":"https:\/\/www.mcgregorlegal.eu\/ro\/servicii\/banci-garantii-si-finante\/","name":"Domeniul bancar, valori mobiliare \u015fi finan\u021be - McGregor &amp; Partners Bucharest","isPartOf":{"@id":"https:\/\/www.mcgregorlegal.eu\/ro\/#website"},"datePublished":"2017-08-20T15:55:41+00:00","dateModified":"2018-10-19T09:12:34+00:00","breadcrumb":{"@id":"https:\/\/www.mcgregorlegal.eu\/ro\/servicii\/banci-garantii-si-finante\/#breadcrumb"},"inLanguage":"ro-RO","potentialAction":[{"@type":"ReadAction","target":["https:\/\/www.mcgregorlegal.eu\/ro\/servicii\/banci-garantii-si-finante\/"]}]},{"@type":"BreadcrumbList","@id":"https:\/\/www.mcgregorlegal.eu\/ro\/servicii\/banci-garantii-si-finante\/#breadcrumb","itemListElement":[{"@type":"ListItem","position":1,"name":"Home","item":"https:\/\/www.mcgregorlegal.eu\/ro\/"},{"@type":"ListItem","position":2,"name":"Servicii","item":"https:\/\/www.mcgregorlegal.eu\/ro\/servicii\/"},{"@type":"ListItem","position":3,"name":"Domeniul bancar, valori mobiliare \u015fi finan\u021be"}]},{"@type":"WebSite","@id":"https:\/\/www.mcgregorlegal.eu\/ro\/#website","url":"https:\/\/www.mcgregorlegal.eu\/ro\/","name":"McGregor &amp; Partners Bucharest","description":"o firm\u0103 de avocatur\u0103 de tip boutique, specializat\u0103 pe tranzac\u021bii comerciale","potentialAction":[{"@type":"SearchAction","target":{"@type":"EntryPoint","urlTemplate":"https:\/\/www.mcgregorlegal.eu\/ro\/?s={search_term_string}"},"query-input":{"@type":"PropertyValueSpecification","valueRequired":true,"valueName":"search_term_string"}}],"inLanguage":"ro-RO"}]}},"_links":{"self":[{"href":"https:\/\/www.mcgregorlegal.eu\/ro\/wp-json\/wp\/v2\/pages\/1349","targetHints":{"allow":["GET"]}}],"collection":[{"href":"https:\/\/www.mcgregorlegal.eu\/ro\/wp-json\/wp\/v2\/pages"}],"about":[{"href":"https:\/\/www.mcgregorlegal.eu\/ro\/wp-json\/wp\/v2\/types\/page"}],"author":[{"embeddable":true,"href":"https:\/\/www.mcgregorlegal.eu\/ro\/wp-json\/wp\/v2\/users\/1"}],"replies":[{"embeddable":true,"href":"https:\/\/www.mcgregorlegal.eu\/ro\/wp-json\/wp\/v2\/comments?post=1349"}],"version-history":[{"count":2,"href":"https:\/\/www.mcgregorlegal.eu\/ro\/wp-json\/wp\/v2\/pages\/1349\/revisions"}],"predecessor-version":[{"id":2576,"href":"https:\/\/www.mcgregorlegal.eu\/ro\/wp-json\/wp\/v2\/pages\/1349\/revisions\/2576"}],"up":[{"embeddable":true,"href":"https:\/\/www.mcgregorlegal.eu\/ro\/wp-json\/wp\/v2\/pages\/1346"}],"wp:attachment":[{"href":"https:\/\/www.mcgregorlegal.eu\/ro\/wp-json\/wp\/v2\/media?parent=1349"}],"wp:term":[{"taxonomy":"author","embeddable":true,"href":"https:\/\/www.mcgregorlegal.eu\/ro\/wp-json\/wp\/v2\/coauthors?post=1349"}],"curies":[{"name":"wp","href":"https:\/\/api.w.org\/{rel}","templated":true}]}}