{"id":1355,"date":"2017-08-20T16:03:09","date_gmt":"2017-08-20T16:03:09","guid":{"rendered":"http:\/\/mcg.prearechin.ro\/?page_id=1355"},"modified":"2019-02-11T17:36:12","modified_gmt":"2019-02-11T17:36:12","slug":"probleme-legate-de-societate-si-probleme-comerciale","status":"publish","type":"page","link":"https:\/\/www.mcgregorlegal.eu\/ro\/servicii\/probleme-legate-de-societate-si-probleme-comerciale\/","title":{"rendered":"Probleme de societate \u015fi comerciale"},"content":{"rendered":"\n<p>V\u0103 putem asista \u00een leg\u0103tur\u0103 cu:<\/p>\n\n\n\n<ul class=\"wp-block-list\"><li>Negocierea \u015fi redactarea planurilor complexe comerciale inclusiv a societ\u0103\u0163ilor mixte, acorduri bilaterale, contracte de prest\u0103ri servicii, acorduri financiare \u015fi acorduri de folosin\u0163\u0103 a propriet\u0103\u0163ii intelectuale<\/li><li>Probleme de indermediere \u015fi probleme comerciale, inclusiv cele supuse regimului Uniunii Europene privind agen\u0163ii comerciali<\/li><li>\u00cenfiin\u0163area, fuzionarea \u015fi dizolvarea societ\u0103\u0163ilor<\/li><li>Administrarea societ\u0103\u0163ilor<\/li><li>Capitalizarea \u015fi alte probleme legate de domeniul financiar al societ\u0103\u0163ilor<\/li><li>Contracte de furnizare, depozitare \u015fi transmitere de energie<\/li><li>Probleme de tehnologia informa\u0163iei, internet \u015fi comer\u0163 electronic<\/li><li>\u00cenfiin\u0163area, operarea \u015fi dizolvarea sediilor<\/li><li>Francize \u015fi servicii outsourcing<\/li><\/ul>\n","protected":false},"excerpt":{"rendered":"<p>V\u0103 putem asista \u00een leg\u0103tur\u0103 cu: Negocierea \u015fi redactarea planurilor complexe comerciale inclusiv a societ\u0103\u0163ilor mixte, acorduri bilaterale, contracte de prest\u0103ri servicii, acorduri financiare \u015fi acorduri de folosin\u0163\u0103 a propriet\u0103\u0163ii intelectuale Probleme de indermediere \u015fi probleme comerciale, inclusiv cele supuse regimului Uniunii Europene privind agen\u0163ii comerciali \u00cenfiin\u0163area, fuzionarea \u015fi dizolvarea societ\u0103\u0163ilor Administrarea societ\u0103\u0163ilor Capitalizarea \u015fi [&hellip;]<\/p>\n","protected":false},"author":1,"featured_media":0,"parent":1346,"menu_order":0,"comment_status":"closed","ping_status":"closed","template":"","meta":{"_genesis_hide_title":false,"_genesis_hide_breadcrumbs":false,"_genesis_hide_singular_image":false,"_genesis_hide_footer_widgets":false,"_genesis_custom_body_class":"","_genesis_custom_post_class":"","_genesis_layout":"","footnotes":""},"coauthors":[],"class_list":{"0":"post-1355","1":"page","2":"type-page","3":"status-publish","5":"entry"},"yoast_head":"<!-- This site is optimized with the Yoast SEO plugin v24.2 - https:\/\/yoast.com\/wordpress\/plugins\/seo\/ -->\n<title>Probleme de societate \u015fi comerciale - McGregor &amp; Partners Bucharest<\/title>\n<meta name=\"robots\" content=\"index, follow, max-snippet:-1, max-image-preview:large, max-video-preview:-1\" \/>\n<link rel=\"canonical\" href=\"https:\/\/www.mcgregorlegal.eu\/ro\/servicii\/probleme-legate-de-societate-si-probleme-comerciale\/\" \/>\n<meta property=\"og:locale\" content=\"ro_RO\" \/>\n<meta property=\"og:type\" content=\"article\" \/>\n<meta property=\"og:title\" content=\"Probleme de societate \u015fi comerciale - McGregor &amp; Partners Bucharest\" \/>\n<meta property=\"og:description\" content=\"V\u0103 putem asista \u00een leg\u0103tur\u0103 cu: Negocierea \u015fi redactarea planurilor complexe comerciale inclusiv a societ\u0103\u0163ilor mixte, acorduri bilaterale, contracte de prest\u0103ri servicii, acorduri financiare \u015fi acorduri de folosin\u0163\u0103 a propriet\u0103\u0163ii intelectuale Probleme de indermediere \u015fi probleme comerciale, inclusiv cele supuse regimului Uniunii Europene privind agen\u0163ii comerciali \u00cenfiin\u0163area, fuzionarea \u015fi dizolvarea societ\u0103\u0163ilor Administrarea societ\u0103\u0163ilor Capitalizarea \u015fi [&hellip;]\" \/>\n<meta property=\"og:url\" content=\"https:\/\/www.mcgregorlegal.eu\/ro\/servicii\/probleme-legate-de-societate-si-probleme-comerciale\/\" \/>\n<meta property=\"og:site_name\" content=\"McGregor &amp; Partners Bucharest\" \/>\n<meta property=\"article:modified_time\" content=\"2019-02-11T17:36:12+00:00\" \/>\n<meta name=\"twitter:card\" content=\"summary_large_image\" \/>\n<meta name=\"twitter:label1\" content=\"Written by\" \/>\n\t<meta name=\"twitter:data1\" content=\"felix\" \/>\n<script type=\"application\/ld+json\" class=\"yoast-schema-graph\">{\"@context\":\"https:\/\/schema.org\",\"@graph\":[{\"@type\":\"WebPage\",\"@id\":\"https:\/\/www.mcgregorlegal.eu\/ro\/servicii\/probleme-legate-de-societate-si-probleme-comerciale\/\",\"url\":\"https:\/\/www.mcgregorlegal.eu\/ro\/servicii\/probleme-legate-de-societate-si-probleme-comerciale\/\",\"name\":\"Probleme de societate \u015fi comerciale - McGregor &amp; Partners Bucharest\",\"isPartOf\":{\"@id\":\"https:\/\/www.mcgregorlegal.eu\/ro\/#website\"},\"datePublished\":\"2017-08-20T16:03:09+00:00\",\"dateModified\":\"2019-02-11T17:36:12+00:00\",\"breadcrumb\":{\"@id\":\"https:\/\/www.mcgregorlegal.eu\/ro\/servicii\/probleme-legate-de-societate-si-probleme-comerciale\/#breadcrumb\"},\"inLanguage\":\"ro-RO\",\"potentialAction\":[{\"@type\":\"ReadAction\",\"target\":[\"https:\/\/www.mcgregorlegal.eu\/ro\/servicii\/probleme-legate-de-societate-si-probleme-comerciale\/\"]}]},{\"@type\":\"BreadcrumbList\",\"@id\":\"https:\/\/www.mcgregorlegal.eu\/ro\/servicii\/probleme-legate-de-societate-si-probleme-comerciale\/#breadcrumb\",\"itemListElement\":[{\"@type\":\"ListItem\",\"position\":1,\"name\":\"Home\",\"item\":\"https:\/\/www.mcgregorlegal.eu\/ro\/\"},{\"@type\":\"ListItem\",\"position\":2,\"name\":\"Servicii\",\"item\":\"https:\/\/www.mcgregorlegal.eu\/ro\/servicii\/\"},{\"@type\":\"ListItem\",\"position\":3,\"name\":\"Probleme de societate \u015fi comerciale\"}]},{\"@type\":\"WebSite\",\"@id\":\"https:\/\/www.mcgregorlegal.eu\/ro\/#website\",\"url\":\"https:\/\/www.mcgregorlegal.eu\/ro\/\",\"name\":\"McGregor &amp; Partners Bucharest\",\"description\":\"o firm\u0103 de avocatur\u0103 de tip boutique, specializat\u0103 pe tranzac\u021bii comerciale\",\"potentialAction\":[{\"@type\":\"SearchAction\",\"target\":{\"@type\":\"EntryPoint\",\"urlTemplate\":\"https:\/\/www.mcgregorlegal.eu\/ro\/?s={search_term_string}\"},\"query-input\":{\"@type\":\"PropertyValueSpecification\",\"valueRequired\":true,\"valueName\":\"search_term_string\"}}],\"inLanguage\":\"ro-RO\"}]}<\/script>\n<!-- \/ Yoast SEO plugin. -->","yoast_head_json":{"title":"Probleme de societate \u015fi comerciale - McGregor &amp; Partners Bucharest","robots":{"index":"index","follow":"follow","max-snippet":"max-snippet:-1","max-image-preview":"max-image-preview:large","max-video-preview":"max-video-preview:-1"},"canonical":"https:\/\/www.mcgregorlegal.eu\/ro\/servicii\/probleme-legate-de-societate-si-probleme-comerciale\/","og_locale":"ro_RO","og_type":"article","og_title":"Probleme de societate \u015fi comerciale - McGregor &amp; Partners Bucharest","og_description":"V\u0103 putem asista \u00een leg\u0103tur\u0103 cu: Negocierea \u015fi redactarea planurilor complexe comerciale inclusiv a societ\u0103\u0163ilor mixte, acorduri bilaterale, contracte de prest\u0103ri servicii, acorduri financiare \u015fi acorduri de folosin\u0163\u0103 a propriet\u0103\u0163ii intelectuale Probleme de indermediere \u015fi probleme comerciale, inclusiv cele supuse regimului Uniunii Europene privind agen\u0163ii comerciali \u00cenfiin\u0163area, fuzionarea \u015fi dizolvarea societ\u0103\u0163ilor Administrarea societ\u0103\u0163ilor Capitalizarea \u015fi [&hellip;]","og_url":"https:\/\/www.mcgregorlegal.eu\/ro\/servicii\/probleme-legate-de-societate-si-probleme-comerciale\/","og_site_name":"McGregor &amp; Partners Bucharest","article_modified_time":"2019-02-11T17:36:12+00:00","twitter_card":"summary_large_image","twitter_misc":{"Written by":"felix"},"schema":{"@context":"https:\/\/schema.org","@graph":[{"@type":"WebPage","@id":"https:\/\/www.mcgregorlegal.eu\/ro\/servicii\/probleme-legate-de-societate-si-probleme-comerciale\/","url":"https:\/\/www.mcgregorlegal.eu\/ro\/servicii\/probleme-legate-de-societate-si-probleme-comerciale\/","name":"Probleme de societate \u015fi comerciale - McGregor &amp; Partners Bucharest","isPartOf":{"@id":"https:\/\/www.mcgregorlegal.eu\/ro\/#website"},"datePublished":"2017-08-20T16:03:09+00:00","dateModified":"2019-02-11T17:36:12+00:00","breadcrumb":{"@id":"https:\/\/www.mcgregorlegal.eu\/ro\/servicii\/probleme-legate-de-societate-si-probleme-comerciale\/#breadcrumb"},"inLanguage":"ro-RO","potentialAction":[{"@type":"ReadAction","target":["https:\/\/www.mcgregorlegal.eu\/ro\/servicii\/probleme-legate-de-societate-si-probleme-comerciale\/"]}]},{"@type":"BreadcrumbList","@id":"https:\/\/www.mcgregorlegal.eu\/ro\/servicii\/probleme-legate-de-societate-si-probleme-comerciale\/#breadcrumb","itemListElement":[{"@type":"ListItem","position":1,"name":"Home","item":"https:\/\/www.mcgregorlegal.eu\/ro\/"},{"@type":"ListItem","position":2,"name":"Servicii","item":"https:\/\/www.mcgregorlegal.eu\/ro\/servicii\/"},{"@type":"ListItem","position":3,"name":"Probleme de societate \u015fi comerciale"}]},{"@type":"WebSite","@id":"https:\/\/www.mcgregorlegal.eu\/ro\/#website","url":"https:\/\/www.mcgregorlegal.eu\/ro\/","name":"McGregor &amp; Partners Bucharest","description":"o firm\u0103 de avocatur\u0103 de tip boutique, specializat\u0103 pe tranzac\u021bii comerciale","potentialAction":[{"@type":"SearchAction","target":{"@type":"EntryPoint","urlTemplate":"https:\/\/www.mcgregorlegal.eu\/ro\/?s={search_term_string}"},"query-input":{"@type":"PropertyValueSpecification","valueRequired":true,"valueName":"search_term_string"}}],"inLanguage":"ro-RO"}]}},"_links":{"self":[{"href":"https:\/\/www.mcgregorlegal.eu\/ro\/wp-json\/wp\/v2\/pages\/1355","targetHints":{"allow":["GET"]}}],"collection":[{"href":"https:\/\/www.mcgregorlegal.eu\/ro\/wp-json\/wp\/v2\/pages"}],"about":[{"href":"https:\/\/www.mcgregorlegal.eu\/ro\/wp-json\/wp\/v2\/types\/page"}],"author":[{"embeddable":true,"href":"https:\/\/www.mcgregorlegal.eu\/ro\/wp-json\/wp\/v2\/users\/1"}],"replies":[{"embeddable":true,"href":"https:\/\/www.mcgregorlegal.eu\/ro\/wp-json\/wp\/v2\/comments?post=1355"}],"version-history":[{"count":3,"href":"https:\/\/www.mcgregorlegal.eu\/ro\/wp-json\/wp\/v2\/pages\/1355\/revisions"}],"predecessor-version":[{"id":2646,"href":"https:\/\/www.mcgregorlegal.eu\/ro\/wp-json\/wp\/v2\/pages\/1355\/revisions\/2646"}],"up":[{"embeddable":true,"href":"https:\/\/www.mcgregorlegal.eu\/ro\/wp-json\/wp\/v2\/pages\/1346"}],"wp:attachment":[{"href":"https:\/\/www.mcgregorlegal.eu\/ro\/wp-json\/wp\/v2\/media?parent=1355"}],"wp:term":[{"taxonomy":"author","embeddable":true,"href":"https:\/\/www.mcgregorlegal.eu\/ro\/wp-json\/wp\/v2\/coauthors?post=1355"}],"curies":[{"name":"wp","href":"https:\/\/api.w.org\/{rel}","templated":true}]}}