{"id":1358,"date":"2017-08-20T16:05:07","date_gmt":"2017-08-20T16:05:07","guid":{"rendered":"http:\/\/mcg.prearechin.ro\/?page_id=1358"},"modified":"2018-10-19T10:06:28","modified_gmt":"2018-10-19T10:06:28","slug":"domeniul-legislatiei-muncii-si-alte-probleme-legate-de-reglementare","status":"publish","type":"page","link":"https:\/\/www.mcgregorlegal.eu\/ro\/servicii\/domeniul-legislatiei-muncii-si-alte-probleme-legate-de-reglementare\/","title":{"rendered":"Domeniul legisla\u0163iei muncii \u015fi al altor probleme de reglementare"},"content":{"rendered":"<p>V\u0103 putem asista \u00een leg\u0103tur\u0103 cu:<\/p>\n<ul>\n<li>Aranjamente contractuale pentru directori, manageri \u015fi orice alt nivel al personalului, sub forma contractelor de munc\u0103 sau sub forma contractelor de consultan\u0163\u0103 sau de prest\u0103ri servicii<\/li>\n<li>Abordarea \u00eencet\u0103rii contractului de angajare \u00een cazul unui membru de conducere<\/li>\n<li>Negocierea contractelor colective de munc\u0103 cu sindicatele<\/li>\n<li>Echiparea navelor angajate \u00een comer\u0163ul interna\u0163ional<\/li>\n<li>Respectarea Codului Muncii \u015fi alte probleme de reglementare, inclusiv s\u0103n\u0103tatea \u015fi siguran\u0163a<\/li>\n<li>Rezolvarea conflictelor de munc\u0103;<\/li>\n<li>Probleme legate de date personale, confiden\u0163ialitate \u015fi know-how<\/li>\n<li>Prevenirea competi\u0163iei neloiale din partea fo\u015ftilor angaja\u0163i.<\/li>\n<\/ul>\n","protected":false},"excerpt":{"rendered":"<p>V\u0103 putem asista \u00een leg\u0103tur\u0103 cu: Aranjamente contractuale pentru directori, manageri \u015fi orice alt nivel al personalului, sub forma contractelor de munc\u0103 sau sub forma contractelor de consultan\u0163\u0103 sau de prest\u0103ri servicii Abordarea \u00eencet\u0103rii contractului de angajare \u00een cazul unui membru de conducere Negocierea contractelor colective de munc\u0103 cu sindicatele Echiparea navelor angajate \u00een comer\u0163ul [&hellip;]<\/p>\n","protected":false},"author":1,"featured_media":0,"parent":1346,"menu_order":0,"comment_status":"closed","ping_status":"closed","template":"","meta":{"_genesis_hide_title":false,"_genesis_hide_breadcrumbs":false,"_genesis_hide_singular_image":false,"_genesis_hide_footer_widgets":false,"_genesis_custom_body_class":"","_genesis_custom_post_class":"","_genesis_layout":"","footnotes":""},"coauthors":[],"class_list":{"0":"post-1358","1":"page","2":"type-page","3":"status-publish","5":"entry"},"yoast_head":"<!-- This site is optimized with the Yoast SEO plugin v24.2 - https:\/\/yoast.com\/wordpress\/plugins\/seo\/ -->\n<title>Domeniul legisla\u0163iei muncii \u015fi al altor probleme de reglementare - McGregor &amp; Partners Bucharest<\/title>\n<meta name=\"robots\" content=\"index, follow, max-snippet:-1, max-image-preview:large, max-video-preview:-1\" \/>\n<link rel=\"canonical\" href=\"https:\/\/www.mcgregorlegal.eu\/ro\/servicii\/domeniul-legislatiei-muncii-si-alte-probleme-legate-de-reglementare\/\" \/>\n<meta property=\"og:locale\" content=\"ro_RO\" \/>\n<meta property=\"og:type\" content=\"article\" \/>\n<meta property=\"og:title\" content=\"Domeniul legisla\u0163iei muncii \u015fi al altor probleme de reglementare - McGregor &amp; Partners Bucharest\" \/>\n<meta property=\"og:description\" content=\"V\u0103 putem asista \u00een leg\u0103tur\u0103 cu: Aranjamente contractuale pentru directori, manageri \u015fi orice alt nivel al personalului, sub forma contractelor de munc\u0103 sau sub forma contractelor de consultan\u0163\u0103 sau de prest\u0103ri servicii Abordarea \u00eencet\u0103rii contractului de angajare \u00een cazul unui membru de conducere Negocierea contractelor colective de munc\u0103 cu sindicatele Echiparea navelor angajate \u00een comer\u0163ul [&hellip;]\" \/>\n<meta property=\"og:url\" content=\"https:\/\/www.mcgregorlegal.eu\/ro\/servicii\/domeniul-legislatiei-muncii-si-alte-probleme-legate-de-reglementare\/\" \/>\n<meta property=\"og:site_name\" content=\"McGregor &amp; Partners Bucharest\" \/>\n<meta property=\"article:modified_time\" content=\"2018-10-19T10:06:28+00:00\" \/>\n<meta name=\"twitter:card\" content=\"summary_large_image\" \/>\n<meta name=\"twitter:label1\" content=\"Written by\" \/>\n\t<meta name=\"twitter:data1\" content=\"felix\" \/>\n<script type=\"application\/ld+json\" class=\"yoast-schema-graph\">{\"@context\":\"https:\/\/schema.org\",\"@graph\":[{\"@type\":\"WebPage\",\"@id\":\"https:\/\/www.mcgregorlegal.eu\/ro\/servicii\/domeniul-legislatiei-muncii-si-alte-probleme-legate-de-reglementare\/\",\"url\":\"https:\/\/www.mcgregorlegal.eu\/ro\/servicii\/domeniul-legislatiei-muncii-si-alte-probleme-legate-de-reglementare\/\",\"name\":\"Domeniul legisla\u0163iei muncii \u015fi al altor probleme de reglementare - McGregor &amp; Partners Bucharest\",\"isPartOf\":{\"@id\":\"https:\/\/www.mcgregorlegal.eu\/ro\/#website\"},\"datePublished\":\"2017-08-20T16:05:07+00:00\",\"dateModified\":\"2018-10-19T10:06:28+00:00\",\"breadcrumb\":{\"@id\":\"https:\/\/www.mcgregorlegal.eu\/ro\/servicii\/domeniul-legislatiei-muncii-si-alte-probleme-legate-de-reglementare\/#breadcrumb\"},\"inLanguage\":\"ro-RO\",\"potentialAction\":[{\"@type\":\"ReadAction\",\"target\":[\"https:\/\/www.mcgregorlegal.eu\/ro\/servicii\/domeniul-legislatiei-muncii-si-alte-probleme-legate-de-reglementare\/\"]}]},{\"@type\":\"BreadcrumbList\",\"@id\":\"https:\/\/www.mcgregorlegal.eu\/ro\/servicii\/domeniul-legislatiei-muncii-si-alte-probleme-legate-de-reglementare\/#breadcrumb\",\"itemListElement\":[{\"@type\":\"ListItem\",\"position\":1,\"name\":\"Home\",\"item\":\"https:\/\/www.mcgregorlegal.eu\/ro\/\"},{\"@type\":\"ListItem\",\"position\":2,\"name\":\"Servicii\",\"item\":\"https:\/\/www.mcgregorlegal.eu\/ro\/servicii\/\"},{\"@type\":\"ListItem\",\"position\":3,\"name\":\"Domeniul legisla\u0163iei muncii \u015fi al altor probleme de reglementare\"}]},{\"@type\":\"WebSite\",\"@id\":\"https:\/\/www.mcgregorlegal.eu\/ro\/#website\",\"url\":\"https:\/\/www.mcgregorlegal.eu\/ro\/\",\"name\":\"McGregor &amp; Partners Bucharest\",\"description\":\"o firm\u0103 de avocatur\u0103 de tip boutique, specializat\u0103 pe tranzac\u021bii comerciale\",\"potentialAction\":[{\"@type\":\"SearchAction\",\"target\":{\"@type\":\"EntryPoint\",\"urlTemplate\":\"https:\/\/www.mcgregorlegal.eu\/ro\/?s={search_term_string}\"},\"query-input\":{\"@type\":\"PropertyValueSpecification\",\"valueRequired\":true,\"valueName\":\"search_term_string\"}}],\"inLanguage\":\"ro-RO\"}]}<\/script>\n<!-- \/ Yoast SEO plugin. -->","yoast_head_json":{"title":"Domeniul legisla\u0163iei muncii \u015fi al altor probleme de reglementare - McGregor &amp; Partners Bucharest","robots":{"index":"index","follow":"follow","max-snippet":"max-snippet:-1","max-image-preview":"max-image-preview:large","max-video-preview":"max-video-preview:-1"},"canonical":"https:\/\/www.mcgregorlegal.eu\/ro\/servicii\/domeniul-legislatiei-muncii-si-alte-probleme-legate-de-reglementare\/","og_locale":"ro_RO","og_type":"article","og_title":"Domeniul legisla\u0163iei muncii \u015fi al altor probleme de reglementare - McGregor &amp; Partners Bucharest","og_description":"V\u0103 putem asista \u00een leg\u0103tur\u0103 cu: Aranjamente contractuale pentru directori, manageri \u015fi orice alt nivel al personalului, sub forma contractelor de munc\u0103 sau sub forma contractelor de consultan\u0163\u0103 sau de prest\u0103ri servicii Abordarea \u00eencet\u0103rii contractului de angajare \u00een cazul unui membru de conducere Negocierea contractelor colective de munc\u0103 cu sindicatele Echiparea navelor angajate \u00een comer\u0163ul [&hellip;]","og_url":"https:\/\/www.mcgregorlegal.eu\/ro\/servicii\/domeniul-legislatiei-muncii-si-alte-probleme-legate-de-reglementare\/","og_site_name":"McGregor &amp; Partners Bucharest","article_modified_time":"2018-10-19T10:06:28+00:00","twitter_card":"summary_large_image","twitter_misc":{"Written by":"felix"},"schema":{"@context":"https:\/\/schema.org","@graph":[{"@type":"WebPage","@id":"https:\/\/www.mcgregorlegal.eu\/ro\/servicii\/domeniul-legislatiei-muncii-si-alte-probleme-legate-de-reglementare\/","url":"https:\/\/www.mcgregorlegal.eu\/ro\/servicii\/domeniul-legislatiei-muncii-si-alte-probleme-legate-de-reglementare\/","name":"Domeniul legisla\u0163iei muncii \u015fi al altor probleme de reglementare - McGregor &amp; Partners Bucharest","isPartOf":{"@id":"https:\/\/www.mcgregorlegal.eu\/ro\/#website"},"datePublished":"2017-08-20T16:05:07+00:00","dateModified":"2018-10-19T10:06:28+00:00","breadcrumb":{"@id":"https:\/\/www.mcgregorlegal.eu\/ro\/servicii\/domeniul-legislatiei-muncii-si-alte-probleme-legate-de-reglementare\/#breadcrumb"},"inLanguage":"ro-RO","potentialAction":[{"@type":"ReadAction","target":["https:\/\/www.mcgregorlegal.eu\/ro\/servicii\/domeniul-legislatiei-muncii-si-alte-probleme-legate-de-reglementare\/"]}]},{"@type":"BreadcrumbList","@id":"https:\/\/www.mcgregorlegal.eu\/ro\/servicii\/domeniul-legislatiei-muncii-si-alte-probleme-legate-de-reglementare\/#breadcrumb","itemListElement":[{"@type":"ListItem","position":1,"name":"Home","item":"https:\/\/www.mcgregorlegal.eu\/ro\/"},{"@type":"ListItem","position":2,"name":"Servicii","item":"https:\/\/www.mcgregorlegal.eu\/ro\/servicii\/"},{"@type":"ListItem","position":3,"name":"Domeniul legisla\u0163iei muncii \u015fi al altor probleme de reglementare"}]},{"@type":"WebSite","@id":"https:\/\/www.mcgregorlegal.eu\/ro\/#website","url":"https:\/\/www.mcgregorlegal.eu\/ro\/","name":"McGregor &amp; Partners Bucharest","description":"o firm\u0103 de avocatur\u0103 de tip boutique, specializat\u0103 pe tranzac\u021bii comerciale","potentialAction":[{"@type":"SearchAction","target":{"@type":"EntryPoint","urlTemplate":"https:\/\/www.mcgregorlegal.eu\/ro\/?s={search_term_string}"},"query-input":{"@type":"PropertyValueSpecification","valueRequired":true,"valueName":"search_term_string"}}],"inLanguage":"ro-RO"}]}},"_links":{"self":[{"href":"https:\/\/www.mcgregorlegal.eu\/ro\/wp-json\/wp\/v2\/pages\/1358","targetHints":{"allow":["GET"]}}],"collection":[{"href":"https:\/\/www.mcgregorlegal.eu\/ro\/wp-json\/wp\/v2\/pages"}],"about":[{"href":"https:\/\/www.mcgregorlegal.eu\/ro\/wp-json\/wp\/v2\/types\/page"}],"author":[{"embeddable":true,"href":"https:\/\/www.mcgregorlegal.eu\/ro\/wp-json\/wp\/v2\/users\/1"}],"replies":[{"embeddable":true,"href":"https:\/\/www.mcgregorlegal.eu\/ro\/wp-json\/wp\/v2\/comments?post=1358"}],"version-history":[{"count":2,"href":"https:\/\/www.mcgregorlegal.eu\/ro\/wp-json\/wp\/v2\/pages\/1358\/revisions"}],"predecessor-version":[{"id":2586,"href":"https:\/\/www.mcgregorlegal.eu\/ro\/wp-json\/wp\/v2\/pages\/1358\/revisions\/2586"}],"up":[{"embeddable":true,"href":"https:\/\/www.mcgregorlegal.eu\/ro\/wp-json\/wp\/v2\/pages\/1346"}],"wp:attachment":[{"href":"https:\/\/www.mcgregorlegal.eu\/ro\/wp-json\/wp\/v2\/media?parent=1358"}],"wp:term":[{"taxonomy":"author","embeddable":true,"href":"https:\/\/www.mcgregorlegal.eu\/ro\/wp-json\/wp\/v2\/coauthors?post=1358"}],"curies":[{"name":"wp","href":"https:\/\/api.w.org\/{rel}","templated":true}]}}