{"id":1371,"date":"2017-08-20T16:11:15","date_gmt":"2017-08-20T16:11:15","guid":{"rendered":"http:\/\/mcg.prearechin.ro\/?page_id=1371"},"modified":"2018-10-19T09:14:06","modified_gmt":"2018-10-19T09:14:06","slug":"proprietatea-intelectuala-si-mass-media","status":"publish","type":"page","link":"https:\/\/www.mcgregorlegal.eu\/ro\/servicii\/proprietatea-intelectuala-si-mass-media\/","title":{"rendered":"Domeniul propriet\u0103\u0163ii intelectuale \u015fi probleme de media"},"content":{"rendered":"<p>V\u0103 putem asista \u00een leg\u0103tur\u0103 cu:<\/p>\n<ul>\n<li>Achizi\u0163ionarea m\u0103rcilor \u00eenregistrate, m\u0103rcilor de servicii, proiectelor \u00eenregistrate \u015fi alte propriet\u0103\u0163i intelectuale<\/li>\n<li>Contracte de coexisten\u0163\u0103<\/li>\n<li>Contracte de furnizare de know-how \u015fi asisten\u0163\u0103 tehnic\u0103<\/li>\n<li>Contracte de concesionare \u015fi sub-concesionare<\/li>\n<li>Prevenirea \u00eenc\u0103lc\u0103rii drepturilor de proprietate intelectual\u0103<\/li>\n<li>Drepturi de radiodifuzare<\/li>\n<li>Contracte referitoare la inven\u0163ii \u015fi alte propriet\u0103\u0163i intelectuale dezvoltate de angaja\u0163i \u015fi contractori<\/li>\n<\/ul>\n","protected":false},"excerpt":{"rendered":"<p>V\u0103 putem asista \u00een leg\u0103tur\u0103 cu: Achizi\u0163ionarea m\u0103rcilor \u00eenregistrate, m\u0103rcilor de servicii, proiectelor \u00eenregistrate \u015fi alte propriet\u0103\u0163i intelectuale Contracte de coexisten\u0163\u0103 Contracte de furnizare de know-how \u015fi asisten\u0163\u0103 tehnic\u0103 Contracte de concesionare \u015fi sub-concesionare Prevenirea \u00eenc\u0103lc\u0103rii drepturilor de proprietate intelectual\u0103 Drepturi de radiodifuzare Contracte referitoare la inven\u0163ii \u015fi alte propriet\u0103\u0163i intelectuale dezvoltate de angaja\u0163i \u015fi [&hellip;]<\/p>\n","protected":false},"author":1,"featured_media":0,"parent":1346,"menu_order":0,"comment_status":"closed","ping_status":"closed","template":"","meta":{"_genesis_hide_title":false,"_genesis_hide_breadcrumbs":false,"_genesis_hide_singular_image":false,"_genesis_hide_footer_widgets":false,"_genesis_custom_body_class":"","_genesis_custom_post_class":"","_genesis_layout":"","footnotes":""},"coauthors":[],"class_list":{"0":"post-1371","1":"page","2":"type-page","3":"status-publish","5":"entry"},"yoast_head":"<!-- This site is optimized with the Yoast SEO plugin v24.2 - https:\/\/yoast.com\/wordpress\/plugins\/seo\/ -->\n<title>Domeniul propriet\u0103\u0163ii intelectuale \u015fi probleme de media - McGregor &amp; Partners Bucharest<\/title>\n<meta name=\"robots\" content=\"index, follow, max-snippet:-1, max-image-preview:large, max-video-preview:-1\" \/>\n<link rel=\"canonical\" href=\"https:\/\/www.mcgregorlegal.eu\/ro\/servicii\/proprietatea-intelectuala-si-mass-media\/\" \/>\n<meta property=\"og:locale\" content=\"ro_RO\" \/>\n<meta property=\"og:type\" content=\"article\" \/>\n<meta property=\"og:title\" content=\"Domeniul propriet\u0103\u0163ii intelectuale \u015fi probleme de media - McGregor &amp; Partners Bucharest\" \/>\n<meta property=\"og:description\" content=\"V\u0103 putem asista \u00een leg\u0103tur\u0103 cu: Achizi\u0163ionarea m\u0103rcilor \u00eenregistrate, m\u0103rcilor de servicii, proiectelor \u00eenregistrate \u015fi alte propriet\u0103\u0163i intelectuale Contracte de coexisten\u0163\u0103 Contracte de furnizare de know-how \u015fi asisten\u0163\u0103 tehnic\u0103 Contracte de concesionare \u015fi sub-concesionare Prevenirea \u00eenc\u0103lc\u0103rii drepturilor de proprietate intelectual\u0103 Drepturi de radiodifuzare Contracte referitoare la inven\u0163ii \u015fi alte propriet\u0103\u0163i intelectuale dezvoltate de angaja\u0163i \u015fi [&hellip;]\" \/>\n<meta property=\"og:url\" content=\"https:\/\/www.mcgregorlegal.eu\/ro\/servicii\/proprietatea-intelectuala-si-mass-media\/\" \/>\n<meta property=\"og:site_name\" content=\"McGregor &amp; Partners Bucharest\" \/>\n<meta property=\"article:modified_time\" content=\"2018-10-19T09:14:06+00:00\" \/>\n<meta name=\"twitter:card\" content=\"summary_large_image\" \/>\n<meta name=\"twitter:label1\" content=\"Written by\" \/>\n\t<meta name=\"twitter:data1\" content=\"felix\" \/>\n<script type=\"application\/ld+json\" class=\"yoast-schema-graph\">{\"@context\":\"https:\/\/schema.org\",\"@graph\":[{\"@type\":\"WebPage\",\"@id\":\"https:\/\/www.mcgregorlegal.eu\/ro\/servicii\/proprietatea-intelectuala-si-mass-media\/\",\"url\":\"https:\/\/www.mcgregorlegal.eu\/ro\/servicii\/proprietatea-intelectuala-si-mass-media\/\",\"name\":\"Domeniul propriet\u0103\u0163ii intelectuale \u015fi probleme de media - McGregor &amp; Partners Bucharest\",\"isPartOf\":{\"@id\":\"https:\/\/www.mcgregorlegal.eu\/ro\/#website\"},\"datePublished\":\"2017-08-20T16:11:15+00:00\",\"dateModified\":\"2018-10-19T09:14:06+00:00\",\"breadcrumb\":{\"@id\":\"https:\/\/www.mcgregorlegal.eu\/ro\/servicii\/proprietatea-intelectuala-si-mass-media\/#breadcrumb\"},\"inLanguage\":\"ro-RO\",\"potentialAction\":[{\"@type\":\"ReadAction\",\"target\":[\"https:\/\/www.mcgregorlegal.eu\/ro\/servicii\/proprietatea-intelectuala-si-mass-media\/\"]}]},{\"@type\":\"BreadcrumbList\",\"@id\":\"https:\/\/www.mcgregorlegal.eu\/ro\/servicii\/proprietatea-intelectuala-si-mass-media\/#breadcrumb\",\"itemListElement\":[{\"@type\":\"ListItem\",\"position\":1,\"name\":\"Home\",\"item\":\"https:\/\/www.mcgregorlegal.eu\/ro\/\"},{\"@type\":\"ListItem\",\"position\":2,\"name\":\"Servicii\",\"item\":\"https:\/\/www.mcgregorlegal.eu\/ro\/servicii\/\"},{\"@type\":\"ListItem\",\"position\":3,\"name\":\"Domeniul propriet\u0103\u0163ii intelectuale \u015fi probleme de media\"}]},{\"@type\":\"WebSite\",\"@id\":\"https:\/\/www.mcgregorlegal.eu\/ro\/#website\",\"url\":\"https:\/\/www.mcgregorlegal.eu\/ro\/\",\"name\":\"McGregor &amp; Partners Bucharest\",\"description\":\"o firm\u0103 de avocatur\u0103 de tip boutique, specializat\u0103 pe tranzac\u021bii comerciale\",\"potentialAction\":[{\"@type\":\"SearchAction\",\"target\":{\"@type\":\"EntryPoint\",\"urlTemplate\":\"https:\/\/www.mcgregorlegal.eu\/ro\/?s={search_term_string}\"},\"query-input\":{\"@type\":\"PropertyValueSpecification\",\"valueRequired\":true,\"valueName\":\"search_term_string\"}}],\"inLanguage\":\"ro-RO\"}]}<\/script>\n<!-- \/ Yoast SEO plugin. -->","yoast_head_json":{"title":"Domeniul propriet\u0103\u0163ii intelectuale \u015fi probleme de media - McGregor &amp; Partners Bucharest","robots":{"index":"index","follow":"follow","max-snippet":"max-snippet:-1","max-image-preview":"max-image-preview:large","max-video-preview":"max-video-preview:-1"},"canonical":"https:\/\/www.mcgregorlegal.eu\/ro\/servicii\/proprietatea-intelectuala-si-mass-media\/","og_locale":"ro_RO","og_type":"article","og_title":"Domeniul propriet\u0103\u0163ii intelectuale \u015fi probleme de media - McGregor &amp; Partners Bucharest","og_description":"V\u0103 putem asista \u00een leg\u0103tur\u0103 cu: Achizi\u0163ionarea m\u0103rcilor \u00eenregistrate, m\u0103rcilor de servicii, proiectelor \u00eenregistrate \u015fi alte propriet\u0103\u0163i intelectuale Contracte de coexisten\u0163\u0103 Contracte de furnizare de know-how \u015fi asisten\u0163\u0103 tehnic\u0103 Contracte de concesionare \u015fi sub-concesionare Prevenirea \u00eenc\u0103lc\u0103rii drepturilor de proprietate intelectual\u0103 Drepturi de radiodifuzare Contracte referitoare la inven\u0163ii \u015fi alte propriet\u0103\u0163i intelectuale dezvoltate de angaja\u0163i \u015fi [&hellip;]","og_url":"https:\/\/www.mcgregorlegal.eu\/ro\/servicii\/proprietatea-intelectuala-si-mass-media\/","og_site_name":"McGregor &amp; Partners Bucharest","article_modified_time":"2018-10-19T09:14:06+00:00","twitter_card":"summary_large_image","twitter_misc":{"Written by":"felix"},"schema":{"@context":"https:\/\/schema.org","@graph":[{"@type":"WebPage","@id":"https:\/\/www.mcgregorlegal.eu\/ro\/servicii\/proprietatea-intelectuala-si-mass-media\/","url":"https:\/\/www.mcgregorlegal.eu\/ro\/servicii\/proprietatea-intelectuala-si-mass-media\/","name":"Domeniul propriet\u0103\u0163ii intelectuale \u015fi probleme de media - McGregor &amp; Partners Bucharest","isPartOf":{"@id":"https:\/\/www.mcgregorlegal.eu\/ro\/#website"},"datePublished":"2017-08-20T16:11:15+00:00","dateModified":"2018-10-19T09:14:06+00:00","breadcrumb":{"@id":"https:\/\/www.mcgregorlegal.eu\/ro\/servicii\/proprietatea-intelectuala-si-mass-media\/#breadcrumb"},"inLanguage":"ro-RO","potentialAction":[{"@type":"ReadAction","target":["https:\/\/www.mcgregorlegal.eu\/ro\/servicii\/proprietatea-intelectuala-si-mass-media\/"]}]},{"@type":"BreadcrumbList","@id":"https:\/\/www.mcgregorlegal.eu\/ro\/servicii\/proprietatea-intelectuala-si-mass-media\/#breadcrumb","itemListElement":[{"@type":"ListItem","position":1,"name":"Home","item":"https:\/\/www.mcgregorlegal.eu\/ro\/"},{"@type":"ListItem","position":2,"name":"Servicii","item":"https:\/\/www.mcgregorlegal.eu\/ro\/servicii\/"},{"@type":"ListItem","position":3,"name":"Domeniul propriet\u0103\u0163ii intelectuale \u015fi probleme de media"}]},{"@type":"WebSite","@id":"https:\/\/www.mcgregorlegal.eu\/ro\/#website","url":"https:\/\/www.mcgregorlegal.eu\/ro\/","name":"McGregor &amp; Partners Bucharest","description":"o firm\u0103 de avocatur\u0103 de tip boutique, specializat\u0103 pe tranzac\u021bii comerciale","potentialAction":[{"@type":"SearchAction","target":{"@type":"EntryPoint","urlTemplate":"https:\/\/www.mcgregorlegal.eu\/ro\/?s={search_term_string}"},"query-input":{"@type":"PropertyValueSpecification","valueRequired":true,"valueName":"search_term_string"}}],"inLanguage":"ro-RO"}]}},"_links":{"self":[{"href":"https:\/\/www.mcgregorlegal.eu\/ro\/wp-json\/wp\/v2\/pages\/1371","targetHints":{"allow":["GET"]}}],"collection":[{"href":"https:\/\/www.mcgregorlegal.eu\/ro\/wp-json\/wp\/v2\/pages"}],"about":[{"href":"https:\/\/www.mcgregorlegal.eu\/ro\/wp-json\/wp\/v2\/types\/page"}],"author":[{"embeddable":true,"href":"https:\/\/www.mcgregorlegal.eu\/ro\/wp-json\/wp\/v2\/users\/1"}],"replies":[{"embeddable":true,"href":"https:\/\/www.mcgregorlegal.eu\/ro\/wp-json\/wp\/v2\/comments?post=1371"}],"version-history":[{"count":1,"href":"https:\/\/www.mcgregorlegal.eu\/ro\/wp-json\/wp\/v2\/pages\/1371\/revisions"}],"predecessor-version":[{"id":2578,"href":"https:\/\/www.mcgregorlegal.eu\/ro\/wp-json\/wp\/v2\/pages\/1371\/revisions\/2578"}],"up":[{"embeddable":true,"href":"https:\/\/www.mcgregorlegal.eu\/ro\/wp-json\/wp\/v2\/pages\/1346"}],"wp:attachment":[{"href":"https:\/\/www.mcgregorlegal.eu\/ro\/wp-json\/wp\/v2\/media?parent=1371"}],"wp:term":[{"taxonomy":"author","embeddable":true,"href":"https:\/\/www.mcgregorlegal.eu\/ro\/wp-json\/wp\/v2\/coauthors?post=1371"}],"curies":[{"name":"wp","href":"https:\/\/api.w.org\/{rel}","templated":true}]}}