{"id":1374,"date":"2017-08-20T16:12:54","date_gmt":"2017-08-20T16:12:54","guid":{"rendered":"http:\/\/mcg.prearechin.ro\/?page_id=1374"},"modified":"2018-10-19T09:14:40","modified_gmt":"2018-10-19T09:14:40","slug":"lichidare-si-restructurare","status":"publish","type":"page","link":"https:\/\/www.mcgregorlegal.eu\/ro\/servicii\/lichidare-si-restructurare\/","title":{"rendered":"Domeniul lichid\u0103rilor \u015fi restructur\u0103rilor"},"content":{"rendered":"<p>V\u0103 putem asista \u00een leg\u0103tur\u0103 cu:<\/p>\n<ul>\n<li>Lichid\u0103ri \u015fi concesion\u0103ri de societ\u0103\u0163i comerciale<\/li>\n<li>Achizi\u0163ion\u0103ri de active de la societ\u0103\u0163i aflate \u00een dificultate financiar\u0103 \u015fi de la societ\u0103\u0163i insolvabile, inclusiv minimalizarea dificult\u0103\u0163ilor din partea lichidatorilor \u015fi creditorilor \u00een cazul acestui tip de tranzac\u0163ii<\/li>\n<li>Consulan\u0163\u0103 acordat\u0103 directorilor \u015fi ac\u0163ionarilor privind propor\u0163ionalitatea capitalului \u015fi probleme de comer\u0163<\/li>\n<li>Consulan\u0163\u0103 acordat\u0103 lichidatorilor privind procesul \u015fi procedura de lichidare<\/li>\n<li>Ac\u0163iuni \u00een numele creditorilor \u00een leg\u0103tur\u0103 cu revendic\u0103ri de la societ\u0103\u0163i insolvabile, inclusiv investigarea tranzac\u0163iilor suspecte<\/li>\n<\/ul>\n","protected":false},"excerpt":{"rendered":"<p>V\u0103 putem asista \u00een leg\u0103tur\u0103 cu: Lichid\u0103ri \u015fi concesion\u0103ri de societ\u0103\u0163i comerciale Achizi\u0163ion\u0103ri de active de la societ\u0103\u0163i aflate \u00een dificultate financiar\u0103 \u015fi de la societ\u0103\u0163i insolvabile, inclusiv minimalizarea dificult\u0103\u0163ilor din partea lichidatorilor \u015fi creditorilor \u00een cazul acestui tip de tranzac\u0163ii Consulan\u0163\u0103 acordat\u0103 directorilor \u015fi ac\u0163ionarilor privind propor\u0163ionalitatea capitalului \u015fi probleme de comer\u0163 Consulan\u0163\u0103 acordat\u0103 [&hellip;]<\/p>\n","protected":false},"author":1,"featured_media":0,"parent":1346,"menu_order":0,"comment_status":"closed","ping_status":"closed","template":"","meta":{"_genesis_hide_title":false,"_genesis_hide_breadcrumbs":false,"_genesis_hide_singular_image":false,"_genesis_hide_footer_widgets":false,"_genesis_custom_body_class":"","_genesis_custom_post_class":"","_genesis_layout":"","footnotes":""},"coauthors":[],"class_list":{"0":"post-1374","1":"page","2":"type-page","3":"status-publish","5":"entry"},"yoast_head":"<!-- This site is optimized with the Yoast SEO plugin v24.2 - https:\/\/yoast.com\/wordpress\/plugins\/seo\/ -->\n<title>Domeniul lichid\u0103rilor \u015fi restructur\u0103rilor - McGregor &amp; Partners Bucharest<\/title>\n<meta name=\"robots\" content=\"index, follow, max-snippet:-1, max-image-preview:large, max-video-preview:-1\" \/>\n<link rel=\"canonical\" href=\"https:\/\/www.mcgregorlegal.eu\/ro\/servicii\/lichidare-si-restructurare\/\" \/>\n<meta property=\"og:locale\" content=\"ro_RO\" \/>\n<meta property=\"og:type\" content=\"article\" \/>\n<meta property=\"og:title\" content=\"Domeniul lichid\u0103rilor \u015fi restructur\u0103rilor - McGregor &amp; Partners Bucharest\" \/>\n<meta property=\"og:description\" content=\"V\u0103 putem asista \u00een leg\u0103tur\u0103 cu: Lichid\u0103ri \u015fi concesion\u0103ri de societ\u0103\u0163i comerciale Achizi\u0163ion\u0103ri de active de la societ\u0103\u0163i aflate \u00een dificultate financiar\u0103 \u015fi de la societ\u0103\u0163i insolvabile, inclusiv minimalizarea dificult\u0103\u0163ilor din partea lichidatorilor \u015fi creditorilor \u00een cazul acestui tip de tranzac\u0163ii Consulan\u0163\u0103 acordat\u0103 directorilor \u015fi ac\u0163ionarilor privind propor\u0163ionalitatea capitalului \u015fi probleme de comer\u0163 Consulan\u0163\u0103 acordat\u0103 [&hellip;]\" \/>\n<meta property=\"og:url\" content=\"https:\/\/www.mcgregorlegal.eu\/ro\/servicii\/lichidare-si-restructurare\/\" \/>\n<meta property=\"og:site_name\" content=\"McGregor &amp; Partners Bucharest\" \/>\n<meta property=\"article:modified_time\" content=\"2018-10-19T09:14:40+00:00\" \/>\n<meta name=\"twitter:card\" content=\"summary_large_image\" \/>\n<meta name=\"twitter:label1\" content=\"Written by\" \/>\n\t<meta name=\"twitter:data1\" content=\"felix\" \/>\n<script type=\"application\/ld+json\" class=\"yoast-schema-graph\">{\"@context\":\"https:\/\/schema.org\",\"@graph\":[{\"@type\":\"WebPage\",\"@id\":\"https:\/\/www.mcgregorlegal.eu\/ro\/servicii\/lichidare-si-restructurare\/\",\"url\":\"https:\/\/www.mcgregorlegal.eu\/ro\/servicii\/lichidare-si-restructurare\/\",\"name\":\"Domeniul lichid\u0103rilor \u015fi restructur\u0103rilor - McGregor &amp; Partners Bucharest\",\"isPartOf\":{\"@id\":\"https:\/\/www.mcgregorlegal.eu\/ro\/#website\"},\"datePublished\":\"2017-08-20T16:12:54+00:00\",\"dateModified\":\"2018-10-19T09:14:40+00:00\",\"breadcrumb\":{\"@id\":\"https:\/\/www.mcgregorlegal.eu\/ro\/servicii\/lichidare-si-restructurare\/#breadcrumb\"},\"inLanguage\":\"ro-RO\",\"potentialAction\":[{\"@type\":\"ReadAction\",\"target\":[\"https:\/\/www.mcgregorlegal.eu\/ro\/servicii\/lichidare-si-restructurare\/\"]}]},{\"@type\":\"BreadcrumbList\",\"@id\":\"https:\/\/www.mcgregorlegal.eu\/ro\/servicii\/lichidare-si-restructurare\/#breadcrumb\",\"itemListElement\":[{\"@type\":\"ListItem\",\"position\":1,\"name\":\"Home\",\"item\":\"https:\/\/www.mcgregorlegal.eu\/ro\/\"},{\"@type\":\"ListItem\",\"position\":2,\"name\":\"Servicii\",\"item\":\"https:\/\/www.mcgregorlegal.eu\/ro\/servicii\/\"},{\"@type\":\"ListItem\",\"position\":3,\"name\":\"Domeniul lichid\u0103rilor \u015fi restructur\u0103rilor\"}]},{\"@type\":\"WebSite\",\"@id\":\"https:\/\/www.mcgregorlegal.eu\/ro\/#website\",\"url\":\"https:\/\/www.mcgregorlegal.eu\/ro\/\",\"name\":\"McGregor &amp; Partners Bucharest\",\"description\":\"o firm\u0103 de avocatur\u0103 de tip boutique, specializat\u0103 pe tranzac\u021bii comerciale\",\"potentialAction\":[{\"@type\":\"SearchAction\",\"target\":{\"@type\":\"EntryPoint\",\"urlTemplate\":\"https:\/\/www.mcgregorlegal.eu\/ro\/?s={search_term_string}\"},\"query-input\":{\"@type\":\"PropertyValueSpecification\",\"valueRequired\":true,\"valueName\":\"search_term_string\"}}],\"inLanguage\":\"ro-RO\"}]}<\/script>\n<!-- \/ Yoast SEO plugin. -->","yoast_head_json":{"title":"Domeniul lichid\u0103rilor \u015fi restructur\u0103rilor - McGregor &amp; Partners Bucharest","robots":{"index":"index","follow":"follow","max-snippet":"max-snippet:-1","max-image-preview":"max-image-preview:large","max-video-preview":"max-video-preview:-1"},"canonical":"https:\/\/www.mcgregorlegal.eu\/ro\/servicii\/lichidare-si-restructurare\/","og_locale":"ro_RO","og_type":"article","og_title":"Domeniul lichid\u0103rilor \u015fi restructur\u0103rilor - McGregor &amp; Partners Bucharest","og_description":"V\u0103 putem asista \u00een leg\u0103tur\u0103 cu: Lichid\u0103ri \u015fi concesion\u0103ri de societ\u0103\u0163i comerciale Achizi\u0163ion\u0103ri de active de la societ\u0103\u0163i aflate \u00een dificultate financiar\u0103 \u015fi de la societ\u0103\u0163i insolvabile, inclusiv minimalizarea dificult\u0103\u0163ilor din partea lichidatorilor \u015fi creditorilor \u00een cazul acestui tip de tranzac\u0163ii Consulan\u0163\u0103 acordat\u0103 directorilor \u015fi ac\u0163ionarilor privind propor\u0163ionalitatea capitalului \u015fi probleme de comer\u0163 Consulan\u0163\u0103 acordat\u0103 [&hellip;]","og_url":"https:\/\/www.mcgregorlegal.eu\/ro\/servicii\/lichidare-si-restructurare\/","og_site_name":"McGregor &amp; Partners Bucharest","article_modified_time":"2018-10-19T09:14:40+00:00","twitter_card":"summary_large_image","twitter_misc":{"Written by":"felix"},"schema":{"@context":"https:\/\/schema.org","@graph":[{"@type":"WebPage","@id":"https:\/\/www.mcgregorlegal.eu\/ro\/servicii\/lichidare-si-restructurare\/","url":"https:\/\/www.mcgregorlegal.eu\/ro\/servicii\/lichidare-si-restructurare\/","name":"Domeniul lichid\u0103rilor \u015fi restructur\u0103rilor - McGregor &amp; Partners Bucharest","isPartOf":{"@id":"https:\/\/www.mcgregorlegal.eu\/ro\/#website"},"datePublished":"2017-08-20T16:12:54+00:00","dateModified":"2018-10-19T09:14:40+00:00","breadcrumb":{"@id":"https:\/\/www.mcgregorlegal.eu\/ro\/servicii\/lichidare-si-restructurare\/#breadcrumb"},"inLanguage":"ro-RO","potentialAction":[{"@type":"ReadAction","target":["https:\/\/www.mcgregorlegal.eu\/ro\/servicii\/lichidare-si-restructurare\/"]}]},{"@type":"BreadcrumbList","@id":"https:\/\/www.mcgregorlegal.eu\/ro\/servicii\/lichidare-si-restructurare\/#breadcrumb","itemListElement":[{"@type":"ListItem","position":1,"name":"Home","item":"https:\/\/www.mcgregorlegal.eu\/ro\/"},{"@type":"ListItem","position":2,"name":"Servicii","item":"https:\/\/www.mcgregorlegal.eu\/ro\/servicii\/"},{"@type":"ListItem","position":3,"name":"Domeniul lichid\u0103rilor \u015fi restructur\u0103rilor"}]},{"@type":"WebSite","@id":"https:\/\/www.mcgregorlegal.eu\/ro\/#website","url":"https:\/\/www.mcgregorlegal.eu\/ro\/","name":"McGregor &amp; Partners Bucharest","description":"o firm\u0103 de avocatur\u0103 de tip boutique, specializat\u0103 pe tranzac\u021bii comerciale","potentialAction":[{"@type":"SearchAction","target":{"@type":"EntryPoint","urlTemplate":"https:\/\/www.mcgregorlegal.eu\/ro\/?s={search_term_string}"},"query-input":{"@type":"PropertyValueSpecification","valueRequired":true,"valueName":"search_term_string"}}],"inLanguage":"ro-RO"}]}},"_links":{"self":[{"href":"https:\/\/www.mcgregorlegal.eu\/ro\/wp-json\/wp\/v2\/pages\/1374","targetHints":{"allow":["GET"]}}],"collection":[{"href":"https:\/\/www.mcgregorlegal.eu\/ro\/wp-json\/wp\/v2\/pages"}],"about":[{"href":"https:\/\/www.mcgregorlegal.eu\/ro\/wp-json\/wp\/v2\/types\/page"}],"author":[{"embeddable":true,"href":"https:\/\/www.mcgregorlegal.eu\/ro\/wp-json\/wp\/v2\/users\/1"}],"replies":[{"embeddable":true,"href":"https:\/\/www.mcgregorlegal.eu\/ro\/wp-json\/wp\/v2\/comments?post=1374"}],"version-history":[{"count":1,"href":"https:\/\/www.mcgregorlegal.eu\/ro\/wp-json\/wp\/v2\/pages\/1374\/revisions"}],"predecessor-version":[{"id":2579,"href":"https:\/\/www.mcgregorlegal.eu\/ro\/wp-json\/wp\/v2\/pages\/1374\/revisions\/2579"}],"up":[{"embeddable":true,"href":"https:\/\/www.mcgregorlegal.eu\/ro\/wp-json\/wp\/v2\/pages\/1346"}],"wp:attachment":[{"href":"https:\/\/www.mcgregorlegal.eu\/ro\/wp-json\/wp\/v2\/media?parent=1374"}],"wp:term":[{"taxonomy":"author","embeddable":true,"href":"https:\/\/www.mcgregorlegal.eu\/ro\/wp-json\/wp\/v2\/coauthors?post=1374"}],"curies":[{"name":"wp","href":"https:\/\/api.w.org\/{rel}","templated":true}]}}