{"id":1377,"date":"2017-08-20T16:14:24","date_gmt":"2017-08-20T16:14:24","guid":{"rendered":"http:\/\/mcg.prearechin.ro\/?page_id=1377"},"modified":"2018-10-19T09:15:07","modified_gmt":"2018-10-19T09:15:07","slug":"litigii-si-solutionarea-disputelor","status":"publish","type":"page","link":"https:\/\/www.mcgregorlegal.eu\/ro\/servicii\/litigii-si-solutionarea-disputelor\/","title":{"rendered":"Domeniul litigiilor \u015fi rezolv\u0103rii disputelor"},"content":{"rendered":"<p>V\u0103 putem asista \u00een leg\u0103tur\u0103 cu:<\/p>\n<ul>\n<li>Revendic\u0103ri de asigur\u0103ri<\/li>\n<li>Revendic\u0103ri \u00een leg\u0103tur\u0103 cu \u00eenc\u0103lcarea drepturilor de proprietate intelectual\u0103<\/li>\n<li>\u00cencetarea rela\u0163iilor comerciale<\/li>\n<li>Revendic\u0103ri de daune din \u00eenc\u0103lcarea contractelor \u015fi alte lucr\u0103ri de recuperare de datorii<\/li>\n<li>Revendic\u0103ri ale ac\u0163ionarilor minoritari<\/li>\n<li>Litigii \u201ede uscat\u201d pentru proprietarii de nave, P&amp;I \u015fi cluburi de ap\u0103rare, navlositori, garan\u0163i ai \u00eenc\u0103rc\u0103turilor \u015fi furnizori de bunkere<\/li>\n<li>\u00centocmirea \u015fi sus\u0163inerea de revendic\u0103ri pentru restitu\u0163ia bunurilor imobiliare<\/li>\n<li>Investiga\u0163ii, \u00eenregistrarea declara\u0163iilor martorilor \u015fi alte lucr\u0103ri de suport pentru proceduri de litigiu \u015fi arbitraj care au loc \u00een alte jurisdic\u0163ii.<\/li>\n<\/ul>\n","protected":false},"excerpt":{"rendered":"<p>V\u0103 putem asista \u00een leg\u0103tur\u0103 cu: Revendic\u0103ri de asigur\u0103ri Revendic\u0103ri \u00een leg\u0103tur\u0103 cu \u00eenc\u0103lcarea drepturilor de proprietate intelectual\u0103 \u00cencetarea rela\u0163iilor comerciale Revendic\u0103ri de daune din \u00eenc\u0103lcarea contractelor \u015fi alte lucr\u0103ri de recuperare de datorii Revendic\u0103ri ale ac\u0163ionarilor minoritari Litigii \u201ede uscat\u201d pentru proprietarii de nave, P&amp;I \u015fi cluburi de ap\u0103rare, navlositori, garan\u0163i ai \u00eenc\u0103rc\u0103turilor \u015fi [&hellip;]<\/p>\n","protected":false},"author":1,"featured_media":0,"parent":1346,"menu_order":0,"comment_status":"closed","ping_status":"closed","template":"","meta":{"_genesis_hide_title":false,"_genesis_hide_breadcrumbs":false,"_genesis_hide_singular_image":false,"_genesis_hide_footer_widgets":false,"_genesis_custom_body_class":"","_genesis_custom_post_class":"","_genesis_layout":"","footnotes":""},"coauthors":[],"class_list":{"0":"post-1377","1":"page","2":"type-page","3":"status-publish","5":"entry"},"yoast_head":"<!-- This site is optimized with the Yoast SEO plugin v24.2 - https:\/\/yoast.com\/wordpress\/plugins\/seo\/ -->\n<title>Domeniul litigiilor \u015fi rezolv\u0103rii disputelor - McGregor &amp; Partners Bucharest<\/title>\n<meta name=\"robots\" content=\"index, follow, max-snippet:-1, max-image-preview:large, max-video-preview:-1\" \/>\n<link rel=\"canonical\" href=\"https:\/\/www.mcgregorlegal.eu\/ro\/servicii\/litigii-si-solutionarea-disputelor\/\" \/>\n<meta property=\"og:locale\" content=\"ro_RO\" \/>\n<meta property=\"og:type\" content=\"article\" \/>\n<meta property=\"og:title\" content=\"Domeniul litigiilor \u015fi rezolv\u0103rii disputelor - McGregor &amp; Partners Bucharest\" \/>\n<meta property=\"og:description\" content=\"V\u0103 putem asista \u00een leg\u0103tur\u0103 cu: Revendic\u0103ri de asigur\u0103ri Revendic\u0103ri \u00een leg\u0103tur\u0103 cu \u00eenc\u0103lcarea drepturilor de proprietate intelectual\u0103 \u00cencetarea rela\u0163iilor comerciale Revendic\u0103ri de daune din \u00eenc\u0103lcarea contractelor \u015fi alte lucr\u0103ri de recuperare de datorii Revendic\u0103ri ale ac\u0163ionarilor minoritari Litigii \u201ede uscat\u201d pentru proprietarii de nave, P&amp;I \u015fi cluburi de ap\u0103rare, navlositori, garan\u0163i ai \u00eenc\u0103rc\u0103turilor \u015fi [&hellip;]\" \/>\n<meta property=\"og:url\" content=\"https:\/\/www.mcgregorlegal.eu\/ro\/servicii\/litigii-si-solutionarea-disputelor\/\" \/>\n<meta property=\"og:site_name\" content=\"McGregor &amp; Partners Bucharest\" \/>\n<meta property=\"article:modified_time\" content=\"2018-10-19T09:15:07+00:00\" \/>\n<meta name=\"twitter:card\" content=\"summary_large_image\" \/>\n<meta name=\"twitter:label1\" content=\"Timp estimat pentru citire\" \/>\n\t<meta name=\"twitter:data1\" content=\"1 minut\" \/>\n\t<meta name=\"twitter:label2\" content=\"Written by\" \/>\n\t<meta name=\"twitter:data2\" content=\"felix\" \/>\n<script type=\"application\/ld+json\" class=\"yoast-schema-graph\">{\"@context\":\"https:\/\/schema.org\",\"@graph\":[{\"@type\":\"WebPage\",\"@id\":\"https:\/\/www.mcgregorlegal.eu\/ro\/servicii\/litigii-si-solutionarea-disputelor\/\",\"url\":\"https:\/\/www.mcgregorlegal.eu\/ro\/servicii\/litigii-si-solutionarea-disputelor\/\",\"name\":\"Domeniul litigiilor \u015fi rezolv\u0103rii disputelor - McGregor &amp; Partners Bucharest\",\"isPartOf\":{\"@id\":\"https:\/\/www.mcgregorlegal.eu\/ro\/#website\"},\"datePublished\":\"2017-08-20T16:14:24+00:00\",\"dateModified\":\"2018-10-19T09:15:07+00:00\",\"breadcrumb\":{\"@id\":\"https:\/\/www.mcgregorlegal.eu\/ro\/servicii\/litigii-si-solutionarea-disputelor\/#breadcrumb\"},\"inLanguage\":\"ro-RO\",\"potentialAction\":[{\"@type\":\"ReadAction\",\"target\":[\"https:\/\/www.mcgregorlegal.eu\/ro\/servicii\/litigii-si-solutionarea-disputelor\/\"]}]},{\"@type\":\"BreadcrumbList\",\"@id\":\"https:\/\/www.mcgregorlegal.eu\/ro\/servicii\/litigii-si-solutionarea-disputelor\/#breadcrumb\",\"itemListElement\":[{\"@type\":\"ListItem\",\"position\":1,\"name\":\"Home\",\"item\":\"https:\/\/www.mcgregorlegal.eu\/ro\/\"},{\"@type\":\"ListItem\",\"position\":2,\"name\":\"Servicii\",\"item\":\"https:\/\/www.mcgregorlegal.eu\/ro\/servicii\/\"},{\"@type\":\"ListItem\",\"position\":3,\"name\":\"Domeniul litigiilor \u015fi rezolv\u0103rii disputelor\"}]},{\"@type\":\"WebSite\",\"@id\":\"https:\/\/www.mcgregorlegal.eu\/ro\/#website\",\"url\":\"https:\/\/www.mcgregorlegal.eu\/ro\/\",\"name\":\"McGregor &amp; Partners Bucharest\",\"description\":\"o firm\u0103 de avocatur\u0103 de tip boutique, specializat\u0103 pe tranzac\u021bii comerciale\",\"potentialAction\":[{\"@type\":\"SearchAction\",\"target\":{\"@type\":\"EntryPoint\",\"urlTemplate\":\"https:\/\/www.mcgregorlegal.eu\/ro\/?s={search_term_string}\"},\"query-input\":{\"@type\":\"PropertyValueSpecification\",\"valueRequired\":true,\"valueName\":\"search_term_string\"}}],\"inLanguage\":\"ro-RO\"}]}<\/script>\n<!-- \/ Yoast SEO plugin. -->","yoast_head_json":{"title":"Domeniul litigiilor \u015fi rezolv\u0103rii disputelor - McGregor &amp; Partners Bucharest","robots":{"index":"index","follow":"follow","max-snippet":"max-snippet:-1","max-image-preview":"max-image-preview:large","max-video-preview":"max-video-preview:-1"},"canonical":"https:\/\/www.mcgregorlegal.eu\/ro\/servicii\/litigii-si-solutionarea-disputelor\/","og_locale":"ro_RO","og_type":"article","og_title":"Domeniul litigiilor \u015fi rezolv\u0103rii disputelor - McGregor &amp; Partners Bucharest","og_description":"V\u0103 putem asista \u00een leg\u0103tur\u0103 cu: Revendic\u0103ri de asigur\u0103ri Revendic\u0103ri \u00een leg\u0103tur\u0103 cu \u00eenc\u0103lcarea drepturilor de proprietate intelectual\u0103 \u00cencetarea rela\u0163iilor comerciale Revendic\u0103ri de daune din \u00eenc\u0103lcarea contractelor \u015fi alte lucr\u0103ri de recuperare de datorii Revendic\u0103ri ale ac\u0163ionarilor minoritari Litigii \u201ede uscat\u201d pentru proprietarii de nave, P&amp;I \u015fi cluburi de ap\u0103rare, navlositori, garan\u0163i ai \u00eenc\u0103rc\u0103turilor \u015fi [&hellip;]","og_url":"https:\/\/www.mcgregorlegal.eu\/ro\/servicii\/litigii-si-solutionarea-disputelor\/","og_site_name":"McGregor &amp; Partners Bucharest","article_modified_time":"2018-10-19T09:15:07+00:00","twitter_card":"summary_large_image","twitter_misc":{"Timp estimat pentru citire":"1 minut","Written by":"felix"},"schema":{"@context":"https:\/\/schema.org","@graph":[{"@type":"WebPage","@id":"https:\/\/www.mcgregorlegal.eu\/ro\/servicii\/litigii-si-solutionarea-disputelor\/","url":"https:\/\/www.mcgregorlegal.eu\/ro\/servicii\/litigii-si-solutionarea-disputelor\/","name":"Domeniul litigiilor \u015fi rezolv\u0103rii disputelor - McGregor &amp; Partners Bucharest","isPartOf":{"@id":"https:\/\/www.mcgregorlegal.eu\/ro\/#website"},"datePublished":"2017-08-20T16:14:24+00:00","dateModified":"2018-10-19T09:15:07+00:00","breadcrumb":{"@id":"https:\/\/www.mcgregorlegal.eu\/ro\/servicii\/litigii-si-solutionarea-disputelor\/#breadcrumb"},"inLanguage":"ro-RO","potentialAction":[{"@type":"ReadAction","target":["https:\/\/www.mcgregorlegal.eu\/ro\/servicii\/litigii-si-solutionarea-disputelor\/"]}]},{"@type":"BreadcrumbList","@id":"https:\/\/www.mcgregorlegal.eu\/ro\/servicii\/litigii-si-solutionarea-disputelor\/#breadcrumb","itemListElement":[{"@type":"ListItem","position":1,"name":"Home","item":"https:\/\/www.mcgregorlegal.eu\/ro\/"},{"@type":"ListItem","position":2,"name":"Servicii","item":"https:\/\/www.mcgregorlegal.eu\/ro\/servicii\/"},{"@type":"ListItem","position":3,"name":"Domeniul litigiilor \u015fi rezolv\u0103rii disputelor"}]},{"@type":"WebSite","@id":"https:\/\/www.mcgregorlegal.eu\/ro\/#website","url":"https:\/\/www.mcgregorlegal.eu\/ro\/","name":"McGregor &amp; Partners Bucharest","description":"o firm\u0103 de avocatur\u0103 de tip boutique, specializat\u0103 pe tranzac\u021bii comerciale","potentialAction":[{"@type":"SearchAction","target":{"@type":"EntryPoint","urlTemplate":"https:\/\/www.mcgregorlegal.eu\/ro\/?s={search_term_string}"},"query-input":{"@type":"PropertyValueSpecification","valueRequired":true,"valueName":"search_term_string"}}],"inLanguage":"ro-RO"}]}},"_links":{"self":[{"href":"https:\/\/www.mcgregorlegal.eu\/ro\/wp-json\/wp\/v2\/pages\/1377","targetHints":{"allow":["GET"]}}],"collection":[{"href":"https:\/\/www.mcgregorlegal.eu\/ro\/wp-json\/wp\/v2\/pages"}],"about":[{"href":"https:\/\/www.mcgregorlegal.eu\/ro\/wp-json\/wp\/v2\/types\/page"}],"author":[{"embeddable":true,"href":"https:\/\/www.mcgregorlegal.eu\/ro\/wp-json\/wp\/v2\/users\/1"}],"replies":[{"embeddable":true,"href":"https:\/\/www.mcgregorlegal.eu\/ro\/wp-json\/wp\/v2\/comments?post=1377"}],"version-history":[{"count":1,"href":"https:\/\/www.mcgregorlegal.eu\/ro\/wp-json\/wp\/v2\/pages\/1377\/revisions"}],"predecessor-version":[{"id":2580,"href":"https:\/\/www.mcgregorlegal.eu\/ro\/wp-json\/wp\/v2\/pages\/1377\/revisions\/2580"}],"up":[{"embeddable":true,"href":"https:\/\/www.mcgregorlegal.eu\/ro\/wp-json\/wp\/v2\/pages\/1346"}],"wp:attachment":[{"href":"https:\/\/www.mcgregorlegal.eu\/ro\/wp-json\/wp\/v2\/media?parent=1377"}],"wp:term":[{"taxonomy":"author","embeddable":true,"href":"https:\/\/www.mcgregorlegal.eu\/ro\/wp-json\/wp\/v2\/coauthors?post=1377"}],"curies":[{"name":"wp","href":"https:\/\/api.w.org\/{rel}","templated":true}]}}