{"id":1380,"date":"2017-08-20T16:15:50","date_gmt":"2017-08-20T16:15:50","guid":{"rendered":"http:\/\/mcg.prearechin.ro\/?page_id=1380"},"modified":"2018-10-19T09:15:36","modified_gmt":"2018-10-19T09:15:36","slug":"fuziuni-achizitii-si-cedari-inclusiv-privatizari","status":"publish","type":"page","link":"https:\/\/www.mcgregorlegal.eu\/ro\/servicii\/fuziuni-achizitii-si-cedari-inclusiv-privatizari\/","title":{"rendered":"Domeniul fuziunilor, achizi\u0163iilor \u015fi ced\u0103rilor, inclusiv privatiz\u0103ri"},"content":{"rendered":"<p>Avem experien\u021b\u0103 \u00een special \u00een probleme de management financiar al societ\u0103\u021bilor \u0219i am oferit consultan\u021b\u0103 unei b\u0103nci de investi\u021bii care ac\u021biona \u00een numele ac\u021bionarilor majoritari \u00een una dintre primele \u201dexituri\u201d de succes dintr-o societate rom\u00e2neasc\u0103 listat\u0103 \u00een baza ofertelor competitive ale licitan\u021bilor.<\/p>\n<p>V\u0103 putem asista \u00een leg\u0103tur\u0103 cu:<\/p>\n<ul>\n<li>Organizarea licita\u0163iilor \u015fi a proceselor de selec\u0163ie<\/li>\n<li>Organizarea de expertize juridice<\/li>\n<li>Organizarea \u015fi func\u0163ionarea camerelor de date<\/li>\n<li>Tranzac\u0163ii cu ac\u0163iuni private (off-market) \u015fi cu datorii<\/li>\n<li>Privatiz\u0103ri<\/li>\n<li>V\u00e2nz\u0103ri de bunuri, inclusiv negocierea \u015fi redactarea contractelor principale cu prevederi referitoare la achizi\u0163ii structurate sau ced\u0103ri de diferite bunuri \u00een diferite etape<\/li>\n<li>Tranzac\u0163ii pe pia\u0163a de capital, inclusiv consultan\u0163a acordat\u0103 pe probleme de legisla\u0163ie negocieri interne \u015fi alte probleme de reglementare referitoare la problemele de capital<\/li>\n<\/ul>\n","protected":false},"excerpt":{"rendered":"<p>Avem experien\u021b\u0103 \u00een special \u00een probleme de management financiar al societ\u0103\u021bilor \u0219i am oferit consultan\u021b\u0103 unei b\u0103nci de investi\u021bii care ac\u021biona \u00een numele ac\u021bionarilor majoritari \u00een una dintre primele \u201dexituri\u201d de succes dintr-o societate rom\u00e2neasc\u0103 listat\u0103 \u00een baza ofertelor competitive ale licitan\u021bilor. V\u0103 putem asista \u00een leg\u0103tur\u0103 cu: Organizarea licita\u0163iilor \u015fi a proceselor de selec\u0163ie [&hellip;]<\/p>\n","protected":false},"author":1,"featured_media":0,"parent":1346,"menu_order":0,"comment_status":"closed","ping_status":"closed","template":"","meta":{"_genesis_hide_title":false,"_genesis_hide_breadcrumbs":false,"_genesis_hide_singular_image":false,"_genesis_hide_footer_widgets":false,"_genesis_custom_body_class":"","_genesis_custom_post_class":"","_genesis_layout":"","footnotes":""},"coauthors":[],"class_list":{"0":"post-1380","1":"page","2":"type-page","3":"status-publish","5":"entry"},"yoast_head":"<!-- This site is optimized with the Yoast SEO plugin v24.2 - https:\/\/yoast.com\/wordpress\/plugins\/seo\/ -->\n<title>Domeniul fuziunilor, achizi\u0163iilor \u015fi ced\u0103rilor, inclusiv privatiz\u0103ri - McGregor &amp; Partners Bucharest<\/title>\n<meta name=\"robots\" content=\"index, follow, max-snippet:-1, max-image-preview:large, max-video-preview:-1\" \/>\n<link rel=\"canonical\" href=\"https:\/\/www.mcgregorlegal.eu\/ro\/servicii\/fuziuni-achizitii-si-cedari-inclusiv-privatizari\/\" \/>\n<meta property=\"og:locale\" content=\"ro_RO\" \/>\n<meta property=\"og:type\" content=\"article\" \/>\n<meta property=\"og:title\" content=\"Domeniul fuziunilor, achizi\u0163iilor \u015fi ced\u0103rilor, inclusiv privatiz\u0103ri - McGregor &amp; Partners Bucharest\" \/>\n<meta property=\"og:description\" content=\"Avem experien\u021b\u0103 \u00een special \u00een probleme de management financiar al societ\u0103\u021bilor \u0219i am oferit consultan\u021b\u0103 unei b\u0103nci de investi\u021bii care ac\u021biona \u00een numele ac\u021bionarilor majoritari \u00een una dintre primele \u201dexituri\u201d de succes dintr-o societate rom\u00e2neasc\u0103 listat\u0103 \u00een baza ofertelor competitive ale licitan\u021bilor. V\u0103 putem asista \u00een leg\u0103tur\u0103 cu: Organizarea licita\u0163iilor \u015fi a proceselor de selec\u0163ie [&hellip;]\" \/>\n<meta property=\"og:url\" content=\"https:\/\/www.mcgregorlegal.eu\/ro\/servicii\/fuziuni-achizitii-si-cedari-inclusiv-privatizari\/\" \/>\n<meta property=\"og:site_name\" content=\"McGregor &amp; Partners Bucharest\" \/>\n<meta property=\"article:modified_time\" content=\"2018-10-19T09:15:36+00:00\" \/>\n<meta name=\"twitter:card\" content=\"summary_large_image\" \/>\n<meta name=\"twitter:label1\" content=\"Timp estimat pentru citire\" \/>\n\t<meta name=\"twitter:data1\" content=\"1 minut\" \/>\n\t<meta name=\"twitter:label2\" content=\"Written by\" \/>\n\t<meta name=\"twitter:data2\" content=\"felix\" \/>\n<script type=\"application\/ld+json\" class=\"yoast-schema-graph\">{\"@context\":\"https:\/\/schema.org\",\"@graph\":[{\"@type\":\"WebPage\",\"@id\":\"https:\/\/www.mcgregorlegal.eu\/ro\/servicii\/fuziuni-achizitii-si-cedari-inclusiv-privatizari\/\",\"url\":\"https:\/\/www.mcgregorlegal.eu\/ro\/servicii\/fuziuni-achizitii-si-cedari-inclusiv-privatizari\/\",\"name\":\"Domeniul fuziunilor, achizi\u0163iilor \u015fi ced\u0103rilor, inclusiv privatiz\u0103ri - McGregor &amp; Partners Bucharest\",\"isPartOf\":{\"@id\":\"https:\/\/www.mcgregorlegal.eu\/ro\/#website\"},\"datePublished\":\"2017-08-20T16:15:50+00:00\",\"dateModified\":\"2018-10-19T09:15:36+00:00\",\"breadcrumb\":{\"@id\":\"https:\/\/www.mcgregorlegal.eu\/ro\/servicii\/fuziuni-achizitii-si-cedari-inclusiv-privatizari\/#breadcrumb\"},\"inLanguage\":\"ro-RO\",\"potentialAction\":[{\"@type\":\"ReadAction\",\"target\":[\"https:\/\/www.mcgregorlegal.eu\/ro\/servicii\/fuziuni-achizitii-si-cedari-inclusiv-privatizari\/\"]}]},{\"@type\":\"BreadcrumbList\",\"@id\":\"https:\/\/www.mcgregorlegal.eu\/ro\/servicii\/fuziuni-achizitii-si-cedari-inclusiv-privatizari\/#breadcrumb\",\"itemListElement\":[{\"@type\":\"ListItem\",\"position\":1,\"name\":\"Home\",\"item\":\"https:\/\/www.mcgregorlegal.eu\/ro\/\"},{\"@type\":\"ListItem\",\"position\":2,\"name\":\"Servicii\",\"item\":\"https:\/\/www.mcgregorlegal.eu\/ro\/servicii\/\"},{\"@type\":\"ListItem\",\"position\":3,\"name\":\"Domeniul fuziunilor, achizi\u0163iilor \u015fi ced\u0103rilor, inclusiv privatiz\u0103ri\"}]},{\"@type\":\"WebSite\",\"@id\":\"https:\/\/www.mcgregorlegal.eu\/ro\/#website\",\"url\":\"https:\/\/www.mcgregorlegal.eu\/ro\/\",\"name\":\"McGregor &amp; Partners Bucharest\",\"description\":\"o firm\u0103 de avocatur\u0103 de tip boutique, specializat\u0103 pe tranzac\u021bii comerciale\",\"potentialAction\":[{\"@type\":\"SearchAction\",\"target\":{\"@type\":\"EntryPoint\",\"urlTemplate\":\"https:\/\/www.mcgregorlegal.eu\/ro\/?s={search_term_string}\"},\"query-input\":{\"@type\":\"PropertyValueSpecification\",\"valueRequired\":true,\"valueName\":\"search_term_string\"}}],\"inLanguage\":\"ro-RO\"}]}<\/script>\n<!-- \/ Yoast SEO plugin. -->","yoast_head_json":{"title":"Domeniul fuziunilor, achizi\u0163iilor \u015fi ced\u0103rilor, inclusiv privatiz\u0103ri - McGregor &amp; Partners Bucharest","robots":{"index":"index","follow":"follow","max-snippet":"max-snippet:-1","max-image-preview":"max-image-preview:large","max-video-preview":"max-video-preview:-1"},"canonical":"https:\/\/www.mcgregorlegal.eu\/ro\/servicii\/fuziuni-achizitii-si-cedari-inclusiv-privatizari\/","og_locale":"ro_RO","og_type":"article","og_title":"Domeniul fuziunilor, achizi\u0163iilor \u015fi ced\u0103rilor, inclusiv privatiz\u0103ri - McGregor &amp; Partners Bucharest","og_description":"Avem experien\u021b\u0103 \u00een special \u00een probleme de management financiar al societ\u0103\u021bilor \u0219i am oferit consultan\u021b\u0103 unei b\u0103nci de investi\u021bii care ac\u021biona \u00een numele ac\u021bionarilor majoritari \u00een una dintre primele \u201dexituri\u201d de succes dintr-o societate rom\u00e2neasc\u0103 listat\u0103 \u00een baza ofertelor competitive ale licitan\u021bilor. V\u0103 putem asista \u00een leg\u0103tur\u0103 cu: Organizarea licita\u0163iilor \u015fi a proceselor de selec\u0163ie [&hellip;]","og_url":"https:\/\/www.mcgregorlegal.eu\/ro\/servicii\/fuziuni-achizitii-si-cedari-inclusiv-privatizari\/","og_site_name":"McGregor &amp; Partners Bucharest","article_modified_time":"2018-10-19T09:15:36+00:00","twitter_card":"summary_large_image","twitter_misc":{"Timp estimat pentru citire":"1 minut","Written by":"felix"},"schema":{"@context":"https:\/\/schema.org","@graph":[{"@type":"WebPage","@id":"https:\/\/www.mcgregorlegal.eu\/ro\/servicii\/fuziuni-achizitii-si-cedari-inclusiv-privatizari\/","url":"https:\/\/www.mcgregorlegal.eu\/ro\/servicii\/fuziuni-achizitii-si-cedari-inclusiv-privatizari\/","name":"Domeniul fuziunilor, achizi\u0163iilor \u015fi ced\u0103rilor, inclusiv privatiz\u0103ri - McGregor &amp; Partners Bucharest","isPartOf":{"@id":"https:\/\/www.mcgregorlegal.eu\/ro\/#website"},"datePublished":"2017-08-20T16:15:50+00:00","dateModified":"2018-10-19T09:15:36+00:00","breadcrumb":{"@id":"https:\/\/www.mcgregorlegal.eu\/ro\/servicii\/fuziuni-achizitii-si-cedari-inclusiv-privatizari\/#breadcrumb"},"inLanguage":"ro-RO","potentialAction":[{"@type":"ReadAction","target":["https:\/\/www.mcgregorlegal.eu\/ro\/servicii\/fuziuni-achizitii-si-cedari-inclusiv-privatizari\/"]}]},{"@type":"BreadcrumbList","@id":"https:\/\/www.mcgregorlegal.eu\/ro\/servicii\/fuziuni-achizitii-si-cedari-inclusiv-privatizari\/#breadcrumb","itemListElement":[{"@type":"ListItem","position":1,"name":"Home","item":"https:\/\/www.mcgregorlegal.eu\/ro\/"},{"@type":"ListItem","position":2,"name":"Servicii","item":"https:\/\/www.mcgregorlegal.eu\/ro\/servicii\/"},{"@type":"ListItem","position":3,"name":"Domeniul fuziunilor, achizi\u0163iilor \u015fi ced\u0103rilor, inclusiv privatiz\u0103ri"}]},{"@type":"WebSite","@id":"https:\/\/www.mcgregorlegal.eu\/ro\/#website","url":"https:\/\/www.mcgregorlegal.eu\/ro\/","name":"McGregor &amp; Partners Bucharest","description":"o firm\u0103 de avocatur\u0103 de tip boutique, specializat\u0103 pe tranzac\u021bii comerciale","potentialAction":[{"@type":"SearchAction","target":{"@type":"EntryPoint","urlTemplate":"https:\/\/www.mcgregorlegal.eu\/ro\/?s={search_term_string}"},"query-input":{"@type":"PropertyValueSpecification","valueRequired":true,"valueName":"search_term_string"}}],"inLanguage":"ro-RO"}]}},"_links":{"self":[{"href":"https:\/\/www.mcgregorlegal.eu\/ro\/wp-json\/wp\/v2\/pages\/1380","targetHints":{"allow":["GET"]}}],"collection":[{"href":"https:\/\/www.mcgregorlegal.eu\/ro\/wp-json\/wp\/v2\/pages"}],"about":[{"href":"https:\/\/www.mcgregorlegal.eu\/ro\/wp-json\/wp\/v2\/types\/page"}],"author":[{"embeddable":true,"href":"https:\/\/www.mcgregorlegal.eu\/ro\/wp-json\/wp\/v2\/users\/1"}],"replies":[{"embeddable":true,"href":"https:\/\/www.mcgregorlegal.eu\/ro\/wp-json\/wp\/v2\/comments?post=1380"}],"version-history":[{"count":2,"href":"https:\/\/www.mcgregorlegal.eu\/ro\/wp-json\/wp\/v2\/pages\/1380\/revisions"}],"predecessor-version":[{"id":2581,"href":"https:\/\/www.mcgregorlegal.eu\/ro\/wp-json\/wp\/v2\/pages\/1380\/revisions\/2581"}],"up":[{"embeddable":true,"href":"https:\/\/www.mcgregorlegal.eu\/ro\/wp-json\/wp\/v2\/pages\/1346"}],"wp:attachment":[{"href":"https:\/\/www.mcgregorlegal.eu\/ro\/wp-json\/wp\/v2\/media?parent=1380"}],"wp:term":[{"taxonomy":"author","embeddable":true,"href":"https:\/\/www.mcgregorlegal.eu\/ro\/wp-json\/wp\/v2\/coauthors?post=1380"}],"curies":[{"name":"wp","href":"https:\/\/api.w.org\/{rel}","templated":true}]}}