{"id":1389,"date":"2017-08-20T16:19:41","date_gmt":"2017-08-20T16:19:41","guid":{"rendered":"http:\/\/mcg.prearechin.ro\/?page_id=1389"},"modified":"2018-10-19T09:16:38","modified_gmt":"2018-10-19T09:16:38","slug":"probleme-de-reglementare-si-de-investigare","status":"publish","type":"page","link":"https:\/\/www.mcgregorlegal.eu\/ro\/servicii\/probleme-de-reglementare-si-de-investigare\/","title":{"rendered":"Domeniul probleme de reglementare \u015fi investigare"},"content":{"rendered":"<p>V\u0103 putem asista \u00een leg\u0103tur\u0103 cu:<\/p>\n<ul>\n<li>Consultan\u0163\u0103 cu privire la situa\u0163ii de \u201edown raid\u201d a Consiliului Concuren\u0163ei inclusiv preg\u0103tirea personalului \u015fi preg\u0103tirea de proceduri pentru aceasta \u0219i administrarea unui exerci\u021biu de antrenament pentru personal<\/li>\n<li>Reprezentarea clien\u0163ilor \u00een timpul unei \u201edown raid\u201d a Consilului Concuren\u0163ei<\/li>\n<li>Consulan\u0163\u0103 \u00een leg\u0103tur\u0103 cu abordarea unei investiga\u0163ii efectuat\u0103 de Comisia Na\u0163ional\u0103 a Valorilor Mobiliare (CNVM);<\/li>\n<li>Consultan\u0163\u0103 \u00een leg\u0103tur\u0103 cu abordarea diferitelor investiga\u0163ii \u015fi anchete ale poli\u0163iei sau ale birourilor de procuratur\u0103<\/li>\n<\/ul>\n","protected":false},"excerpt":{"rendered":"<p>V\u0103 putem asista \u00een leg\u0103tur\u0103 cu: Consultan\u0163\u0103 cu privire la situa\u0163ii de \u201edown raid\u201d a Consiliului Concuren\u0163ei inclusiv preg\u0103tirea personalului \u015fi preg\u0103tirea de proceduri pentru aceasta \u0219i administrarea unui exerci\u021biu de antrenament pentru personal Reprezentarea clien\u0163ilor \u00een timpul unei \u201edown raid\u201d a Consilului Concuren\u0163ei Consulan\u0163\u0103 \u00een leg\u0103tur\u0103 cu abordarea unei investiga\u0163ii efectuat\u0103 de Comisia Na\u0163ional\u0103 [&hellip;]<\/p>\n","protected":false},"author":1,"featured_media":0,"parent":1346,"menu_order":0,"comment_status":"closed","ping_status":"closed","template":"","meta":{"_genesis_hide_title":false,"_genesis_hide_breadcrumbs":false,"_genesis_hide_singular_image":false,"_genesis_hide_footer_widgets":false,"_genesis_custom_body_class":"","_genesis_custom_post_class":"","_genesis_layout":"","footnotes":""},"coauthors":[],"class_list":{"0":"post-1389","1":"page","2":"type-page","3":"status-publish","5":"entry"},"yoast_head":"<!-- This site is optimized with the Yoast SEO plugin v24.2 - https:\/\/yoast.com\/wordpress\/plugins\/seo\/ -->\n<title>Domeniul probleme de reglementare \u015fi investigare - McGregor &amp; Partners Bucharest<\/title>\n<meta name=\"robots\" content=\"index, follow, max-snippet:-1, max-image-preview:large, max-video-preview:-1\" \/>\n<link rel=\"canonical\" href=\"https:\/\/www.mcgregorlegal.eu\/ro\/servicii\/probleme-de-reglementare-si-de-investigare\/\" \/>\n<meta property=\"og:locale\" content=\"ro_RO\" \/>\n<meta property=\"og:type\" content=\"article\" \/>\n<meta property=\"og:title\" content=\"Domeniul probleme de reglementare \u015fi investigare - McGregor &amp; Partners Bucharest\" \/>\n<meta property=\"og:description\" content=\"V\u0103 putem asista \u00een leg\u0103tur\u0103 cu: Consultan\u0163\u0103 cu privire la situa\u0163ii de \u201edown raid\u201d a Consiliului Concuren\u0163ei inclusiv preg\u0103tirea personalului \u015fi preg\u0103tirea de proceduri pentru aceasta \u0219i administrarea unui exerci\u021biu de antrenament pentru personal Reprezentarea clien\u0163ilor \u00een timpul unei \u201edown raid\u201d a Consilului Concuren\u0163ei Consulan\u0163\u0103 \u00een leg\u0103tur\u0103 cu abordarea unei investiga\u0163ii efectuat\u0103 de Comisia Na\u0163ional\u0103 [&hellip;]\" \/>\n<meta property=\"og:url\" content=\"https:\/\/www.mcgregorlegal.eu\/ro\/servicii\/probleme-de-reglementare-si-de-investigare\/\" \/>\n<meta property=\"og:site_name\" content=\"McGregor &amp; Partners Bucharest\" \/>\n<meta property=\"article:modified_time\" content=\"2018-10-19T09:16:38+00:00\" \/>\n<meta name=\"twitter:card\" content=\"summary_large_image\" \/>\n<meta name=\"twitter:label1\" content=\"Written by\" \/>\n\t<meta name=\"twitter:data1\" content=\"felix\" \/>\n<script type=\"application\/ld+json\" class=\"yoast-schema-graph\">{\"@context\":\"https:\/\/schema.org\",\"@graph\":[{\"@type\":\"WebPage\",\"@id\":\"https:\/\/www.mcgregorlegal.eu\/ro\/servicii\/probleme-de-reglementare-si-de-investigare\/\",\"url\":\"https:\/\/www.mcgregorlegal.eu\/ro\/servicii\/probleme-de-reglementare-si-de-investigare\/\",\"name\":\"Domeniul probleme de reglementare \u015fi investigare - McGregor &amp; Partners Bucharest\",\"isPartOf\":{\"@id\":\"https:\/\/www.mcgregorlegal.eu\/ro\/#website\"},\"datePublished\":\"2017-08-20T16:19:41+00:00\",\"dateModified\":\"2018-10-19T09:16:38+00:00\",\"breadcrumb\":{\"@id\":\"https:\/\/www.mcgregorlegal.eu\/ro\/servicii\/probleme-de-reglementare-si-de-investigare\/#breadcrumb\"},\"inLanguage\":\"ro-RO\",\"potentialAction\":[{\"@type\":\"ReadAction\",\"target\":[\"https:\/\/www.mcgregorlegal.eu\/ro\/servicii\/probleme-de-reglementare-si-de-investigare\/\"]}]},{\"@type\":\"BreadcrumbList\",\"@id\":\"https:\/\/www.mcgregorlegal.eu\/ro\/servicii\/probleme-de-reglementare-si-de-investigare\/#breadcrumb\",\"itemListElement\":[{\"@type\":\"ListItem\",\"position\":1,\"name\":\"Home\",\"item\":\"https:\/\/www.mcgregorlegal.eu\/ro\/\"},{\"@type\":\"ListItem\",\"position\":2,\"name\":\"Servicii\",\"item\":\"https:\/\/www.mcgregorlegal.eu\/ro\/servicii\/\"},{\"@type\":\"ListItem\",\"position\":3,\"name\":\"Domeniul probleme de reglementare \u015fi investigare\"}]},{\"@type\":\"WebSite\",\"@id\":\"https:\/\/www.mcgregorlegal.eu\/ro\/#website\",\"url\":\"https:\/\/www.mcgregorlegal.eu\/ro\/\",\"name\":\"McGregor &amp; Partners Bucharest\",\"description\":\"o firm\u0103 de avocatur\u0103 de tip boutique, specializat\u0103 pe tranzac\u021bii comerciale\",\"potentialAction\":[{\"@type\":\"SearchAction\",\"target\":{\"@type\":\"EntryPoint\",\"urlTemplate\":\"https:\/\/www.mcgregorlegal.eu\/ro\/?s={search_term_string}\"},\"query-input\":{\"@type\":\"PropertyValueSpecification\",\"valueRequired\":true,\"valueName\":\"search_term_string\"}}],\"inLanguage\":\"ro-RO\"}]}<\/script>\n<!-- \/ Yoast SEO plugin. -->","yoast_head_json":{"title":"Domeniul probleme de reglementare \u015fi investigare - McGregor &amp; Partners Bucharest","robots":{"index":"index","follow":"follow","max-snippet":"max-snippet:-1","max-image-preview":"max-image-preview:large","max-video-preview":"max-video-preview:-1"},"canonical":"https:\/\/www.mcgregorlegal.eu\/ro\/servicii\/probleme-de-reglementare-si-de-investigare\/","og_locale":"ro_RO","og_type":"article","og_title":"Domeniul probleme de reglementare \u015fi investigare - McGregor &amp; Partners Bucharest","og_description":"V\u0103 putem asista \u00een leg\u0103tur\u0103 cu: Consultan\u0163\u0103 cu privire la situa\u0163ii de \u201edown raid\u201d a Consiliului Concuren\u0163ei inclusiv preg\u0103tirea personalului \u015fi preg\u0103tirea de proceduri pentru aceasta \u0219i administrarea unui exerci\u021biu de antrenament pentru personal Reprezentarea clien\u0163ilor \u00een timpul unei \u201edown raid\u201d a Consilului Concuren\u0163ei Consulan\u0163\u0103 \u00een leg\u0103tur\u0103 cu abordarea unei investiga\u0163ii efectuat\u0103 de Comisia Na\u0163ional\u0103 [&hellip;]","og_url":"https:\/\/www.mcgregorlegal.eu\/ro\/servicii\/probleme-de-reglementare-si-de-investigare\/","og_site_name":"McGregor &amp; Partners Bucharest","article_modified_time":"2018-10-19T09:16:38+00:00","twitter_card":"summary_large_image","twitter_misc":{"Written by":"felix"},"schema":{"@context":"https:\/\/schema.org","@graph":[{"@type":"WebPage","@id":"https:\/\/www.mcgregorlegal.eu\/ro\/servicii\/probleme-de-reglementare-si-de-investigare\/","url":"https:\/\/www.mcgregorlegal.eu\/ro\/servicii\/probleme-de-reglementare-si-de-investigare\/","name":"Domeniul probleme de reglementare \u015fi investigare - McGregor &amp; Partners Bucharest","isPartOf":{"@id":"https:\/\/www.mcgregorlegal.eu\/ro\/#website"},"datePublished":"2017-08-20T16:19:41+00:00","dateModified":"2018-10-19T09:16:38+00:00","breadcrumb":{"@id":"https:\/\/www.mcgregorlegal.eu\/ro\/servicii\/probleme-de-reglementare-si-de-investigare\/#breadcrumb"},"inLanguage":"ro-RO","potentialAction":[{"@type":"ReadAction","target":["https:\/\/www.mcgregorlegal.eu\/ro\/servicii\/probleme-de-reglementare-si-de-investigare\/"]}]},{"@type":"BreadcrumbList","@id":"https:\/\/www.mcgregorlegal.eu\/ro\/servicii\/probleme-de-reglementare-si-de-investigare\/#breadcrumb","itemListElement":[{"@type":"ListItem","position":1,"name":"Home","item":"https:\/\/www.mcgregorlegal.eu\/ro\/"},{"@type":"ListItem","position":2,"name":"Servicii","item":"https:\/\/www.mcgregorlegal.eu\/ro\/servicii\/"},{"@type":"ListItem","position":3,"name":"Domeniul probleme de reglementare \u015fi investigare"}]},{"@type":"WebSite","@id":"https:\/\/www.mcgregorlegal.eu\/ro\/#website","url":"https:\/\/www.mcgregorlegal.eu\/ro\/","name":"McGregor &amp; Partners Bucharest","description":"o firm\u0103 de avocatur\u0103 de tip boutique, specializat\u0103 pe tranzac\u021bii comerciale","potentialAction":[{"@type":"SearchAction","target":{"@type":"EntryPoint","urlTemplate":"https:\/\/www.mcgregorlegal.eu\/ro\/?s={search_term_string}"},"query-input":{"@type":"PropertyValueSpecification","valueRequired":true,"valueName":"search_term_string"}}],"inLanguage":"ro-RO"}]}},"_links":{"self":[{"href":"https:\/\/www.mcgregorlegal.eu\/ro\/wp-json\/wp\/v2\/pages\/1389","targetHints":{"allow":["GET"]}}],"collection":[{"href":"https:\/\/www.mcgregorlegal.eu\/ro\/wp-json\/wp\/v2\/pages"}],"about":[{"href":"https:\/\/www.mcgregorlegal.eu\/ro\/wp-json\/wp\/v2\/types\/page"}],"author":[{"embeddable":true,"href":"https:\/\/www.mcgregorlegal.eu\/ro\/wp-json\/wp\/v2\/users\/1"}],"replies":[{"embeddable":true,"href":"https:\/\/www.mcgregorlegal.eu\/ro\/wp-json\/wp\/v2\/comments?post=1389"}],"version-history":[{"count":1,"href":"https:\/\/www.mcgregorlegal.eu\/ro\/wp-json\/wp\/v2\/pages\/1389\/revisions"}],"predecessor-version":[{"id":2582,"href":"https:\/\/www.mcgregorlegal.eu\/ro\/wp-json\/wp\/v2\/pages\/1389\/revisions\/2582"}],"up":[{"embeddable":true,"href":"https:\/\/www.mcgregorlegal.eu\/ro\/wp-json\/wp\/v2\/pages\/1346"}],"wp:attachment":[{"href":"https:\/\/www.mcgregorlegal.eu\/ro\/wp-json\/wp\/v2\/media?parent=1389"}],"wp:term":[{"taxonomy":"author","embeddable":true,"href":"https:\/\/www.mcgregorlegal.eu\/ro\/wp-json\/wp\/v2\/coauthors?post=1389"}],"curies":[{"name":"wp","href":"https:\/\/api.w.org\/{rel}","templated":true}]}}