{"id":1392,"date":"2017-08-20T16:21:12","date_gmt":"2017-08-20T16:21:12","guid":{"rendered":"http:\/\/mcg.prearechin.ro\/?page_id=1392"},"modified":"2018-10-12T09:07:03","modified_gmt":"2018-10-12T09:07:03","slug":"probleme-legate-de-taxe-si-probleme-fiscale","status":"publish","type":"page","link":"https:\/\/www.mcgregorlegal.eu\/ro\/servicii\/probleme-legate-de-taxe-si-probleme-fiscale\/","title":{"rendered":"Probleme legate de taxe \u015fi probleme fiscale"},"content":{"rendered":"<p>Experien\u0163a noastr\u0103 \u00een domeniul fiscal \u015fi taxe include:<\/p>\n<ul>\n<li>structurarea tranzac\u0163iilor \u00een mod eficient din punct de vedere al taxelor;<\/li>\n<li>taxe vamale la importul temporar al mijloacelor de produc\u0163ie, materii prime \u015fi componente;<\/li>\n<li>regimul taxelor aplicabile l\u015fa activit\u0103\u0163ile de transport interna\u0163ional;<\/li>\n<li>numirea reprezentan\u0163ilor fiscali; \u015fi<\/li>\n<li>administrarea sistemului de TVA.<\/li>\n<\/ul>\n","protected":false},"excerpt":{"rendered":"<p>Experien\u0163a noastr\u0103 \u00een domeniul fiscal \u015fi taxe include: structurarea tranzac\u0163iilor \u00een mod eficient din punct de vedere al taxelor; taxe vamale la importul temporar al mijloacelor de produc\u0163ie, materii prime \u015fi componente; regimul taxelor aplicabile l\u015fa activit\u0103\u0163ile de transport interna\u0163ional; numirea reprezentan\u0163ilor fiscali; \u015fi administrarea sistemului de TVA.<\/p>\n","protected":false},"author":1,"featured_media":0,"parent":1346,"menu_order":0,"comment_status":"closed","ping_status":"closed","template":"","meta":{"_genesis_hide_title":false,"_genesis_hide_breadcrumbs":false,"_genesis_hide_singular_image":false,"_genesis_hide_footer_widgets":false,"_genesis_custom_body_class":"","_genesis_custom_post_class":"","_genesis_layout":"","footnotes":""},"coauthors":[],"class_list":{"0":"post-1392","1":"page","2":"type-page","3":"status-publish","5":"entry"},"yoast_head":"<!-- This site is optimized with the Yoast SEO plugin v24.2 - https:\/\/yoast.com\/wordpress\/plugins\/seo\/ -->\n<title>Probleme legate de taxe \u015fi probleme fiscale - McGregor &amp; Partners Bucharest<\/title>\n<meta name=\"robots\" content=\"index, follow, max-snippet:-1, max-image-preview:large, max-video-preview:-1\" \/>\n<link rel=\"canonical\" href=\"https:\/\/www.mcgregorlegal.eu\/ro\/servicii\/probleme-legate-de-taxe-si-probleme-fiscale\/\" \/>\n<meta property=\"og:locale\" content=\"ro_RO\" \/>\n<meta property=\"og:type\" content=\"article\" \/>\n<meta property=\"og:title\" content=\"Probleme legate de taxe \u015fi probleme fiscale - McGregor &amp; Partners Bucharest\" \/>\n<meta property=\"og:description\" content=\"Experien\u0163a noastr\u0103 \u00een domeniul fiscal \u015fi taxe include: structurarea tranzac\u0163iilor \u00een mod eficient din punct de vedere al taxelor; taxe vamale la importul temporar al mijloacelor de produc\u0163ie, materii prime \u015fi componente; regimul taxelor aplicabile l\u015fa activit\u0103\u0163ile de transport interna\u0163ional; numirea reprezentan\u0163ilor fiscali; \u015fi administrarea sistemului de TVA.\" \/>\n<meta property=\"og:url\" content=\"https:\/\/www.mcgregorlegal.eu\/ro\/servicii\/probleme-legate-de-taxe-si-probleme-fiscale\/\" \/>\n<meta property=\"og:site_name\" content=\"McGregor &amp; Partners Bucharest\" \/>\n<meta property=\"article:modified_time\" content=\"2018-10-12T09:07:03+00:00\" \/>\n<meta name=\"twitter:card\" content=\"summary_large_image\" \/>\n<meta name=\"twitter:label1\" content=\"Written by\" \/>\n\t<meta name=\"twitter:data1\" content=\"felix\" \/>\n<script type=\"application\/ld+json\" class=\"yoast-schema-graph\">{\"@context\":\"https:\/\/schema.org\",\"@graph\":[{\"@type\":\"WebPage\",\"@id\":\"https:\/\/www.mcgregorlegal.eu\/ro\/servicii\/probleme-legate-de-taxe-si-probleme-fiscale\/\",\"url\":\"https:\/\/www.mcgregorlegal.eu\/ro\/servicii\/probleme-legate-de-taxe-si-probleme-fiscale\/\",\"name\":\"Probleme legate de taxe \u015fi probleme fiscale - McGregor &amp; Partners Bucharest\",\"isPartOf\":{\"@id\":\"https:\/\/www.mcgregorlegal.eu\/ro\/#website\"},\"datePublished\":\"2017-08-20T16:21:12+00:00\",\"dateModified\":\"2018-10-12T09:07:03+00:00\",\"breadcrumb\":{\"@id\":\"https:\/\/www.mcgregorlegal.eu\/ro\/servicii\/probleme-legate-de-taxe-si-probleme-fiscale\/#breadcrumb\"},\"inLanguage\":\"ro-RO\",\"potentialAction\":[{\"@type\":\"ReadAction\",\"target\":[\"https:\/\/www.mcgregorlegal.eu\/ro\/servicii\/probleme-legate-de-taxe-si-probleme-fiscale\/\"]}]},{\"@type\":\"BreadcrumbList\",\"@id\":\"https:\/\/www.mcgregorlegal.eu\/ro\/servicii\/probleme-legate-de-taxe-si-probleme-fiscale\/#breadcrumb\",\"itemListElement\":[{\"@type\":\"ListItem\",\"position\":1,\"name\":\"Home\",\"item\":\"https:\/\/www.mcgregorlegal.eu\/ro\/\"},{\"@type\":\"ListItem\",\"position\":2,\"name\":\"Servicii\",\"item\":\"https:\/\/www.mcgregorlegal.eu\/ro\/servicii\/\"},{\"@type\":\"ListItem\",\"position\":3,\"name\":\"Probleme legate de taxe \u015fi probleme fiscale\"}]},{\"@type\":\"WebSite\",\"@id\":\"https:\/\/www.mcgregorlegal.eu\/ro\/#website\",\"url\":\"https:\/\/www.mcgregorlegal.eu\/ro\/\",\"name\":\"McGregor &amp; Partners Bucharest\",\"description\":\"o firm\u0103 de avocatur\u0103 de tip boutique, specializat\u0103 pe tranzac\u021bii comerciale\",\"potentialAction\":[{\"@type\":\"SearchAction\",\"target\":{\"@type\":\"EntryPoint\",\"urlTemplate\":\"https:\/\/www.mcgregorlegal.eu\/ro\/?s={search_term_string}\"},\"query-input\":{\"@type\":\"PropertyValueSpecification\",\"valueRequired\":true,\"valueName\":\"search_term_string\"}}],\"inLanguage\":\"ro-RO\"}]}<\/script>\n<!-- \/ Yoast SEO plugin. -->","yoast_head_json":{"title":"Probleme legate de taxe \u015fi probleme fiscale - McGregor &amp; Partners Bucharest","robots":{"index":"index","follow":"follow","max-snippet":"max-snippet:-1","max-image-preview":"max-image-preview:large","max-video-preview":"max-video-preview:-1"},"canonical":"https:\/\/www.mcgregorlegal.eu\/ro\/servicii\/probleme-legate-de-taxe-si-probleme-fiscale\/","og_locale":"ro_RO","og_type":"article","og_title":"Probleme legate de taxe \u015fi probleme fiscale - McGregor &amp; Partners Bucharest","og_description":"Experien\u0163a noastr\u0103 \u00een domeniul fiscal \u015fi taxe include: structurarea tranzac\u0163iilor \u00een mod eficient din punct de vedere al taxelor; taxe vamale la importul temporar al mijloacelor de produc\u0163ie, materii prime \u015fi componente; regimul taxelor aplicabile l\u015fa activit\u0103\u0163ile de transport interna\u0163ional; numirea reprezentan\u0163ilor fiscali; \u015fi administrarea sistemului de TVA.","og_url":"https:\/\/www.mcgregorlegal.eu\/ro\/servicii\/probleme-legate-de-taxe-si-probleme-fiscale\/","og_site_name":"McGregor &amp; Partners Bucharest","article_modified_time":"2018-10-12T09:07:03+00:00","twitter_card":"summary_large_image","twitter_misc":{"Written by":"felix"},"schema":{"@context":"https:\/\/schema.org","@graph":[{"@type":"WebPage","@id":"https:\/\/www.mcgregorlegal.eu\/ro\/servicii\/probleme-legate-de-taxe-si-probleme-fiscale\/","url":"https:\/\/www.mcgregorlegal.eu\/ro\/servicii\/probleme-legate-de-taxe-si-probleme-fiscale\/","name":"Probleme legate de taxe \u015fi probleme fiscale - McGregor &amp; Partners Bucharest","isPartOf":{"@id":"https:\/\/www.mcgregorlegal.eu\/ro\/#website"},"datePublished":"2017-08-20T16:21:12+00:00","dateModified":"2018-10-12T09:07:03+00:00","breadcrumb":{"@id":"https:\/\/www.mcgregorlegal.eu\/ro\/servicii\/probleme-legate-de-taxe-si-probleme-fiscale\/#breadcrumb"},"inLanguage":"ro-RO","potentialAction":[{"@type":"ReadAction","target":["https:\/\/www.mcgregorlegal.eu\/ro\/servicii\/probleme-legate-de-taxe-si-probleme-fiscale\/"]}]},{"@type":"BreadcrumbList","@id":"https:\/\/www.mcgregorlegal.eu\/ro\/servicii\/probleme-legate-de-taxe-si-probleme-fiscale\/#breadcrumb","itemListElement":[{"@type":"ListItem","position":1,"name":"Home","item":"https:\/\/www.mcgregorlegal.eu\/ro\/"},{"@type":"ListItem","position":2,"name":"Servicii","item":"https:\/\/www.mcgregorlegal.eu\/ro\/servicii\/"},{"@type":"ListItem","position":3,"name":"Probleme legate de taxe \u015fi probleme fiscale"}]},{"@type":"WebSite","@id":"https:\/\/www.mcgregorlegal.eu\/ro\/#website","url":"https:\/\/www.mcgregorlegal.eu\/ro\/","name":"McGregor &amp; Partners Bucharest","description":"o firm\u0103 de avocatur\u0103 de tip boutique, specializat\u0103 pe tranzac\u021bii comerciale","potentialAction":[{"@type":"SearchAction","target":{"@type":"EntryPoint","urlTemplate":"https:\/\/www.mcgregorlegal.eu\/ro\/?s={search_term_string}"},"query-input":{"@type":"PropertyValueSpecification","valueRequired":true,"valueName":"search_term_string"}}],"inLanguage":"ro-RO"}]}},"_links":{"self":[{"href":"https:\/\/www.mcgregorlegal.eu\/ro\/wp-json\/wp\/v2\/pages\/1392","targetHints":{"allow":["GET"]}}],"collection":[{"href":"https:\/\/www.mcgregorlegal.eu\/ro\/wp-json\/wp\/v2\/pages"}],"about":[{"href":"https:\/\/www.mcgregorlegal.eu\/ro\/wp-json\/wp\/v2\/types\/page"}],"author":[{"embeddable":true,"href":"https:\/\/www.mcgregorlegal.eu\/ro\/wp-json\/wp\/v2\/users\/1"}],"replies":[{"embeddable":true,"href":"https:\/\/www.mcgregorlegal.eu\/ro\/wp-json\/wp\/v2\/comments?post=1392"}],"version-history":[{"count":1,"href":"https:\/\/www.mcgregorlegal.eu\/ro\/wp-json\/wp\/v2\/pages\/1392\/revisions"}],"predecessor-version":[{"id":2341,"href":"https:\/\/www.mcgregorlegal.eu\/ro\/wp-json\/wp\/v2\/pages\/1392\/revisions\/2341"}],"up":[{"embeddable":true,"href":"https:\/\/www.mcgregorlegal.eu\/ro\/wp-json\/wp\/v2\/pages\/1346"}],"wp:attachment":[{"href":"https:\/\/www.mcgregorlegal.eu\/ro\/wp-json\/wp\/v2\/media?parent=1392"}],"wp:term":[{"taxonomy":"author","embeddable":true,"href":"https:\/\/www.mcgregorlegal.eu\/ro\/wp-json\/wp\/v2\/coauthors?post=1392"}],"curies":[{"name":"wp","href":"https:\/\/api.w.org\/{rel}","templated":true}]}}