{"id":1395,"date":"2017-08-20T16:23:10","date_gmt":"2017-08-20T16:23:10","guid":{"rendered":"http:\/\/mcg.prearechin.ro\/?page_id=1395"},"modified":"2018-10-12T08:57:50","modified_gmt":"2018-10-12T08:57:50","slug":"probleme-legate-de-transport-probleme-maritime-si-de-aviatie","status":"publish","type":"page","link":"https:\/\/www.mcgregorlegal.eu\/ro\/servicii\/probleme-legate-de-transport-probleme-maritime-si-de-aviatie\/","title":{"rendered":"Domeniul transporturi, maritim \u015fi avia\u0163ie"},"content":{"rendered":"<span><span><a href=\"https:\/\/www.mcgregorlegal.eu\/ro\/\">Home<\/a><\/span><\/span>\n<h2>\n\t\t\u0423\u0441\u043b\u0443\u0433\u0438<br \/>\n\t<\/h2>\n<h3>\n\t\tSERVICII<br \/>\n\t<\/h3>\n<p>V\u0103 putem asista \u00een leg\u0103tur\u0103 cu:<\/p>\n<ul>\n<li>Consultan\u0163a \u00een leg\u0103tur\u0103 cu probleme de construc\u0163ii maritime \u015fi dispute<\/li>\n<li>Operarea porturilor<\/li>\n<li>\u00cenregistrarea navelor \u015fi avioanelor \u015fi \u00eenregistrarea \u015fi stergerea gajurilor asupra acestora<\/li>\n<li>Transportul interna\u0163ional de marf\u0103 \u015fi pasageri prin aer, pe sol, pe mare sau ape interne<\/li>\n<li>Finan\u021barea \u0219i operarea interna\u0163ional\u0103 a cailor ferate \u015fi trenurilor<\/li>\n<li>Operarea c\u0103ilor ferate \u015fi a trenurilor<\/li>\n<li>Operarea liniilor aeriene, inclusiv drepturi de aterizare \u015fi folosire a facilit\u0103\u0163ilor de aeroport<\/li>\n<li>\u00centre\u0163inerea flotei aeriene \u015fi furnizarea de componente aviatice<\/li>\n<li>Probleme legate de echipaj<\/li>\n<li>Dispute legate de \u00eenc\u0103rc\u0103turi referitoare la c\u0103r\u0103u\u015fia de bunuri pe mare, aer sau sol, inclusiv revendic\u0103ri guvernate de Regulile de la Haga\/ Visby, CMR sau alte conven\u0163ii interna\u0163ionale<\/li>\n<\/ul>\n","protected":false},"excerpt":{"rendered":"<p>\u0423\u0441\u043b\u0443\u0433\u0438 SERVICII V\u0103 putem asista \u00een leg\u0103tur\u0103 cu: Consultan\u0163a \u00een leg\u0103tur\u0103 cu probleme de construc\u0163ii maritime \u015fi dispute Operarea porturilor \u00cenregistrarea navelor \u015fi avioanelor \u015fi \u00eenregistrarea \u015fi stergerea gajurilor asupra acestora Transportul interna\u0163ional de marf\u0103 \u015fi pasageri prin aer, pe sol, pe mare sau ape interne Finan\u021barea \u0219i operarea interna\u0163ional\u0103 a cailor ferate \u015fi trenurilor [&hellip;]<\/p>\n","protected":false},"author":1,"featured_media":0,"parent":1346,"menu_order":0,"comment_status":"closed","ping_status":"closed","template":"","meta":{"_genesis_hide_title":false,"_genesis_hide_breadcrumbs":false,"_genesis_hide_singular_image":false,"_genesis_hide_footer_widgets":false,"_genesis_custom_body_class":"","_genesis_custom_post_class":"","_genesis_layout":"","footnotes":""},"coauthors":[],"class_list":{"0":"post-1395","1":"page","2":"type-page","3":"status-publish","5":"entry"},"yoast_head":"<!-- This site is optimized with the Yoast SEO plugin v24.2 - https:\/\/yoast.com\/wordpress\/plugins\/seo\/ -->\n<title>Domeniul transporturi, maritim \u015fi avia\u0163ie - McGregor &amp; Partners Bucharest<\/title>\n<meta name=\"robots\" content=\"index, follow, max-snippet:-1, max-image-preview:large, max-video-preview:-1\" \/>\n<link rel=\"canonical\" href=\"https:\/\/www.mcgregorlegal.eu\/ro\/servicii\/probleme-legate-de-transport-probleme-maritime-si-de-aviatie\/\" \/>\n<meta property=\"og:locale\" content=\"ro_RO\" \/>\n<meta property=\"og:type\" content=\"article\" \/>\n<meta property=\"og:title\" content=\"Domeniul transporturi, maritim \u015fi avia\u0163ie - McGregor &amp; Partners Bucharest\" \/>\n<meta property=\"og:description\" content=\"\u0423\u0441\u043b\u0443\u0433\u0438 SERVICII V\u0103 putem asista \u00een leg\u0103tur\u0103 cu: Consultan\u0163a \u00een leg\u0103tur\u0103 cu probleme de construc\u0163ii maritime \u015fi dispute Operarea porturilor \u00cenregistrarea navelor \u015fi avioanelor \u015fi \u00eenregistrarea \u015fi stergerea gajurilor asupra acestora Transportul interna\u0163ional de marf\u0103 \u015fi pasageri prin aer, pe sol, pe mare sau ape interne Finan\u021barea \u0219i operarea interna\u0163ional\u0103 a cailor ferate \u015fi trenurilor [&hellip;]\" \/>\n<meta property=\"og:url\" content=\"https:\/\/www.mcgregorlegal.eu\/ro\/servicii\/probleme-legate-de-transport-probleme-maritime-si-de-aviatie\/\" \/>\n<meta property=\"og:site_name\" content=\"McGregor &amp; Partners Bucharest\" \/>\n<meta property=\"article:modified_time\" content=\"2018-10-12T08:57:50+00:00\" \/>\n<meta name=\"twitter:card\" content=\"summary_large_image\" \/>\n<meta name=\"twitter:label1\" content=\"Timp estimat pentru citire\" \/>\n\t<meta name=\"twitter:data1\" content=\"1 minut\" \/>\n\t<meta name=\"twitter:label2\" content=\"Written by\" \/>\n\t<meta name=\"twitter:data2\" content=\"felix\" \/>\n<script type=\"application\/ld+json\" class=\"yoast-schema-graph\">{\"@context\":\"https:\/\/schema.org\",\"@graph\":[{\"@type\":\"WebPage\",\"@id\":\"https:\/\/www.mcgregorlegal.eu\/ro\/servicii\/probleme-legate-de-transport-probleme-maritime-si-de-aviatie\/\",\"url\":\"https:\/\/www.mcgregorlegal.eu\/ro\/servicii\/probleme-legate-de-transport-probleme-maritime-si-de-aviatie\/\",\"name\":\"Domeniul transporturi, maritim \u015fi avia\u0163ie - McGregor &amp; Partners Bucharest\",\"isPartOf\":{\"@id\":\"https:\/\/www.mcgregorlegal.eu\/ro\/#website\"},\"datePublished\":\"2017-08-20T16:23:10+00:00\",\"dateModified\":\"2018-10-12T08:57:50+00:00\",\"breadcrumb\":{\"@id\":\"https:\/\/www.mcgregorlegal.eu\/ro\/servicii\/probleme-legate-de-transport-probleme-maritime-si-de-aviatie\/#breadcrumb\"},\"inLanguage\":\"ro-RO\",\"potentialAction\":[{\"@type\":\"ReadAction\",\"target\":[\"https:\/\/www.mcgregorlegal.eu\/ro\/servicii\/probleme-legate-de-transport-probleme-maritime-si-de-aviatie\/\"]}]},{\"@type\":\"BreadcrumbList\",\"@id\":\"https:\/\/www.mcgregorlegal.eu\/ro\/servicii\/probleme-legate-de-transport-probleme-maritime-si-de-aviatie\/#breadcrumb\",\"itemListElement\":[{\"@type\":\"ListItem\",\"position\":1,\"name\":\"Home\",\"item\":\"https:\/\/www.mcgregorlegal.eu\/ro\/\"},{\"@type\":\"ListItem\",\"position\":2,\"name\":\"Servicii\",\"item\":\"https:\/\/www.mcgregorlegal.eu\/ro\/servicii\/\"},{\"@type\":\"ListItem\",\"position\":3,\"name\":\"Domeniul transporturi, maritim \u015fi avia\u0163ie\"}]},{\"@type\":\"WebSite\",\"@id\":\"https:\/\/www.mcgregorlegal.eu\/ro\/#website\",\"url\":\"https:\/\/www.mcgregorlegal.eu\/ro\/\",\"name\":\"McGregor &amp; Partners Bucharest\",\"description\":\"o firm\u0103 de avocatur\u0103 de tip boutique, specializat\u0103 pe tranzac\u021bii comerciale\",\"potentialAction\":[{\"@type\":\"SearchAction\",\"target\":{\"@type\":\"EntryPoint\",\"urlTemplate\":\"https:\/\/www.mcgregorlegal.eu\/ro\/?s={search_term_string}\"},\"query-input\":{\"@type\":\"PropertyValueSpecification\",\"valueRequired\":true,\"valueName\":\"search_term_string\"}}],\"inLanguage\":\"ro-RO\"}]}<\/script>\n<!-- \/ Yoast SEO plugin. -->","yoast_head_json":{"title":"Domeniul transporturi, maritim \u015fi avia\u0163ie - McGregor &amp; Partners Bucharest","robots":{"index":"index","follow":"follow","max-snippet":"max-snippet:-1","max-image-preview":"max-image-preview:large","max-video-preview":"max-video-preview:-1"},"canonical":"https:\/\/www.mcgregorlegal.eu\/ro\/servicii\/probleme-legate-de-transport-probleme-maritime-si-de-aviatie\/","og_locale":"ro_RO","og_type":"article","og_title":"Domeniul transporturi, maritim \u015fi avia\u0163ie - McGregor &amp; Partners Bucharest","og_description":"\u0423\u0441\u043b\u0443\u0433\u0438 SERVICII V\u0103 putem asista \u00een leg\u0103tur\u0103 cu: Consultan\u0163a \u00een leg\u0103tur\u0103 cu probleme de construc\u0163ii maritime \u015fi dispute Operarea porturilor \u00cenregistrarea navelor \u015fi avioanelor \u015fi \u00eenregistrarea \u015fi stergerea gajurilor asupra acestora Transportul interna\u0163ional de marf\u0103 \u015fi pasageri prin aer, pe sol, pe mare sau ape interne Finan\u021barea \u0219i operarea interna\u0163ional\u0103 a cailor ferate \u015fi trenurilor [&hellip;]","og_url":"https:\/\/www.mcgregorlegal.eu\/ro\/servicii\/probleme-legate-de-transport-probleme-maritime-si-de-aviatie\/","og_site_name":"McGregor &amp; Partners Bucharest","article_modified_time":"2018-10-12T08:57:50+00:00","twitter_card":"summary_large_image","twitter_misc":{"Timp estimat pentru citire":"1 minut","Written by":"felix"},"schema":{"@context":"https:\/\/schema.org","@graph":[{"@type":"WebPage","@id":"https:\/\/www.mcgregorlegal.eu\/ro\/servicii\/probleme-legate-de-transport-probleme-maritime-si-de-aviatie\/","url":"https:\/\/www.mcgregorlegal.eu\/ro\/servicii\/probleme-legate-de-transport-probleme-maritime-si-de-aviatie\/","name":"Domeniul transporturi, maritim \u015fi avia\u0163ie - McGregor &amp; Partners Bucharest","isPartOf":{"@id":"https:\/\/www.mcgregorlegal.eu\/ro\/#website"},"datePublished":"2017-08-20T16:23:10+00:00","dateModified":"2018-10-12T08:57:50+00:00","breadcrumb":{"@id":"https:\/\/www.mcgregorlegal.eu\/ro\/servicii\/probleme-legate-de-transport-probleme-maritime-si-de-aviatie\/#breadcrumb"},"inLanguage":"ro-RO","potentialAction":[{"@type":"ReadAction","target":["https:\/\/www.mcgregorlegal.eu\/ro\/servicii\/probleme-legate-de-transport-probleme-maritime-si-de-aviatie\/"]}]},{"@type":"BreadcrumbList","@id":"https:\/\/www.mcgregorlegal.eu\/ro\/servicii\/probleme-legate-de-transport-probleme-maritime-si-de-aviatie\/#breadcrumb","itemListElement":[{"@type":"ListItem","position":1,"name":"Home","item":"https:\/\/www.mcgregorlegal.eu\/ro\/"},{"@type":"ListItem","position":2,"name":"Servicii","item":"https:\/\/www.mcgregorlegal.eu\/ro\/servicii\/"},{"@type":"ListItem","position":3,"name":"Domeniul transporturi, maritim \u015fi avia\u0163ie"}]},{"@type":"WebSite","@id":"https:\/\/www.mcgregorlegal.eu\/ro\/#website","url":"https:\/\/www.mcgregorlegal.eu\/ro\/","name":"McGregor &amp; Partners Bucharest","description":"o firm\u0103 de avocatur\u0103 de tip boutique, specializat\u0103 pe tranzac\u021bii comerciale","potentialAction":[{"@type":"SearchAction","target":{"@type":"EntryPoint","urlTemplate":"https:\/\/www.mcgregorlegal.eu\/ro\/?s={search_term_string}"},"query-input":{"@type":"PropertyValueSpecification","valueRequired":true,"valueName":"search_term_string"}}],"inLanguage":"ro-RO"}]}},"_links":{"self":[{"href":"https:\/\/www.mcgregorlegal.eu\/ro\/wp-json\/wp\/v2\/pages\/1395","targetHints":{"allow":["GET"]}}],"collection":[{"href":"https:\/\/www.mcgregorlegal.eu\/ro\/wp-json\/wp\/v2\/pages"}],"about":[{"href":"https:\/\/www.mcgregorlegal.eu\/ro\/wp-json\/wp\/v2\/types\/page"}],"author":[{"embeddable":true,"href":"https:\/\/www.mcgregorlegal.eu\/ro\/wp-json\/wp\/v2\/users\/1"}],"replies":[{"embeddable":true,"href":"https:\/\/www.mcgregorlegal.eu\/ro\/wp-json\/wp\/v2\/comments?post=1395"}],"version-history":[{"count":1,"href":"https:\/\/www.mcgregorlegal.eu\/ro\/wp-json\/wp\/v2\/pages\/1395\/revisions"}],"predecessor-version":[{"id":2331,"href":"https:\/\/www.mcgregorlegal.eu\/ro\/wp-json\/wp\/v2\/pages\/1395\/revisions\/2331"}],"up":[{"embeddable":true,"href":"https:\/\/www.mcgregorlegal.eu\/ro\/wp-json\/wp\/v2\/pages\/1346"}],"wp:attachment":[{"href":"https:\/\/www.mcgregorlegal.eu\/ro\/wp-json\/wp\/v2\/media?parent=1395"}],"wp:term":[{"taxonomy":"author","embeddable":true,"href":"https:\/\/www.mcgregorlegal.eu\/ro\/wp-json\/wp\/v2\/coauthors?post=1395"}],"curies":[{"name":"wp","href":"https:\/\/api.w.org\/{rel}","templated":true}]}}