{"id":1566,"date":"2017-09-19T08:37:03","date_gmt":"2017-09-19T08:37:03","guid":{"rendered":"http:\/\/mcg.prearechin.ro\/?page_id=1566"},"modified":"2018-10-19T09:09:57","modified_gmt":"2018-10-19T09:09:57","slug":"domeniul-concurentei-si-al-altor-probleme-de-reglementare","status":"publish","type":"page","link":"https:\/\/www.mcgregorlegal.eu\/ro\/servicii\/domeniul-concurentei-si-al-altor-probleme-de-reglementare\/","title":{"rendered":"Domeniul concuren\u0163ei \u015fi al altor probleme de reglementare"},"content":{"rendered":"<p>V\u0103 putem asista \u00een leg\u0103tur\u0103 cu:<\/p>\n<ul>\n<li>Ob\u0163inerea de avize favorabile pentru concentr\u0103ri economice, fie locale sau interna\u0163ionale<\/li>\n<li>Negocierea \u015fi ob\u0163inerea de avize favorabile pentru acorduri comerciale, precum cele privind distribu\u0163ia exclusiv\u0103 \u015fi re\u0163elele de furnizare<\/li>\n<li>Consultan\u0163\u0103 cu privire la proceduri \u015fi la preg\u0103tirea personalului pentru \u201edawn raids\u201d;<\/li>\n<li>Reprezentarea clien\u0163ilor \u00een timpul \u015fi conducerea de \u201edawn raids\u201d precum \u015fi a activit\u0103\u0163ilor subsecvente legate de acestea<\/li>\n<li>Furnizarea de consultan\u0163\u0103 \u00een leg\u0103tur\u0103 cu ac\u0163iuni de concuren\u0163\u0103 neloial\u0103<\/li>\n<li>Furnizarea de consultan\u0163\u0103 cu privire la chestiuni de reglementare a \u00eenfiin\u0163\u0103rii \u015fi func\u0163ion\u0103rii b\u0103ncilor, companiilor de asigur\u0103ri, sta\u0163iilor audio \u2013 vizuale, agen\u0163iilor de valori, companiilor de transport \u015fi companiilor de angaj\u0103ri<\/li>\n<li>Revizuirea politicilor cu privire la colect\u0103ri \u015fi proces\u0103ri de date pentru a asigura concordan\u0163a cu legisla\u0163ia privind protec\u0163ia datelor \u015fi confiden\u0163ialitatea<\/li>\n<li>\u00cendeplinirea de proceduri pentru aprobarea produselor de v\u00e2nzare, incluz\u00e2nd produse alimentare, farmaceutice \u015fi medicale<\/li>\n<li>Tratarea unor chestiuni privind mediul.<\/li>\n<\/ul>\n","protected":false},"excerpt":{"rendered":"<p>V\u0103 putem asista \u00een leg\u0103tur\u0103 cu: Ob\u0163inerea de avize favorabile pentru concentr\u0103ri economice, fie locale sau interna\u0163ionale Negocierea \u015fi ob\u0163inerea de avize favorabile pentru acorduri comerciale, precum cele privind distribu\u0163ia exclusiv\u0103 \u015fi re\u0163elele de furnizare Consultan\u0163\u0103 cu privire la proceduri \u015fi la preg\u0103tirea personalului pentru \u201edawn raids\u201d; Reprezentarea clien\u0163ilor \u00een timpul \u015fi conducerea de \u201edawn [&hellip;]<\/p>\n","protected":false},"author":1,"featured_media":0,"parent":1346,"menu_order":0,"comment_status":"closed","ping_status":"closed","template":"","meta":{"_genesis_hide_title":false,"_genesis_hide_breadcrumbs":false,"_genesis_hide_singular_image":false,"_genesis_hide_footer_widgets":false,"_genesis_custom_body_class":"","_genesis_custom_post_class":"","_genesis_layout":"","footnotes":""},"coauthors":[],"class_list":{"0":"post-1566","1":"page","2":"type-page","3":"status-publish","5":"entry"},"yoast_head":"<!-- This site is optimized with the Yoast SEO plugin v24.2 - https:\/\/yoast.com\/wordpress\/plugins\/seo\/ -->\n<title>Domeniul concuren\u0163ei \u015fi al altor probleme de reglementare - McGregor &amp; Partners Bucharest<\/title>\n<meta name=\"robots\" content=\"index, follow, max-snippet:-1, max-image-preview:large, max-video-preview:-1\" \/>\n<link rel=\"canonical\" href=\"https:\/\/www.mcgregorlegal.eu\/ro\/servicii\/domeniul-concurentei-si-al-altor-probleme-de-reglementare\/\" \/>\n<meta property=\"og:locale\" content=\"ro_RO\" \/>\n<meta property=\"og:type\" content=\"article\" \/>\n<meta property=\"og:title\" content=\"Domeniul concuren\u0163ei \u015fi al altor probleme de reglementare - McGregor &amp; Partners Bucharest\" \/>\n<meta property=\"og:description\" content=\"V\u0103 putem asista \u00een leg\u0103tur\u0103 cu: Ob\u0163inerea de avize favorabile pentru concentr\u0103ri economice, fie locale sau interna\u0163ionale Negocierea \u015fi ob\u0163inerea de avize favorabile pentru acorduri comerciale, precum cele privind distribu\u0163ia exclusiv\u0103 \u015fi re\u0163elele de furnizare Consultan\u0163\u0103 cu privire la proceduri \u015fi la preg\u0103tirea personalului pentru \u201edawn raids\u201d; Reprezentarea clien\u0163ilor \u00een timpul \u015fi conducerea de \u201edawn [&hellip;]\" \/>\n<meta property=\"og:url\" content=\"https:\/\/www.mcgregorlegal.eu\/ro\/servicii\/domeniul-concurentei-si-al-altor-probleme-de-reglementare\/\" \/>\n<meta property=\"og:site_name\" content=\"McGregor &amp; Partners Bucharest\" \/>\n<meta property=\"article:modified_time\" content=\"2018-10-19T09:09:57+00:00\" \/>\n<meta name=\"twitter:card\" content=\"summary_large_image\" \/>\n<meta name=\"twitter:label1\" content=\"Timp estimat pentru citire\" \/>\n\t<meta name=\"twitter:data1\" content=\"1 minut\" \/>\n\t<meta name=\"twitter:label2\" content=\"Written by\" \/>\n\t<meta name=\"twitter:data2\" content=\"felix\" \/>\n<script type=\"application\/ld+json\" class=\"yoast-schema-graph\">{\"@context\":\"https:\/\/schema.org\",\"@graph\":[{\"@type\":\"WebPage\",\"@id\":\"https:\/\/www.mcgregorlegal.eu\/ro\/servicii\/domeniul-concurentei-si-al-altor-probleme-de-reglementare\/\",\"url\":\"https:\/\/www.mcgregorlegal.eu\/ro\/servicii\/domeniul-concurentei-si-al-altor-probleme-de-reglementare\/\",\"name\":\"Domeniul concuren\u0163ei \u015fi al altor probleme de reglementare - McGregor &amp; Partners Bucharest\",\"isPartOf\":{\"@id\":\"https:\/\/www.mcgregorlegal.eu\/ro\/#website\"},\"datePublished\":\"2017-09-19T08:37:03+00:00\",\"dateModified\":\"2018-10-19T09:09:57+00:00\",\"breadcrumb\":{\"@id\":\"https:\/\/www.mcgregorlegal.eu\/ro\/servicii\/domeniul-concurentei-si-al-altor-probleme-de-reglementare\/#breadcrumb\"},\"inLanguage\":\"ro-RO\",\"potentialAction\":[{\"@type\":\"ReadAction\",\"target\":[\"https:\/\/www.mcgregorlegal.eu\/ro\/servicii\/domeniul-concurentei-si-al-altor-probleme-de-reglementare\/\"]}]},{\"@type\":\"BreadcrumbList\",\"@id\":\"https:\/\/www.mcgregorlegal.eu\/ro\/servicii\/domeniul-concurentei-si-al-altor-probleme-de-reglementare\/#breadcrumb\",\"itemListElement\":[{\"@type\":\"ListItem\",\"position\":1,\"name\":\"Home\",\"item\":\"https:\/\/www.mcgregorlegal.eu\/ro\/\"},{\"@type\":\"ListItem\",\"position\":2,\"name\":\"Servicii\",\"item\":\"https:\/\/www.mcgregorlegal.eu\/ro\/servicii\/\"},{\"@type\":\"ListItem\",\"position\":3,\"name\":\"Domeniul concuren\u0163ei \u015fi al altor probleme de reglementare\"}]},{\"@type\":\"WebSite\",\"@id\":\"https:\/\/www.mcgregorlegal.eu\/ro\/#website\",\"url\":\"https:\/\/www.mcgregorlegal.eu\/ro\/\",\"name\":\"McGregor &amp; Partners Bucharest\",\"description\":\"o firm\u0103 de avocatur\u0103 de tip boutique, specializat\u0103 pe tranzac\u021bii comerciale\",\"potentialAction\":[{\"@type\":\"SearchAction\",\"target\":{\"@type\":\"EntryPoint\",\"urlTemplate\":\"https:\/\/www.mcgregorlegal.eu\/ro\/?s={search_term_string}\"},\"query-input\":{\"@type\":\"PropertyValueSpecification\",\"valueRequired\":true,\"valueName\":\"search_term_string\"}}],\"inLanguage\":\"ro-RO\"}]}<\/script>\n<!-- \/ Yoast SEO plugin. -->","yoast_head_json":{"title":"Domeniul concuren\u0163ei \u015fi al altor probleme de reglementare - McGregor &amp; Partners Bucharest","robots":{"index":"index","follow":"follow","max-snippet":"max-snippet:-1","max-image-preview":"max-image-preview:large","max-video-preview":"max-video-preview:-1"},"canonical":"https:\/\/www.mcgregorlegal.eu\/ro\/servicii\/domeniul-concurentei-si-al-altor-probleme-de-reglementare\/","og_locale":"ro_RO","og_type":"article","og_title":"Domeniul concuren\u0163ei \u015fi al altor probleme de reglementare - McGregor &amp; Partners Bucharest","og_description":"V\u0103 putem asista \u00een leg\u0103tur\u0103 cu: Ob\u0163inerea de avize favorabile pentru concentr\u0103ri economice, fie locale sau interna\u0163ionale Negocierea \u015fi ob\u0163inerea de avize favorabile pentru acorduri comerciale, precum cele privind distribu\u0163ia exclusiv\u0103 \u015fi re\u0163elele de furnizare Consultan\u0163\u0103 cu privire la proceduri \u015fi la preg\u0103tirea personalului pentru \u201edawn raids\u201d; Reprezentarea clien\u0163ilor \u00een timpul \u015fi conducerea de \u201edawn [&hellip;]","og_url":"https:\/\/www.mcgregorlegal.eu\/ro\/servicii\/domeniul-concurentei-si-al-altor-probleme-de-reglementare\/","og_site_name":"McGregor &amp; Partners Bucharest","article_modified_time":"2018-10-19T09:09:57+00:00","twitter_card":"summary_large_image","twitter_misc":{"Timp estimat pentru citire":"1 minut","Written by":"felix"},"schema":{"@context":"https:\/\/schema.org","@graph":[{"@type":"WebPage","@id":"https:\/\/www.mcgregorlegal.eu\/ro\/servicii\/domeniul-concurentei-si-al-altor-probleme-de-reglementare\/","url":"https:\/\/www.mcgregorlegal.eu\/ro\/servicii\/domeniul-concurentei-si-al-altor-probleme-de-reglementare\/","name":"Domeniul concuren\u0163ei \u015fi al altor probleme de reglementare - McGregor &amp; Partners Bucharest","isPartOf":{"@id":"https:\/\/www.mcgregorlegal.eu\/ro\/#website"},"datePublished":"2017-09-19T08:37:03+00:00","dateModified":"2018-10-19T09:09:57+00:00","breadcrumb":{"@id":"https:\/\/www.mcgregorlegal.eu\/ro\/servicii\/domeniul-concurentei-si-al-altor-probleme-de-reglementare\/#breadcrumb"},"inLanguage":"ro-RO","potentialAction":[{"@type":"ReadAction","target":["https:\/\/www.mcgregorlegal.eu\/ro\/servicii\/domeniul-concurentei-si-al-altor-probleme-de-reglementare\/"]}]},{"@type":"BreadcrumbList","@id":"https:\/\/www.mcgregorlegal.eu\/ro\/servicii\/domeniul-concurentei-si-al-altor-probleme-de-reglementare\/#breadcrumb","itemListElement":[{"@type":"ListItem","position":1,"name":"Home","item":"https:\/\/www.mcgregorlegal.eu\/ro\/"},{"@type":"ListItem","position":2,"name":"Servicii","item":"https:\/\/www.mcgregorlegal.eu\/ro\/servicii\/"},{"@type":"ListItem","position":3,"name":"Domeniul concuren\u0163ei \u015fi al altor probleme de reglementare"}]},{"@type":"WebSite","@id":"https:\/\/www.mcgregorlegal.eu\/ro\/#website","url":"https:\/\/www.mcgregorlegal.eu\/ro\/","name":"McGregor &amp; Partners Bucharest","description":"o firm\u0103 de avocatur\u0103 de tip boutique, specializat\u0103 pe tranzac\u021bii comerciale","potentialAction":[{"@type":"SearchAction","target":{"@type":"EntryPoint","urlTemplate":"https:\/\/www.mcgregorlegal.eu\/ro\/?s={search_term_string}"},"query-input":{"@type":"PropertyValueSpecification","valueRequired":true,"valueName":"search_term_string"}}],"inLanguage":"ro-RO"}]}},"_links":{"self":[{"href":"https:\/\/www.mcgregorlegal.eu\/ro\/wp-json\/wp\/v2\/pages\/1566","targetHints":{"allow":["GET"]}}],"collection":[{"href":"https:\/\/www.mcgregorlegal.eu\/ro\/wp-json\/wp\/v2\/pages"}],"about":[{"href":"https:\/\/www.mcgregorlegal.eu\/ro\/wp-json\/wp\/v2\/types\/page"}],"author":[{"embeddable":true,"href":"https:\/\/www.mcgregorlegal.eu\/ro\/wp-json\/wp\/v2\/users\/1"}],"replies":[{"embeddable":true,"href":"https:\/\/www.mcgregorlegal.eu\/ro\/wp-json\/wp\/v2\/comments?post=1566"}],"version-history":[{"count":3,"href":"https:\/\/www.mcgregorlegal.eu\/ro\/wp-json\/wp\/v2\/pages\/1566\/revisions"}],"predecessor-version":[{"id":2574,"href":"https:\/\/www.mcgregorlegal.eu\/ro\/wp-json\/wp\/v2\/pages\/1566\/revisions\/2574"}],"up":[{"embeddable":true,"href":"https:\/\/www.mcgregorlegal.eu\/ro\/wp-json\/wp\/v2\/pages\/1346"}],"wp:attachment":[{"href":"https:\/\/www.mcgregorlegal.eu\/ro\/wp-json\/wp\/v2\/media?parent=1566"}],"wp:term":[{"taxonomy":"author","embeddable":true,"href":"https:\/\/www.mcgregorlegal.eu\/ro\/wp-json\/wp\/v2\/coauthors?post=1566"}],"curies":[{"name":"wp","href":"https:\/\/api.w.org\/{rel}","templated":true}]}}