{"id":1593,"date":"2017-09-19T09:02:30","date_gmt":"2017-09-19T09:02:30","guid":{"rendered":"http:\/\/mcg.prearechin.ro\/?page_id=1593"},"modified":"2017-09-19T09:02:30","modified_gmt":"2017-09-19T09:02:30","slug":"declaratia-referitoare-la-lupta-impotriva-coruptiei","status":"publish","type":"page","link":"https:\/\/www.mcgregorlegal.eu\/ro\/declaratia-referitoare-la-lupta-impotriva-coruptiei\/","title":{"rendered":"Declara\u021bia referitoare la lupta \u00eempotriva corup\u021biei"},"content":{"rendered":"<p id=\"breadcrumbs\"><a href=\"https:\/\/www.mcgregorlegal.eu\/?lang=ro\" rel=\"v:url\">Home<\/a> \u00bb Declara\u021bia referitoare la lupta \u00eempotriva corup\u021biei<\/p>\n<h2>\n\t\t<a href=\"https:\/\/www.mcgregorlegal.eu\/%D0%BD%D0%B0%D1%88%D0%B8%D1%8F%D1%82-%D0%B5%D0%BA%D0%B8%D0%BF\/?lang=bg&amp;fl_builder\" title=\"\u0423\u0441\u043b\u0443\u0433\u0438\" target=\"_self\"><br \/>\n\t\t\u0423\u0441\u043b\u0443\u0433\u0438<br \/>\n\t\t<\/a><br \/>\n\t<\/h2>\n<p>McGregor &amp; Partners \u00ee\u0219i desf\u0103\u0219oar\u0103 activitatea cu integritate, transparen\u021b\u0103 \u0219i corectitudine.<\/p>\n<p>Suntem dedica\u021bi luptei de prevenire a mitei \u0219i corup\u021biei pentru c\u0103 suntem con\u0219tien\u021bi de importan\u021ba men\u021binerii reputa\u021biei noastre \u0219i \u00eencrederea clien\u021bilor \u0219i partenerilor no\u0219tri de afaceri pe toate pie\u021bele pe care func\u021bion\u0103m.<\/p>\n<p>Nu accept\u0103m mita \u0219i corup\u021bia \u00een activitatea noastr\u0103. Nu vom colabora cu firmele care nu ne \u00eemp\u0103rt\u0103\u0219esc dedicarea \u00een lupta \u00eempotriva mitei \u0219i a corup\u021biei.<\/p>\n<p>Dac\u0103 ave\u021bi \u00eentreb\u0103ri, probleme sau suspiciuni pe care dori\u021bi s\u0103 ni le sesiza\u021bi, v\u0103 rug\u0103m s\u0103 \u00eel contacta\u021bi pe partenerul nostru coordonator, Neil McGregor la +40 21 222 04 88.<\/p>\n","protected":false},"excerpt":{"rendered":"<p>Home \u00bb Declara\u021bia referitoare la lupta \u00eempotriva corup\u021biei \u0423\u0441\u043b\u0443\u0433\u0438 McGregor &amp; Partners \u00ee\u0219i desf\u0103\u0219oar\u0103 activitatea cu integritate, transparen\u021b\u0103 \u0219i corectitudine. Suntem dedica\u021bi luptei de prevenire a mitei \u0219i corup\u021biei pentru c\u0103 suntem con\u0219tien\u021bi de importan\u021ba men\u021binerii reputa\u021biei noastre \u0219i \u00eencrederea clien\u021bilor \u0219i partenerilor no\u0219tri de afaceri pe toate pie\u021bele pe care func\u021bion\u0103m. Nu accept\u0103m mita [&hellip;]<\/p>\n","protected":false},"author":1,"featured_media":0,"parent":0,"menu_order":0,"comment_status":"closed","ping_status":"closed","template":"","meta":{"_genesis_hide_title":false,"_genesis_hide_breadcrumbs":false,"_genesis_hide_singular_image":false,"_genesis_hide_footer_widgets":false,"_genesis_custom_body_class":"","_genesis_custom_post_class":"","_genesis_layout":"","footnotes":""},"coauthors":[],"class_list":{"0":"post-1593","1":"page","2":"type-page","3":"status-publish","5":"entry"},"yoast_head":"<!-- This site is optimized with the Yoast SEO plugin v24.2 - https:\/\/yoast.com\/wordpress\/plugins\/seo\/ -->\n<title>Declara\u021bia referitoare la lupta \u00eempotriva corup\u021biei - McGregor &amp; Partners Bucharest<\/title>\n<meta name=\"robots\" content=\"index, follow, max-snippet:-1, max-image-preview:large, max-video-preview:-1\" \/>\n<link rel=\"canonical\" href=\"https:\/\/www.mcgregorlegal.eu\/ro\/declaratia-referitoare-la-lupta-impotriva-coruptiei\/\" \/>\n<meta property=\"og:locale\" content=\"ro_RO\" \/>\n<meta property=\"og:type\" content=\"article\" \/>\n<meta property=\"og:title\" content=\"Declara\u021bia referitoare la lupta \u00eempotriva corup\u021biei - McGregor &amp; Partners Bucharest\" \/>\n<meta property=\"og:description\" content=\"Home \u00bb Declara\u021bia referitoare la lupta \u00eempotriva corup\u021biei \u0423\u0441\u043b\u0443\u0433\u0438 McGregor &amp; Partners \u00ee\u0219i desf\u0103\u0219oar\u0103 activitatea cu integritate, transparen\u021b\u0103 \u0219i corectitudine. Suntem dedica\u021bi luptei de prevenire a mitei \u0219i corup\u021biei pentru c\u0103 suntem con\u0219tien\u021bi de importan\u021ba men\u021binerii reputa\u021biei noastre \u0219i \u00eencrederea clien\u021bilor \u0219i partenerilor no\u0219tri de afaceri pe toate pie\u021bele pe care func\u021bion\u0103m. Nu accept\u0103m mita [&hellip;]\" \/>\n<meta property=\"og:url\" content=\"https:\/\/www.mcgregorlegal.eu\/ro\/declaratia-referitoare-la-lupta-impotriva-coruptiei\/\" \/>\n<meta property=\"og:site_name\" content=\"McGregor &amp; Partners Bucharest\" \/>\n<meta name=\"twitter:card\" content=\"summary_large_image\" \/>\n<meta name=\"twitter:label1\" content=\"Timp estimat pentru citire\" \/>\n\t<meta name=\"twitter:data1\" content=\"1 minut\" \/>\n\t<meta name=\"twitter:label2\" content=\"Written by\" \/>\n\t<meta name=\"twitter:data2\" content=\"felix\" \/>\n<script type=\"application\/ld+json\" class=\"yoast-schema-graph\">{\"@context\":\"https:\/\/schema.org\",\"@graph\":[{\"@type\":\"WebPage\",\"@id\":\"https:\/\/www.mcgregorlegal.eu\/ro\/declaratia-referitoare-la-lupta-impotriva-coruptiei\/\",\"url\":\"https:\/\/www.mcgregorlegal.eu\/ro\/declaratia-referitoare-la-lupta-impotriva-coruptiei\/\",\"name\":\"Declara\u021bia referitoare la lupta \u00eempotriva corup\u021biei - McGregor &amp; Partners Bucharest\",\"isPartOf\":{\"@id\":\"https:\/\/www.mcgregorlegal.eu\/ro\/#website\"},\"datePublished\":\"2017-09-19T09:02:30+00:00\",\"dateModified\":\"2017-09-19T09:02:30+00:00\",\"breadcrumb\":{\"@id\":\"https:\/\/www.mcgregorlegal.eu\/ro\/declaratia-referitoare-la-lupta-impotriva-coruptiei\/#breadcrumb\"},\"inLanguage\":\"ro-RO\",\"potentialAction\":[{\"@type\":\"ReadAction\",\"target\":[\"https:\/\/www.mcgregorlegal.eu\/ro\/declaratia-referitoare-la-lupta-impotriva-coruptiei\/\"]}]},{\"@type\":\"BreadcrumbList\",\"@id\":\"https:\/\/www.mcgregorlegal.eu\/ro\/declaratia-referitoare-la-lupta-impotriva-coruptiei\/#breadcrumb\",\"itemListElement\":[{\"@type\":\"ListItem\",\"position\":1,\"name\":\"Home\",\"item\":\"https:\/\/www.mcgregorlegal.eu\/ro\/\"},{\"@type\":\"ListItem\",\"position\":2,\"name\":\"Declara\u021bia referitoare la lupta \u00eempotriva corup\u021biei\"}]},{\"@type\":\"WebSite\",\"@id\":\"https:\/\/www.mcgregorlegal.eu\/ro\/#website\",\"url\":\"https:\/\/www.mcgregorlegal.eu\/ro\/\",\"name\":\"McGregor &amp; Partners Bucharest\",\"description\":\"o firm\u0103 de avocatur\u0103 de tip boutique, specializat\u0103 pe tranzac\u021bii comerciale\",\"potentialAction\":[{\"@type\":\"SearchAction\",\"target\":{\"@type\":\"EntryPoint\",\"urlTemplate\":\"https:\/\/www.mcgregorlegal.eu\/ro\/?s={search_term_string}\"},\"query-input\":{\"@type\":\"PropertyValueSpecification\",\"valueRequired\":true,\"valueName\":\"search_term_string\"}}],\"inLanguage\":\"ro-RO\"}]}<\/script>\n<!-- \/ Yoast SEO plugin. -->","yoast_head_json":{"title":"Declara\u021bia referitoare la lupta \u00eempotriva corup\u021biei - McGregor &amp; Partners Bucharest","robots":{"index":"index","follow":"follow","max-snippet":"max-snippet:-1","max-image-preview":"max-image-preview:large","max-video-preview":"max-video-preview:-1"},"canonical":"https:\/\/www.mcgregorlegal.eu\/ro\/declaratia-referitoare-la-lupta-impotriva-coruptiei\/","og_locale":"ro_RO","og_type":"article","og_title":"Declara\u021bia referitoare la lupta \u00eempotriva corup\u021biei - McGregor &amp; Partners Bucharest","og_description":"Home \u00bb Declara\u021bia referitoare la lupta \u00eempotriva corup\u021biei \u0423\u0441\u043b\u0443\u0433\u0438 McGregor &amp; Partners \u00ee\u0219i desf\u0103\u0219oar\u0103 activitatea cu integritate, transparen\u021b\u0103 \u0219i corectitudine. Suntem dedica\u021bi luptei de prevenire a mitei \u0219i corup\u021biei pentru c\u0103 suntem con\u0219tien\u021bi de importan\u021ba men\u021binerii reputa\u021biei noastre \u0219i \u00eencrederea clien\u021bilor \u0219i partenerilor no\u0219tri de afaceri pe toate pie\u021bele pe care func\u021bion\u0103m. Nu accept\u0103m mita [&hellip;]","og_url":"https:\/\/www.mcgregorlegal.eu\/ro\/declaratia-referitoare-la-lupta-impotriva-coruptiei\/","og_site_name":"McGregor &amp; Partners Bucharest","twitter_card":"summary_large_image","twitter_misc":{"Timp estimat pentru citire":"1 minut","Written by":"felix"},"schema":{"@context":"https:\/\/schema.org","@graph":[{"@type":"WebPage","@id":"https:\/\/www.mcgregorlegal.eu\/ro\/declaratia-referitoare-la-lupta-impotriva-coruptiei\/","url":"https:\/\/www.mcgregorlegal.eu\/ro\/declaratia-referitoare-la-lupta-impotriva-coruptiei\/","name":"Declara\u021bia referitoare la lupta \u00eempotriva corup\u021biei - McGregor &amp; Partners Bucharest","isPartOf":{"@id":"https:\/\/www.mcgregorlegal.eu\/ro\/#website"},"datePublished":"2017-09-19T09:02:30+00:00","dateModified":"2017-09-19T09:02:30+00:00","breadcrumb":{"@id":"https:\/\/www.mcgregorlegal.eu\/ro\/declaratia-referitoare-la-lupta-impotriva-coruptiei\/#breadcrumb"},"inLanguage":"ro-RO","potentialAction":[{"@type":"ReadAction","target":["https:\/\/www.mcgregorlegal.eu\/ro\/declaratia-referitoare-la-lupta-impotriva-coruptiei\/"]}]},{"@type":"BreadcrumbList","@id":"https:\/\/www.mcgregorlegal.eu\/ro\/declaratia-referitoare-la-lupta-impotriva-coruptiei\/#breadcrumb","itemListElement":[{"@type":"ListItem","position":1,"name":"Home","item":"https:\/\/www.mcgregorlegal.eu\/ro\/"},{"@type":"ListItem","position":2,"name":"Declara\u021bia referitoare la lupta \u00eempotriva corup\u021biei"}]},{"@type":"WebSite","@id":"https:\/\/www.mcgregorlegal.eu\/ro\/#website","url":"https:\/\/www.mcgregorlegal.eu\/ro\/","name":"McGregor &amp; Partners Bucharest","description":"o firm\u0103 de avocatur\u0103 de tip boutique, specializat\u0103 pe tranzac\u021bii comerciale","potentialAction":[{"@type":"SearchAction","target":{"@type":"EntryPoint","urlTemplate":"https:\/\/www.mcgregorlegal.eu\/ro\/?s={search_term_string}"},"query-input":{"@type":"PropertyValueSpecification","valueRequired":true,"valueName":"search_term_string"}}],"inLanguage":"ro-RO"}]}},"_links":{"self":[{"href":"https:\/\/www.mcgregorlegal.eu\/ro\/wp-json\/wp\/v2\/pages\/1593","targetHints":{"allow":["GET"]}}],"collection":[{"href":"https:\/\/www.mcgregorlegal.eu\/ro\/wp-json\/wp\/v2\/pages"}],"about":[{"href":"https:\/\/www.mcgregorlegal.eu\/ro\/wp-json\/wp\/v2\/types\/page"}],"author":[{"embeddable":true,"href":"https:\/\/www.mcgregorlegal.eu\/ro\/wp-json\/wp\/v2\/users\/1"}],"replies":[{"embeddable":true,"href":"https:\/\/www.mcgregorlegal.eu\/ro\/wp-json\/wp\/v2\/comments?post=1593"}],"version-history":[{"count":0,"href":"https:\/\/www.mcgregorlegal.eu\/ro\/wp-json\/wp\/v2\/pages\/1593\/revisions"}],"wp:attachment":[{"href":"https:\/\/www.mcgregorlegal.eu\/ro\/wp-json\/wp\/v2\/media?parent=1593"}],"wp:term":[{"taxonomy":"author","embeddable":true,"href":"https:\/\/www.mcgregorlegal.eu\/ro\/wp-json\/wp\/v2\/coauthors?post=1593"}],"curies":[{"name":"wp","href":"https:\/\/api.w.org\/{rel}","templated":true}]}}