{"id":1596,"date":"2017-09-19T09:03:31","date_gmt":"2017-09-19T09:03:31","guid":{"rendered":"http:\/\/mcg.prearechin.ro\/?page_id=1596"},"modified":"2017-09-19T09:03:31","modified_gmt":"2017-09-19T09:03:31","slug":"cum-generam-valoare","status":"publish","type":"page","link":"https:\/\/www.mcgregorlegal.eu\/ro\/cum-generam-valoare\/","title":{"rendered":"Cum gener\u0103m valoare"},"content":{"rendered":"<p id=\"breadcrumbs\"><a href=\"https:\/\/www.mcgregorlegal.eu\/?lang=ro\" rel=\"v:url\">Home<\/a> \u00bb Cum gener\u0103m valoare<\/p>\n<h2>\n\t\t<a href=\"https:\/\/www.mcgregorlegal.eu\/%D0%BD%D0%B0%D1%88%D0%B8%D1%8F%D1%82-%D0%B5%D0%BA%D0%B8%D0%BF\/?lang=bg&amp;fl_builder\" title=\"\u0423\u0441\u043b\u0443\u0433\u0438\" target=\"_self\"><br \/>\n\t\t\u0423\u0441\u043b\u0443\u0433\u0438<br \/>\n\t\t<\/a><br \/>\n\t<\/h2>\n<p>Noi punem un accent special pe bunul sim\u021b, con\u0219tientizare comercial\u0103 \u0219i comunicare eficient\u0103. Aceasta include oferirea de consultan\u021b\u0103 direct\u0103 folosind un limbaj simplu \u0219i, de asemenea, ne facem timp pentru a \u00een\u021belege obiectivele de afaceri \u0219i comerciale ale clien\u021bilor no\u0219tri..<\/p>\n<p>Lucr\u0103m \u00een str\u00e2ns\u0103 leg\u0103tur\u0103 at\u00e2t cu clien\u0163ii no\u015ftri c\u00e2t \u015fi cu ceilal\u0163i consilieri ai lor pe probleme specifice. \u00cen anumite situa\u021bii asta va \u00eensemna s\u0103 ac\u021bion\u0103m ca un departament judrpidic in-house pentru anumi\u021bi clien\u021bi, inclusiv prin deta\u0219area unor membri ai echipei noastre s\u0103 lucreze \u00een biroul clientului.<\/p>\n<p>De\u0219i mai mul\u021bi avoca\u021bi ai no\u0219tri vor lucra pe un anumit caz al unui client, ace\u0219tia vor fi \u00eentotdeauna coordona\u021bi de un partener pentru a se asigura ca respectivul client este informat despre progresul cazului \u0219i c\u0103 munca este f\u0103cut\u0103 \u00een mod prompt \u0219i eficient.<\/p>\n<p>Atunci c\u00e2nd \u00eenregistr\u0103m onorarii pe baza timpului lucrat de c\u0103tre membrii echipei noastre, suntem bucuro\u0219i s\u0103 v\u0103 furniz\u0103m la cerere un estimat al posibilelor costuri pentru orice caz particular.<\/p>\n<p>Onorariile orare ale fic\u0103ruia dintre avoca\u021bii no\u0219tri pot varia \u00een func\u021bie de calific\u0103rile \u0219i experien\u021ba fiec\u0103ruia. Atunci c\u00e2nd primim o solicitare de la un client, vom analiza felul \u00een care munca implicat\u0103 poate fi f\u0103cut\u0103 \u00een mod eficient idin punct de vedere al costurilor \u0219i vom furniza detalii despre ratele orare ale avocatului sau avoca\u021bilor pe care \u00eei propunem pentru a se coupa de caz. \u00cen anumite cazuri v\u0103 putem oferi \u0219i rate orare standard (blended).<\/p>\n","protected":false},"excerpt":{"rendered":"<p>Home \u00bb Cum gener\u0103m valoare \u0423\u0441\u043b\u0443\u0433\u0438 Noi punem un accent special pe bunul sim\u021b, con\u0219tientizare comercial\u0103 \u0219i comunicare eficient\u0103. Aceasta include oferirea de consultan\u021b\u0103 direct\u0103 folosind un limbaj simplu \u0219i, de asemenea, ne facem timp pentru a \u00een\u021belege obiectivele de afaceri \u0219i comerciale ale clien\u021bilor no\u0219tri.. Lucr\u0103m \u00een str\u00e2ns\u0103 leg\u0103tur\u0103 at\u00e2t cu clien\u0163ii no\u015ftri c\u00e2t [&hellip;]<\/p>\n","protected":false},"author":1,"featured_media":0,"parent":0,"menu_order":0,"comment_status":"closed","ping_status":"closed","template":"","meta":{"_genesis_hide_title":false,"_genesis_hide_breadcrumbs":false,"_genesis_hide_singular_image":false,"_genesis_hide_footer_widgets":false,"_genesis_custom_body_class":"","_genesis_custom_post_class":"","_genesis_layout":"","footnotes":""},"coauthors":[],"class_list":{"0":"post-1596","1":"page","2":"type-page","3":"status-publish","5":"entry"},"yoast_head":"<!-- This site is optimized with the Yoast SEO plugin v24.2 - https:\/\/yoast.com\/wordpress\/plugins\/seo\/ -->\n<title>Cum gener\u0103m valoare - McGregor &amp; Partners Bucharest<\/title>\n<meta name=\"robots\" content=\"index, follow, max-snippet:-1, max-image-preview:large, max-video-preview:-1\" \/>\n<link rel=\"canonical\" href=\"https:\/\/www.mcgregorlegal.eu\/ro\/cum-generam-valoare\/\" \/>\n<meta property=\"og:locale\" content=\"ro_RO\" \/>\n<meta property=\"og:type\" content=\"article\" \/>\n<meta property=\"og:title\" content=\"Cum gener\u0103m valoare - McGregor &amp; Partners Bucharest\" \/>\n<meta property=\"og:description\" content=\"Home \u00bb Cum gener\u0103m valoare \u0423\u0441\u043b\u0443\u0433\u0438 Noi punem un accent special pe bunul sim\u021b, con\u0219tientizare comercial\u0103 \u0219i comunicare eficient\u0103. Aceasta include oferirea de consultan\u021b\u0103 direct\u0103 folosind un limbaj simplu \u0219i, de asemenea, ne facem timp pentru a \u00een\u021belege obiectivele de afaceri \u0219i comerciale ale clien\u021bilor no\u0219tri.. Lucr\u0103m \u00een str\u00e2ns\u0103 leg\u0103tur\u0103 at\u00e2t cu clien\u0163ii no\u015ftri c\u00e2t [&hellip;]\" \/>\n<meta property=\"og:url\" content=\"https:\/\/www.mcgregorlegal.eu\/ro\/cum-generam-valoare\/\" \/>\n<meta property=\"og:site_name\" content=\"McGregor &amp; Partners Bucharest\" \/>\n<meta name=\"twitter:card\" content=\"summary_large_image\" \/>\n<meta name=\"twitter:label1\" content=\"Timp estimat pentru citire\" \/>\n\t<meta name=\"twitter:data1\" content=\"1 minut\" \/>\n\t<meta name=\"twitter:label2\" content=\"Written by\" \/>\n\t<meta name=\"twitter:data2\" content=\"felix\" \/>\n<script type=\"application\/ld+json\" class=\"yoast-schema-graph\">{\"@context\":\"https:\/\/schema.org\",\"@graph\":[{\"@type\":\"WebPage\",\"@id\":\"https:\/\/www.mcgregorlegal.eu\/ro\/cum-generam-valoare\/\",\"url\":\"https:\/\/www.mcgregorlegal.eu\/ro\/cum-generam-valoare\/\",\"name\":\"Cum gener\u0103m valoare - McGregor &amp; Partners Bucharest\",\"isPartOf\":{\"@id\":\"https:\/\/www.mcgregorlegal.eu\/ro\/#website\"},\"datePublished\":\"2017-09-19T09:03:31+00:00\",\"dateModified\":\"2017-09-19T09:03:31+00:00\",\"breadcrumb\":{\"@id\":\"https:\/\/www.mcgregorlegal.eu\/ro\/cum-generam-valoare\/#breadcrumb\"},\"inLanguage\":\"ro-RO\",\"potentialAction\":[{\"@type\":\"ReadAction\",\"target\":[\"https:\/\/www.mcgregorlegal.eu\/ro\/cum-generam-valoare\/\"]}]},{\"@type\":\"BreadcrumbList\",\"@id\":\"https:\/\/www.mcgregorlegal.eu\/ro\/cum-generam-valoare\/#breadcrumb\",\"itemListElement\":[{\"@type\":\"ListItem\",\"position\":1,\"name\":\"Home\",\"item\":\"https:\/\/www.mcgregorlegal.eu\/ro\/\"},{\"@type\":\"ListItem\",\"position\":2,\"name\":\"Cum gener\u0103m valoare\"}]},{\"@type\":\"WebSite\",\"@id\":\"https:\/\/www.mcgregorlegal.eu\/ro\/#website\",\"url\":\"https:\/\/www.mcgregorlegal.eu\/ro\/\",\"name\":\"McGregor &amp; Partners Bucharest\",\"description\":\"o firm\u0103 de avocatur\u0103 de tip boutique, specializat\u0103 pe tranzac\u021bii comerciale\",\"potentialAction\":[{\"@type\":\"SearchAction\",\"target\":{\"@type\":\"EntryPoint\",\"urlTemplate\":\"https:\/\/www.mcgregorlegal.eu\/ro\/?s={search_term_string}\"},\"query-input\":{\"@type\":\"PropertyValueSpecification\",\"valueRequired\":true,\"valueName\":\"search_term_string\"}}],\"inLanguage\":\"ro-RO\"}]}<\/script>\n<!-- \/ Yoast SEO plugin. -->","yoast_head_json":{"title":"Cum gener\u0103m valoare - McGregor &amp; Partners Bucharest","robots":{"index":"index","follow":"follow","max-snippet":"max-snippet:-1","max-image-preview":"max-image-preview:large","max-video-preview":"max-video-preview:-1"},"canonical":"https:\/\/www.mcgregorlegal.eu\/ro\/cum-generam-valoare\/","og_locale":"ro_RO","og_type":"article","og_title":"Cum gener\u0103m valoare - McGregor &amp; Partners Bucharest","og_description":"Home \u00bb Cum gener\u0103m valoare \u0423\u0441\u043b\u0443\u0433\u0438 Noi punem un accent special pe bunul sim\u021b, con\u0219tientizare comercial\u0103 \u0219i comunicare eficient\u0103. Aceasta include oferirea de consultan\u021b\u0103 direct\u0103 folosind un limbaj simplu \u0219i, de asemenea, ne facem timp pentru a \u00een\u021belege obiectivele de afaceri \u0219i comerciale ale clien\u021bilor no\u0219tri.. Lucr\u0103m \u00een str\u00e2ns\u0103 leg\u0103tur\u0103 at\u00e2t cu clien\u0163ii no\u015ftri c\u00e2t [&hellip;]","og_url":"https:\/\/www.mcgregorlegal.eu\/ro\/cum-generam-valoare\/","og_site_name":"McGregor &amp; Partners Bucharest","twitter_card":"summary_large_image","twitter_misc":{"Timp estimat pentru citire":"1 minut","Written by":"felix"},"schema":{"@context":"https:\/\/schema.org","@graph":[{"@type":"WebPage","@id":"https:\/\/www.mcgregorlegal.eu\/ro\/cum-generam-valoare\/","url":"https:\/\/www.mcgregorlegal.eu\/ro\/cum-generam-valoare\/","name":"Cum gener\u0103m valoare - McGregor &amp; Partners Bucharest","isPartOf":{"@id":"https:\/\/www.mcgregorlegal.eu\/ro\/#website"},"datePublished":"2017-09-19T09:03:31+00:00","dateModified":"2017-09-19T09:03:31+00:00","breadcrumb":{"@id":"https:\/\/www.mcgregorlegal.eu\/ro\/cum-generam-valoare\/#breadcrumb"},"inLanguage":"ro-RO","potentialAction":[{"@type":"ReadAction","target":["https:\/\/www.mcgregorlegal.eu\/ro\/cum-generam-valoare\/"]}]},{"@type":"BreadcrumbList","@id":"https:\/\/www.mcgregorlegal.eu\/ro\/cum-generam-valoare\/#breadcrumb","itemListElement":[{"@type":"ListItem","position":1,"name":"Home","item":"https:\/\/www.mcgregorlegal.eu\/ro\/"},{"@type":"ListItem","position":2,"name":"Cum gener\u0103m valoare"}]},{"@type":"WebSite","@id":"https:\/\/www.mcgregorlegal.eu\/ro\/#website","url":"https:\/\/www.mcgregorlegal.eu\/ro\/","name":"McGregor &amp; Partners Bucharest","description":"o firm\u0103 de avocatur\u0103 de tip boutique, specializat\u0103 pe tranzac\u021bii comerciale","potentialAction":[{"@type":"SearchAction","target":{"@type":"EntryPoint","urlTemplate":"https:\/\/www.mcgregorlegal.eu\/ro\/?s={search_term_string}"},"query-input":{"@type":"PropertyValueSpecification","valueRequired":true,"valueName":"search_term_string"}}],"inLanguage":"ro-RO"}]}},"_links":{"self":[{"href":"https:\/\/www.mcgregorlegal.eu\/ro\/wp-json\/wp\/v2\/pages\/1596","targetHints":{"allow":["GET"]}}],"collection":[{"href":"https:\/\/www.mcgregorlegal.eu\/ro\/wp-json\/wp\/v2\/pages"}],"about":[{"href":"https:\/\/www.mcgregorlegal.eu\/ro\/wp-json\/wp\/v2\/types\/page"}],"author":[{"embeddable":true,"href":"https:\/\/www.mcgregorlegal.eu\/ro\/wp-json\/wp\/v2\/users\/1"}],"replies":[{"embeddable":true,"href":"https:\/\/www.mcgregorlegal.eu\/ro\/wp-json\/wp\/v2\/comments?post=1596"}],"version-history":[{"count":0,"href":"https:\/\/www.mcgregorlegal.eu\/ro\/wp-json\/wp\/v2\/pages\/1596\/revisions"}],"wp:attachment":[{"href":"https:\/\/www.mcgregorlegal.eu\/ro\/wp-json\/wp\/v2\/media?parent=1596"}],"wp:term":[{"taxonomy":"author","embeddable":true,"href":"https:\/\/www.mcgregorlegal.eu\/ro\/wp-json\/wp\/v2\/coauthors?post=1596"}],"curies":[{"name":"wp","href":"https:\/\/api.w.org\/{rel}","templated":true}]}}