{"id":1599,"date":"2017-09-19T09:04:38","date_gmt":"2017-09-19T09:04:38","guid":{"rendered":"http:\/\/mcg.prearechin.ro\/?page_id=1599"},"modified":"2018-10-19T11:46:37","modified_gmt":"2018-10-19T11:46:37","slug":"recrutare","status":"publish","type":"page","link":"https:\/\/www.mcgregorlegal.eu\/ro\/recrutare\/","title":{"rendered":"Recrutare"},"content":{"rendered":"<p>Suntem o echip\u0103 prietenoas\u0103 unde avoca\u0163ii sunt \u00eencuraja\u0163i s\u0103 \u00ee\u015fi dezvolte cuno\u015ftin\u0163ele \u00een materie de legisla\u0163ie \u015fi abilit\u0103\u0163ile tehnice. Ne dorim de asemeni s\u0103-i profite de ocazia de a lucra \u00eempreun\u0103 cu colegii din alte \u0163\u0103ri pentru a-\u015fi \u00eembun\u0103t\u0103\u0163i abilit\u0103\u0163ile profesionale.<\/p>\n<p>To\u0163i membrii echipei noastre lucreaz\u0103 cu clien\u0163ii \u015fi sunt \u00eencuraja\u0163i s\u0103 profite de oportunit\u0103\u0163ile ap\u0103rute pentru a dezvolta activitatea firmei.<\/p>\n<p>Acord\u0103m o importan\u0163\u0103 deosebit\u0103 faptului c\u0103 avoca\u0163ii s\u0103 lucreze ca membri ai echipei pentru ca servi interesele clientului. Clien\u0163ii no\u015fti sunt clien\u0163ii firmei \u015fi nu ai unui singur avocat.<\/p>\n<p>Fiind avoca\u0163i, activ\u0103m \u00een domeniul cunoa\u015fterii. \u00centreg personalul nostru este \u00eencurajat s\u0103 foloseasc\u0103 tehnologia informa\u0163iei (harware \u015fi software) \u00een mod eficient pentru a se asigura c\u0103 clien\u0163ii no\u015ftri primesc servicii irepro\u015fabile.<\/p>\n<p>Oferim angaja\u0163ilor no\u015ftri un loc de munc\u0103 pl\u0103cut \u015fi un pachet salarial competitiv \u00eempreun\u0103 cu alte beneficii.<\/p>\n<p>Sunt binevenite orice cereri din partea avoca\u0163ilor califica\u0163i \u00een Rom\u00e2nia sau Bulgaria, \u015fi din partea studen\u0163ilor care inten\u0163ioneaz\u0103 s\u0103 devin\u0103 avoca\u0163i \u00een \u0163\u0103rile respective.<\/p>\n<p>Sunt, de asemeni binevenite orice cereri din partea avoca\u0163ilor califica\u0163i \u00een alte \u0163\u0103ri care doresc s\u0103 lucreze cu noi \u00een Europa central\u0103 \u015fi de sud. Cererile privitoare la lucrul \u00eempreun\u0103 cu noi vor fi trimise, \u00eempreun\u0103 cu un CV, la <a href=\"mailto:jobs@mcgregorlegal.eu\">jobs@mcgregorlegal.eu<\/a><\/p>\n<p>Din moment ce limba englez\u0103 este cea folosit\u0103 de majoritatea clien\u0163ilor no\u015ftri, scrisorile de inten\u0163ie \u015fi CV-urile vor fi trimise \u00een aceasta limba.<\/p>\n<p>McGregor &amp; Partners nu face discrimin\u0103ri \u00eentre aplican\u0163i \u00een ceea ce prive\u015fte sexul, originile etnice sau altele pe care nu le consider\u0103m relevante pentru abilit\u0103\u0163ile de a lucra eficient ca membru al echipei noastre.<\/p>\n","protected":false},"excerpt":{"rendered":"<p>Suntem o echip\u0103 prietenoas\u0103 unde avoca\u0163ii sunt \u00eencuraja\u0163i s\u0103 \u00ee\u015fi dezvolte cuno\u015ftin\u0163ele \u00een materie de legisla\u0163ie \u015fi abilit\u0103\u0163ile tehnice. Ne dorim de asemeni s\u0103-i profite de ocazia de a lucra \u00eempreun\u0103 cu colegii din alte \u0163\u0103ri pentru a-\u015fi \u00eembun\u0103t\u0103\u0163i abilit\u0103\u0163ile profesionale. To\u0163i membrii echipei noastre lucreaz\u0103 cu clien\u0163ii \u015fi sunt \u00eencuraja\u0163i s\u0103 profite de oportunit\u0103\u0163ile [&hellip;]<\/p>\n","protected":false},"author":1,"featured_media":0,"parent":0,"menu_order":0,"comment_status":"closed","ping_status":"closed","template":"","meta":{"_genesis_hide_title":false,"_genesis_hide_breadcrumbs":false,"_genesis_hide_singular_image":false,"_genesis_hide_footer_widgets":false,"_genesis_custom_body_class":"","_genesis_custom_post_class":"","_genesis_layout":"","footnotes":""},"coauthors":[],"class_list":{"0":"post-1599","1":"page","2":"type-page","3":"status-publish","5":"entry"},"yoast_head":"<!-- This site is optimized with the Yoast SEO plugin v24.2 - https:\/\/yoast.com\/wordpress\/plugins\/seo\/ -->\n<title>Recrutare - McGregor &amp; Partners Bucharest<\/title>\n<meta name=\"robots\" content=\"index, follow, max-snippet:-1, max-image-preview:large, max-video-preview:-1\" \/>\n<link rel=\"canonical\" href=\"https:\/\/www.mcgregorlegal.eu\/ro\/recrutare\/\" \/>\n<meta property=\"og:locale\" content=\"ro_RO\" \/>\n<meta property=\"og:type\" content=\"article\" \/>\n<meta property=\"og:title\" content=\"Recrutare - McGregor &amp; Partners Bucharest\" \/>\n<meta property=\"og:description\" content=\"Suntem o echip\u0103 prietenoas\u0103 unde avoca\u0163ii sunt \u00eencuraja\u0163i s\u0103 \u00ee\u015fi dezvolte cuno\u015ftin\u0163ele \u00een materie de legisla\u0163ie \u015fi abilit\u0103\u0163ile tehnice. Ne dorim de asemeni s\u0103-i profite de ocazia de a lucra \u00eempreun\u0103 cu colegii din alte \u0163\u0103ri pentru a-\u015fi \u00eembun\u0103t\u0103\u0163i abilit\u0103\u0163ile profesionale. To\u0163i membrii echipei noastre lucreaz\u0103 cu clien\u0163ii \u015fi sunt \u00eencuraja\u0163i s\u0103 profite de oportunit\u0103\u0163ile [&hellip;]\" \/>\n<meta property=\"og:url\" content=\"https:\/\/www.mcgregorlegal.eu\/ro\/recrutare\/\" \/>\n<meta property=\"og:site_name\" content=\"McGregor &amp; Partners Bucharest\" \/>\n<meta property=\"article:modified_time\" content=\"2018-10-19T11:46:37+00:00\" \/>\n<meta name=\"twitter:card\" content=\"summary_large_image\" \/>\n<meta name=\"twitter:label1\" content=\"Timp estimat pentru citire\" \/>\n\t<meta name=\"twitter:data1\" content=\"2 minute\" \/>\n\t<meta name=\"twitter:label2\" content=\"Written by\" \/>\n\t<meta name=\"twitter:data2\" content=\"felix\" \/>\n<script type=\"application\/ld+json\" class=\"yoast-schema-graph\">{\"@context\":\"https:\/\/schema.org\",\"@graph\":[{\"@type\":\"WebPage\",\"@id\":\"https:\/\/www.mcgregorlegal.eu\/ro\/recrutare\/\",\"url\":\"https:\/\/www.mcgregorlegal.eu\/ro\/recrutare\/\",\"name\":\"Recrutare - McGregor &amp; Partners Bucharest\",\"isPartOf\":{\"@id\":\"https:\/\/www.mcgregorlegal.eu\/ro\/#website\"},\"datePublished\":\"2017-09-19T09:04:38+00:00\",\"dateModified\":\"2018-10-19T11:46:37+00:00\",\"breadcrumb\":{\"@id\":\"https:\/\/www.mcgregorlegal.eu\/ro\/recrutare\/#breadcrumb\"},\"inLanguage\":\"ro-RO\",\"potentialAction\":[{\"@type\":\"ReadAction\",\"target\":[\"https:\/\/www.mcgregorlegal.eu\/ro\/recrutare\/\"]}]},{\"@type\":\"BreadcrumbList\",\"@id\":\"https:\/\/www.mcgregorlegal.eu\/ro\/recrutare\/#breadcrumb\",\"itemListElement\":[{\"@type\":\"ListItem\",\"position\":1,\"name\":\"Home\",\"item\":\"https:\/\/www.mcgregorlegal.eu\/ro\/\"},{\"@type\":\"ListItem\",\"position\":2,\"name\":\"Recrutare\"}]},{\"@type\":\"WebSite\",\"@id\":\"https:\/\/www.mcgregorlegal.eu\/ro\/#website\",\"url\":\"https:\/\/www.mcgregorlegal.eu\/ro\/\",\"name\":\"McGregor &amp; Partners Bucharest\",\"description\":\"o firm\u0103 de avocatur\u0103 de tip boutique, specializat\u0103 pe tranzac\u021bii comerciale\",\"potentialAction\":[{\"@type\":\"SearchAction\",\"target\":{\"@type\":\"EntryPoint\",\"urlTemplate\":\"https:\/\/www.mcgregorlegal.eu\/ro\/?s={search_term_string}\"},\"query-input\":{\"@type\":\"PropertyValueSpecification\",\"valueRequired\":true,\"valueName\":\"search_term_string\"}}],\"inLanguage\":\"ro-RO\"}]}<\/script>\n<!-- \/ Yoast SEO plugin. -->","yoast_head_json":{"title":"Recrutare - McGregor &amp; Partners Bucharest","robots":{"index":"index","follow":"follow","max-snippet":"max-snippet:-1","max-image-preview":"max-image-preview:large","max-video-preview":"max-video-preview:-1"},"canonical":"https:\/\/www.mcgregorlegal.eu\/ro\/recrutare\/","og_locale":"ro_RO","og_type":"article","og_title":"Recrutare - McGregor &amp; Partners Bucharest","og_description":"Suntem o echip\u0103 prietenoas\u0103 unde avoca\u0163ii sunt \u00eencuraja\u0163i s\u0103 \u00ee\u015fi dezvolte cuno\u015ftin\u0163ele \u00een materie de legisla\u0163ie \u015fi abilit\u0103\u0163ile tehnice. Ne dorim de asemeni s\u0103-i profite de ocazia de a lucra \u00eempreun\u0103 cu colegii din alte \u0163\u0103ri pentru a-\u015fi \u00eembun\u0103t\u0103\u0163i abilit\u0103\u0163ile profesionale. To\u0163i membrii echipei noastre lucreaz\u0103 cu clien\u0163ii \u015fi sunt \u00eencuraja\u0163i s\u0103 profite de oportunit\u0103\u0163ile [&hellip;]","og_url":"https:\/\/www.mcgregorlegal.eu\/ro\/recrutare\/","og_site_name":"McGregor &amp; Partners Bucharest","article_modified_time":"2018-10-19T11:46:37+00:00","twitter_card":"summary_large_image","twitter_misc":{"Timp estimat pentru citire":"2 minute","Written by":"felix"},"schema":{"@context":"https:\/\/schema.org","@graph":[{"@type":"WebPage","@id":"https:\/\/www.mcgregorlegal.eu\/ro\/recrutare\/","url":"https:\/\/www.mcgregorlegal.eu\/ro\/recrutare\/","name":"Recrutare - McGregor &amp; Partners Bucharest","isPartOf":{"@id":"https:\/\/www.mcgregorlegal.eu\/ro\/#website"},"datePublished":"2017-09-19T09:04:38+00:00","dateModified":"2018-10-19T11:46:37+00:00","breadcrumb":{"@id":"https:\/\/www.mcgregorlegal.eu\/ro\/recrutare\/#breadcrumb"},"inLanguage":"ro-RO","potentialAction":[{"@type":"ReadAction","target":["https:\/\/www.mcgregorlegal.eu\/ro\/recrutare\/"]}]},{"@type":"BreadcrumbList","@id":"https:\/\/www.mcgregorlegal.eu\/ro\/recrutare\/#breadcrumb","itemListElement":[{"@type":"ListItem","position":1,"name":"Home","item":"https:\/\/www.mcgregorlegal.eu\/ro\/"},{"@type":"ListItem","position":2,"name":"Recrutare"}]},{"@type":"WebSite","@id":"https:\/\/www.mcgregorlegal.eu\/ro\/#website","url":"https:\/\/www.mcgregorlegal.eu\/ro\/","name":"McGregor &amp; Partners Bucharest","description":"o firm\u0103 de avocatur\u0103 de tip boutique, specializat\u0103 pe tranzac\u021bii comerciale","potentialAction":[{"@type":"SearchAction","target":{"@type":"EntryPoint","urlTemplate":"https:\/\/www.mcgregorlegal.eu\/ro\/?s={search_term_string}"},"query-input":{"@type":"PropertyValueSpecification","valueRequired":true,"valueName":"search_term_string"}}],"inLanguage":"ro-RO"}]}},"_links":{"self":[{"href":"https:\/\/www.mcgregorlegal.eu\/ro\/wp-json\/wp\/v2\/pages\/1599","targetHints":{"allow":["GET"]}}],"collection":[{"href":"https:\/\/www.mcgregorlegal.eu\/ro\/wp-json\/wp\/v2\/pages"}],"about":[{"href":"https:\/\/www.mcgregorlegal.eu\/ro\/wp-json\/wp\/v2\/types\/page"}],"author":[{"embeddable":true,"href":"https:\/\/www.mcgregorlegal.eu\/ro\/wp-json\/wp\/v2\/users\/1"}],"replies":[{"embeddable":true,"href":"https:\/\/www.mcgregorlegal.eu\/ro\/wp-json\/wp\/v2\/comments?post=1599"}],"version-history":[{"count":2,"href":"https:\/\/www.mcgregorlegal.eu\/ro\/wp-json\/wp\/v2\/pages\/1599\/revisions"}],"predecessor-version":[{"id":2589,"href":"https:\/\/www.mcgregorlegal.eu\/ro\/wp-json\/wp\/v2\/pages\/1599\/revisions\/2589"}],"wp:attachment":[{"href":"https:\/\/www.mcgregorlegal.eu\/ro\/wp-json\/wp\/v2\/media?parent=1599"}],"wp:term":[{"taxonomy":"author","embeddable":true,"href":"https:\/\/www.mcgregorlegal.eu\/ro\/wp-json\/wp\/v2\/coauthors?post=1599"}],"curies":[{"name":"wp","href":"https:\/\/api.w.org\/{rel}","templated":true}]}}