{"id":2134,"date":"2018-06-08T11:56:27","date_gmt":"2018-06-08T08:56:27","guid":{"rendered":"http:\/\/mcg.prearechin.ro\/?page_id=2134"},"modified":"2018-10-19T07:54:19","modified_gmt":"2018-10-19T07:54:19","slug":"noutati","status":"publish","type":"page","link":"https:\/\/www.mcgregorlegal.eu\/ro\/noutati\/","title":{"rendered":"Nout\u0103\u021bi"},"content":{"rendered":"<span><span><a href=\"https:\/\/www.mcgregorlegal.eu\/ro\/\">Home<\/a><\/span><\/span>\n<h2>\n\t\t\u0423\u0441\u043b\u0443\u0433\u0438<br \/>\n\t<\/h2>\n<p>\t<meta itemscope itemprop=\"mainEntityOfPage\" itemtype=\"https:\/\/schema.org\/WebPage\" itemid=\"https:\/\/www.mcgregorlegal.eu\/ro\/press-release\/stire-mcgregor\/\" content=\"Stire McGregor\" \/><meta itemprop=\"datePublished\" content=\"2018-10-19\" \/><meta itemprop=\"dateModified\" content=\"2018-10-19\" \/><meta itemprop=\"name\" content=\"McGregor &amp; Partners Bucharest\"\/><meta itemprop=\"url\" content=\"https:\/\/www.mcgregorlegal.eu\/ro\/author\/felix\/\" \/><meta itemprop=\"name\" content=\"felix\" \/><meta itemprop=\"url\" content=\"https:\/\/www.mcgregorlegal.eu\/ro\/wp-content\/uploads\/sites\/2\/2015\/10\/renewable-energy.jpg\" \/><meta itemprop=\"width\" content=\"500\" \/><meta itemprop=\"height\" content=\"400\" \/><meta itemprop=\"interactionType\" content=\"http:\/\/schema.org\/CommentAction\" \/><meta itemprop=\"userInteractionCount\" content=\"0\" \/><br \/>\n\t\t\t<a href=\"https:\/\/www.mcgregorlegal.eu\/ro\/press-release\/stire-mcgregor\/\"><\/a><br \/>\n\t\t\t\t<img loading=\"lazy\" decoding=\"async\" src=\"https:\/\/www.mcgregorlegal.eu\/ro\/wp-content\/uploads\/sites\/2\/bb-plugin\/cache\/renewable-energy-panorama.jpg\" alt=\"renewable-energy\" itemprop=\"image\" data-no-lazy=\"1\" height=\"400\" width=\"500\" title=\"renewable-energy\"  \/><br \/>\n\t\t\toct.<br \/>\n\t\t\t19<\/p>\n<h2 itemprop=\"headline\">\n\t\t\t\t\t\t\t\t\t\t\t\tStire McGregor\t\t\t\t\t\t\t\t\t<\/h2>\n<p>\t\t\t\t\tBy <a href=\"https:\/\/www.mcgregorlegal.eu\/ro\/author\/felix\/\">felix<\/a>\t\t\t\t\t<\/p>\n<p>Lorem ipsum dolor sit amet, consectetur adipiscing elit, sed do eiusmod tempor incididunt ut labore et dolore magna aliqua. Ut enim ad minim veniam, quis nostrud exercitation ullamco laboris nisi ut aliquip ex ea commodo consequat. Duis aute irure dolor in reprehenderit in voluptate velit esse cillum dolore eu fugiat nulla pariatur. Excepteur sint occaecat [&hellip;]<\/p>\n","protected":false},"excerpt":{"rendered":"<p>\u0423\u0441\u043b\u0443\u0433\u0438 oct. 19 Stire McGregor By felix Lorem ipsum dolor sit amet, consectetur adipiscing elit, sed do eiusmod tempor incididunt ut labore et dolore magna aliqua. Ut enim ad minim veniam, quis nostrud exercitation ullamco laboris nisi ut aliquip ex ea commodo consequat. Duis aute irure dolor in reprehenderit in voluptate velit esse cillum dolore [&hellip;]<\/p>\n","protected":false},"author":1,"featured_media":0,"parent":0,"menu_order":0,"comment_status":"closed","ping_status":"closed","template":"","meta":{"_genesis_hide_title":false,"_genesis_hide_breadcrumbs":false,"_genesis_hide_singular_image":false,"_genesis_hide_footer_widgets":false,"_genesis_custom_body_class":"","_genesis_custom_post_class":"","_genesis_layout":"","footnotes":""},"coauthors":[],"class_list":{"0":"post-2134","1":"page","2":"type-page","3":"status-publish","5":"entry"},"yoast_head":"<!-- This site is optimized with the Yoast SEO plugin v24.2 - https:\/\/yoast.com\/wordpress\/plugins\/seo\/ -->\n<title>Nout\u0103\u021bi - McGregor &amp; Partners Bucharest<\/title>\n<meta name=\"robots\" content=\"index, follow, max-snippet:-1, max-image-preview:large, max-video-preview:-1\" \/>\n<link rel=\"canonical\" href=\"https:\/\/www.mcgregorlegal.eu\/ro\/noutati\/\" \/>\n<meta property=\"og:locale\" content=\"ro_RO\" \/>\n<meta property=\"og:type\" content=\"article\" \/>\n<meta property=\"og:title\" content=\"Nout\u0103\u021bi - McGregor &amp; Partners Bucharest\" \/>\n<meta property=\"og:description\" content=\"\u0423\u0441\u043b\u0443\u0433\u0438 oct. 19 Stire McGregor By felix Lorem ipsum dolor sit amet, consectetur adipiscing elit, sed do eiusmod tempor incididunt ut labore et dolore magna aliqua. Ut enim ad minim veniam, quis nostrud exercitation ullamco laboris nisi ut aliquip ex ea commodo consequat. Duis aute irure dolor in reprehenderit in voluptate velit esse cillum dolore [&hellip;]\" \/>\n<meta property=\"og:url\" content=\"https:\/\/www.mcgregorlegal.eu\/ro\/noutati\/\" \/>\n<meta property=\"og:site_name\" content=\"McGregor &amp; Partners Bucharest\" \/>\n<meta property=\"article:modified_time\" content=\"2018-10-19T07:54:19+00:00\" \/>\n<meta property=\"og:image\" content=\"https:\/\/www.mcgregorlegal.eu\/ro\/wp-content\/uploads\/sites\/2\/bb-plugin\/cache\/renewable-energy-panorama.jpg\" \/>\n<meta name=\"twitter:card\" content=\"summary_large_image\" \/>\n<meta name=\"twitter:label1\" content=\"Written by\" \/>\n\t<meta name=\"twitter:data1\" content=\"felix\" \/>\n<script type=\"application\/ld+json\" class=\"yoast-schema-graph\">{\"@context\":\"https:\/\/schema.org\",\"@graph\":[{\"@type\":\"WebPage\",\"@id\":\"https:\/\/www.mcgregorlegal.eu\/ro\/noutati\/\",\"url\":\"https:\/\/www.mcgregorlegal.eu\/ro\/noutati\/\",\"name\":\"Nout\u0103\u021bi - McGregor &amp; Partners Bucharest\",\"isPartOf\":{\"@id\":\"https:\/\/www.mcgregorlegal.eu\/ro\/#website\"},\"primaryImageOfPage\":{\"@id\":\"https:\/\/www.mcgregorlegal.eu\/ro\/noutati\/#primaryimage\"},\"image\":{\"@id\":\"https:\/\/www.mcgregorlegal.eu\/ro\/noutati\/#primaryimage\"},\"thumbnailUrl\":\"https:\/\/www.mcgregorlegal.eu\/ro\/wp-content\/uploads\/sites\/2\/bb-plugin\/cache\/renewable-energy-panorama.jpg\",\"datePublished\":\"2018-06-08T08:56:27+00:00\",\"dateModified\":\"2018-10-19T07:54:19+00:00\",\"breadcrumb\":{\"@id\":\"https:\/\/www.mcgregorlegal.eu\/ro\/noutati\/#breadcrumb\"},\"inLanguage\":\"ro-RO\",\"potentialAction\":[{\"@type\":\"ReadAction\",\"target\":[\"https:\/\/www.mcgregorlegal.eu\/ro\/noutati\/\"]}]},{\"@type\":\"ImageObject\",\"inLanguage\":\"ro-RO\",\"@id\":\"https:\/\/www.mcgregorlegal.eu\/ro\/noutati\/#primaryimage\",\"url\":\"https:\/\/www.mcgregorlegal.eu\/ro\/wp-content\/uploads\/sites\/2\/bb-plugin\/cache\/renewable-energy-panorama.jpg\",\"contentUrl\":\"https:\/\/www.mcgregorlegal.eu\/ro\/wp-content\/uploads\/sites\/2\/bb-plugin\/cache\/renewable-energy-panorama.jpg\"},{\"@type\":\"BreadcrumbList\",\"@id\":\"https:\/\/www.mcgregorlegal.eu\/ro\/noutati\/#breadcrumb\",\"itemListElement\":[{\"@type\":\"ListItem\",\"position\":1,\"name\":\"Home\",\"item\":\"https:\/\/www.mcgregorlegal.eu\/ro\/\"},{\"@type\":\"ListItem\",\"position\":2,\"name\":\"Nout\u0103\u021bi\"}]},{\"@type\":\"WebSite\",\"@id\":\"https:\/\/www.mcgregorlegal.eu\/ro\/#website\",\"url\":\"https:\/\/www.mcgregorlegal.eu\/ro\/\",\"name\":\"McGregor &amp; Partners Bucharest\",\"description\":\"o firm\u0103 de avocatur\u0103 de tip boutique, specializat\u0103 pe tranzac\u021bii comerciale\",\"potentialAction\":[{\"@type\":\"SearchAction\",\"target\":{\"@type\":\"EntryPoint\",\"urlTemplate\":\"https:\/\/www.mcgregorlegal.eu\/ro\/?s={search_term_string}\"},\"query-input\":{\"@type\":\"PropertyValueSpecification\",\"valueRequired\":true,\"valueName\":\"search_term_string\"}}],\"inLanguage\":\"ro-RO\"}]}<\/script>\n<!-- \/ Yoast SEO plugin. -->","yoast_head_json":{"title":"Nout\u0103\u021bi - McGregor &amp; Partners Bucharest","robots":{"index":"index","follow":"follow","max-snippet":"max-snippet:-1","max-image-preview":"max-image-preview:large","max-video-preview":"max-video-preview:-1"},"canonical":"https:\/\/www.mcgregorlegal.eu\/ro\/noutati\/","og_locale":"ro_RO","og_type":"article","og_title":"Nout\u0103\u021bi - McGregor &amp; Partners Bucharest","og_description":"\u0423\u0441\u043b\u0443\u0433\u0438 oct. 19 Stire McGregor By felix Lorem ipsum dolor sit amet, consectetur adipiscing elit, sed do eiusmod tempor incididunt ut labore et dolore magna aliqua. Ut enim ad minim veniam, quis nostrud exercitation ullamco laboris nisi ut aliquip ex ea commodo consequat. Duis aute irure dolor in reprehenderit in voluptate velit esse cillum dolore [&hellip;]","og_url":"https:\/\/www.mcgregorlegal.eu\/ro\/noutati\/","og_site_name":"McGregor &amp; Partners Bucharest","article_modified_time":"2018-10-19T07:54:19+00:00","og_image":[{"url":"https:\/\/www.mcgregorlegal.eu\/ro\/wp-content\/uploads\/sites\/2\/bb-plugin\/cache\/renewable-energy-panorama.jpg","type":"","width":"","height":""}],"twitter_card":"summary_large_image","twitter_misc":{"Written by":"felix"},"schema":{"@context":"https:\/\/schema.org","@graph":[{"@type":"WebPage","@id":"https:\/\/www.mcgregorlegal.eu\/ro\/noutati\/","url":"https:\/\/www.mcgregorlegal.eu\/ro\/noutati\/","name":"Nout\u0103\u021bi - McGregor &amp; Partners Bucharest","isPartOf":{"@id":"https:\/\/www.mcgregorlegal.eu\/ro\/#website"},"primaryImageOfPage":{"@id":"https:\/\/www.mcgregorlegal.eu\/ro\/noutati\/#primaryimage"},"image":{"@id":"https:\/\/www.mcgregorlegal.eu\/ro\/noutati\/#primaryimage"},"thumbnailUrl":"https:\/\/www.mcgregorlegal.eu\/ro\/wp-content\/uploads\/sites\/2\/bb-plugin\/cache\/renewable-energy-panorama.jpg","datePublished":"2018-06-08T08:56:27+00:00","dateModified":"2018-10-19T07:54:19+00:00","breadcrumb":{"@id":"https:\/\/www.mcgregorlegal.eu\/ro\/noutati\/#breadcrumb"},"inLanguage":"ro-RO","potentialAction":[{"@type":"ReadAction","target":["https:\/\/www.mcgregorlegal.eu\/ro\/noutati\/"]}]},{"@type":"ImageObject","inLanguage":"ro-RO","@id":"https:\/\/www.mcgregorlegal.eu\/ro\/noutati\/#primaryimage","url":"https:\/\/www.mcgregorlegal.eu\/ro\/wp-content\/uploads\/sites\/2\/bb-plugin\/cache\/renewable-energy-panorama.jpg","contentUrl":"https:\/\/www.mcgregorlegal.eu\/ro\/wp-content\/uploads\/sites\/2\/bb-plugin\/cache\/renewable-energy-panorama.jpg"},{"@type":"BreadcrumbList","@id":"https:\/\/www.mcgregorlegal.eu\/ro\/noutati\/#breadcrumb","itemListElement":[{"@type":"ListItem","position":1,"name":"Home","item":"https:\/\/www.mcgregorlegal.eu\/ro\/"},{"@type":"ListItem","position":2,"name":"Nout\u0103\u021bi"}]},{"@type":"WebSite","@id":"https:\/\/www.mcgregorlegal.eu\/ro\/#website","url":"https:\/\/www.mcgregorlegal.eu\/ro\/","name":"McGregor &amp; Partners Bucharest","description":"o firm\u0103 de avocatur\u0103 de tip boutique, specializat\u0103 pe tranzac\u021bii comerciale","potentialAction":[{"@type":"SearchAction","target":{"@type":"EntryPoint","urlTemplate":"https:\/\/www.mcgregorlegal.eu\/ro\/?s={search_term_string}"},"query-input":{"@type":"PropertyValueSpecification","valueRequired":true,"valueName":"search_term_string"}}],"inLanguage":"ro-RO"}]}},"_links":{"self":[{"href":"https:\/\/www.mcgregorlegal.eu\/ro\/wp-json\/wp\/v2\/pages\/2134","targetHints":{"allow":["GET"]}}],"collection":[{"href":"https:\/\/www.mcgregorlegal.eu\/ro\/wp-json\/wp\/v2\/pages"}],"about":[{"href":"https:\/\/www.mcgregorlegal.eu\/ro\/wp-json\/wp\/v2\/types\/page"}],"author":[{"embeddable":true,"href":"https:\/\/www.mcgregorlegal.eu\/ro\/wp-json\/wp\/v2\/users\/1"}],"replies":[{"embeddable":true,"href":"https:\/\/www.mcgregorlegal.eu\/ro\/wp-json\/wp\/v2\/comments?post=2134"}],"version-history":[{"count":2,"href":"https:\/\/www.mcgregorlegal.eu\/ro\/wp-json\/wp\/v2\/pages\/2134\/revisions"}],"predecessor-version":[{"id":2569,"href":"https:\/\/www.mcgregorlegal.eu\/ro\/wp-json\/wp\/v2\/pages\/2134\/revisions\/2569"}],"wp:attachment":[{"href":"https:\/\/www.mcgregorlegal.eu\/ro\/wp-json\/wp\/v2\/media?parent=2134"}],"wp:term":[{"taxonomy":"author","embeddable":true,"href":"https:\/\/www.mcgregorlegal.eu\/ro\/wp-json\/wp\/v2\/coauthors?post=2134"}],"curies":[{"name":"wp","href":"https:\/\/api.w.org\/{rel}","templated":true}]}}